{"id":12595,"date":"2025-05-25T16:47:03","date_gmt":"2025-05-25T08:47:03","guid":{"rendered":"https:\/\/aolait.com\/?post_type=product&#038;p=12595"},"modified":"2025-10-21T19:03:56","modified_gmt":"2025-10-21T11:03:56","slug":"19x40w-led-moving-head-wash-ip65","status":"publish","type":"product","link":"https:\/\/aolait.com\/fr\/produit\/19x40w-led-moving-head-wash-ip65\/","title":{"rendered":"19x40W Led Moving Head Wash IP65"},"content":{"rendered":"<p>Source lumineuse : 19 \u00d7 40W RGBW LED<\/p>\n\n\n\n<p>DMX Channels:18\/21\/35\/78\/94\/111CH<\/p>\n\n\n\n<p>Mouvement : Pan540 \u00b0\/Tilt 220 \u00b0<\/p>\n\n\n\n<p>Angle de zoom : 5\u00b0 \u00e0 45\u00b0.<\/p>\n\n\n\n<p>Effet\uff1a macro-fonction d'effet statique et macro-fonction d'effet dynamique<\/p>\n\n\n\n<p>Classe IP\uff1a IP65<\/p>\n\n\n\n<p>Taille : 562x408x240mm\/23.5kgs<\/p>","protected":false},"excerpt":{"rendered":"<p>Projecteur r\u00e9sistant aux intemp\u00e9ries, panoramique 540\u00b0, inclinaison 220\u00b0, refroidissement silencieux, m\u00e9lange de couleurs RGBW et contr\u00f4le DMX. Parfait pour les \u00e9v\u00e9nements ext\u00e9rieurs, les festivals et l'\u00e9clairage architectural, ainsi que pour les sc\u00e8nes, les monuments et les environnements difficiles.<\/p>","protected":false},"featured_media":13383,"comment_status":"open","ping_status":"closed","template":"","meta":{"_acf_changed":false,"_seopress_robots_primary_cat":"none","_seopress_titles_title":"19x40W Led Moving Head Wash IP65","_seopress_titles_desc":"Weatherproof fixture ,540\u00b0 pan,Tilt 220 \u00b0, and silent cooling ,RGBW color mixing & dmx control. Perfect for outdoor events, festivals, and architectural lighting,as well as for stages, monuments and harsh environments.","_seopress_robots_index":""},"product_brand":[],"product_cat":[28,403],"product_tag":[],"class_list":{"0":"post-12595","1":"product","2":"type-product","3":"status-publish","4":"has-post-thumbnail","6":"product_cat-led-wash-moving-head","7":"product_cat-product","9":"first","10":"instock","11":"shipping-taxable","12":"product-type-simple"},"acf":[],"_links":{"self":[{"href":"https:\/\/aolait.com\/fr\/wp-json\/wp\/v2\/product\/12595","targetHints":{"allow":["GET"]}}],"collection":[{"href":"https:\/\/aolait.com\/fr\/wp-json\/wp\/v2\/product"}],"about":[{"href":"https:\/\/aolait.com\/fr\/wp-json\/wp\/v2\/types\/product"}],"replies":[{"embeddable":true,"href":"https:\/\/aolait.com\/fr\/wp-json\/wp\/v2\/comments?post=12595"}],"wp:featuredmedia":[{"embeddable":true,"href":"https:\/\/aolait.com\/fr\/wp-json\/wp\/v2\/media\/13383"}],"wp:attachment":[{"href":"https:\/\/aolait.com\/fr\/wp-json\/wp\/v2\/media?parent=12595"}],"wp:term":[{"taxonomy":"product_brand","embeddable":true,"href":"https:\/\/aolait.com\/fr\/wp-json\/wp\/v2\/product_brand?post=12595"},{"taxonomy":"product_cat","embeddable":true,"href":"https:\/\/aolait.com\/fr\/wp-json\/wp\/v2\/product_cat?post=12595"},{"taxonomy":"product_tag","embeddable":true,"href":"https:\/\/aolait.com\/fr\/wp-json\/wp\/v2\/product_tag?post=12595"}],"curies":[{"name":"wp","href":"https:\/\/api.w.org\/{rel}","templated":true}]}}