{"id":12628,"date":"2025-05-26T00:05:40","date_gmt":"2025-05-25T16:05:40","guid":{"rendered":"https:\/\/aolait.com\/?post_type=product&#038;p=12628"},"modified":"2025-10-21T19:03:56","modified_gmt":"2025-10-21T11:03:56","slug":"12x60w-led-moving-bar-tornado","status":"publish","type":"product","link":"https:\/\/aolait.com\/fr\/produit\/12x60w-led-moving-bar-tornado\/","title":{"rendered":"12x60W Led Moving Bar Tornado"},"content":{"rendered":"<p>Power consumption: 12*60W\uff08800W\uff09<\/p>\n\n\n\n<p>Led Source:12x60W RGBW 4 in 1<\/p>\n\n\n\n<p><br>Control mode:DMX512,auto,master-slave,sound activity,RDM<\/p>\n\n\n\n<p><br>Channel: 20\/169A\/169B\/53\/101\/155\/179 CH<\/p>\n\n\n\n<p><br>Dimming: 32bit 0~100% linear dimming<\/p>\n\n\n\n<p><br>Feature: Each head shake\/beam\/wash<\/p>\n\n\n\n<p><\/p>\n\n\n\n<p><br>Working temperature: -30\u00b0C~50\u00b0C<\/p>\n\n\n\n<p><br>Strobe: 1~30HZ<\/p>\n\n\n\n<p><br>Appearance: metal,black<\/p>\n\n\n\n<p><br>IP rate: IP20<\/p>\n\n\n\n<p><br>Dimension\uff1a101x<em>16.5<\/em>x30cm<\/p>\n\n\n\n<p><br>Packing size\uff1a109x<em>38x<\/em>25cm<\/p>\n\n\n\n<p><br>N.W\uff1a23.5KG<\/p>\n\n\n\n<p><br>G.W\uff1a28.5KG<\/p>\n\n\n\n<p><br>Flycase\uff1a111&#215;57.5x54cm(2 in 1),85kg<\/p>","protected":false},"excerpt":{"rendered":"<p>12x60W RGBW 4in1 leds, avec pixel mappable pour chaque t\u00eate, contr\u00f4le DMX et fonctionnement silencieux pour les sc\u00e8nes, les clubs et les \u00e9v\u00e9nements !<\/p>","protected":false},"featured_media":13375,"comment_status":"open","ping_status":"closed","template":"","meta":{"_acf_changed":false,"_seopress_robots_primary_cat":"none","_seopress_titles_title":"12x60W Led Moving Bar Tornado","_seopress_titles_desc":"12x60W RGBW 4in1 leds,with fully pixel mappable for each head,DMX control and silent operation for stages, clubs, and events!","_seopress_robots_index":""},"product_brand":[],"product_cat":[28,403],"product_tag":[],"class_list":{"0":"post-12628","1":"product","2":"type-product","3":"status-publish","4":"has-post-thumbnail","6":"product_cat-led-wash-moving-head","7":"product_cat-product","9":"first","10":"instock","11":"shipping-taxable","12":"product-type-simple"},"acf":[],"_links":{"self":[{"href":"https:\/\/aolait.com\/fr\/wp-json\/wp\/v2\/product\/12628","targetHints":{"allow":["GET"]}}],"collection":[{"href":"https:\/\/aolait.com\/fr\/wp-json\/wp\/v2\/product"}],"about":[{"href":"https:\/\/aolait.com\/fr\/wp-json\/wp\/v2\/types\/product"}],"replies":[{"embeddable":true,"href":"https:\/\/aolait.com\/fr\/wp-json\/wp\/v2\/comments?post=12628"}],"wp:featuredmedia":[{"embeddable":true,"href":"https:\/\/aolait.com\/fr\/wp-json\/wp\/v2\/media\/13375"}],"wp:attachment":[{"href":"https:\/\/aolait.com\/fr\/wp-json\/wp\/v2\/media?parent=12628"}],"wp:term":[{"taxonomy":"product_brand","embeddable":true,"href":"https:\/\/aolait.com\/fr\/wp-json\/wp\/v2\/product_brand?post=12628"},{"taxonomy":"product_cat","embeddable":true,"href":"https:\/\/aolait.com\/fr\/wp-json\/wp\/v2\/product_cat?post=12628"},{"taxonomy":"product_tag","embeddable":true,"href":"https:\/\/aolait.com\/fr\/wp-json\/wp\/v2\/product_tag?post=12628"}],"curies":[{"name":"wp","href":"https:\/\/api.w.org\/{rel}","templated":true}]}}