{"id":12659,"date":"2025-06-11T14:59:47","date_gmt":"2025-06-11T06:59:47","guid":{"rendered":"https:\/\/aolait.com\/?post_type=product&#038;p=12659"},"modified":"2025-10-21T19:03:56","modified_gmt":"2025-10-21T11:03:56","slug":"800w-led-strobe-bar-ip65","status":"publish","type":"product","link":"https:\/\/aolait.com\/fr\/produit\/800w-led-strobe-bar-ip65\/","title":{"rendered":"Barre stroboscopique \u00e0 leds 800W IP65"},"content":{"rendered":"<p>Source LED:1080pcs RGBW 0.8W<\/p>\n\n\n\n<p>Canal DMX : 4\/11\/131\/171\/480CH<\/p>\n\n\n\n<p>Fonction : Pixel\/Stroboscope<\/p>\n\n\n\n<p>IP65 r\u00e9sistant \u00e0 l'eau<\/p>\n\n\n\n<p>Taille : 100x<em>8<\/em>x14cm\/7.8kgs<\/p>","protected":false},"excerpt":{"rendered":"<p>Stroboscope \u00e9tanche contr\u00f4l\u00e9 par pixels avec une luminosit\u00e9 aveuglante. Parfait pour les festivals, les clubs et les sc\u00e8nes, avec contr\u00f4le DMX\/sans fil et effets de temp\u00eate.<\/p>","protected":false},"featured_media":12660,"comment_status":"open","ping_status":"closed","template":"","meta":{"_acf_changed":true,"_seopress_robots_primary_cat":"none","_seopress_titles_title":"800W Led Strobe Bar IP65","_seopress_titles_desc":"Pixel-controlled waterproof strobe with blinding brightness. Perfect for festivals, clubs and stages with DMX\/wireless control and storm effects.","_seopress_robots_index":""},"product_brand":[],"product_cat":[267,403],"product_tag":[178,174,177,79],"class_list":{"0":"post-12659","1":"product","2":"type-product","3":"status-publish","4":"has-post-thumbnail","6":"product_cat-led-strobe-light","7":"product_cat-product","8":"product_tag-art-net-led-bar-light","9":"product_tag-led-bar-light","10":"product_tag-led-bar-light-pixel-controlled","11":"product_tag-stage-lighting","13":"first","14":"instock","15":"shipping-taxable","16":"product-type-simple"},"acf":[],"_links":{"self":[{"href":"https:\/\/aolait.com\/fr\/wp-json\/wp\/v2\/product\/12659","targetHints":{"allow":["GET"]}}],"collection":[{"href":"https:\/\/aolait.com\/fr\/wp-json\/wp\/v2\/product"}],"about":[{"href":"https:\/\/aolait.com\/fr\/wp-json\/wp\/v2\/types\/product"}],"replies":[{"embeddable":true,"href":"https:\/\/aolait.com\/fr\/wp-json\/wp\/v2\/comments?post=12659"}],"wp:featuredmedia":[{"embeddable":true,"href":"https:\/\/aolait.com\/fr\/wp-json\/wp\/v2\/media\/12660"}],"wp:attachment":[{"href":"https:\/\/aolait.com\/fr\/wp-json\/wp\/v2\/media?parent=12659"}],"wp:term":[{"taxonomy":"product_brand","embeddable":true,"href":"https:\/\/aolait.com\/fr\/wp-json\/wp\/v2\/product_brand?post=12659"},{"taxonomy":"product_cat","embeddable":true,"href":"https:\/\/aolait.com\/fr\/wp-json\/wp\/v2\/product_cat?post=12659"},{"taxonomy":"product_tag","embeddable":true,"href":"https:\/\/aolait.com\/fr\/wp-json\/wp\/v2\/product_tag?post=12659"}],"curies":[{"name":"wp","href":"https:\/\/api.w.org\/{rel}","templated":true}]}}