{"id":12687,"date":"2025-06-12T09:40:14","date_gmt":"2025-06-12T01:40:14","guid":{"rendered":"https:\/\/aolait.com\/?post_type=product&#038;p=12687"},"modified":"2025-10-21T19:03:55","modified_gmt":"2025-10-21T11:03:55","slug":"1000w-led-moving-strobe-ip65","status":"publish","type":"product","link":"https:\/\/aolait.com\/fr\/produit\/1000w-led-moving-strobe-ip65\/","title":{"rendered":"400W Led Strobe IP65"},"content":{"rendered":"<p>Source LED:864pcs RGB 0.3W+96pcs white 3W12+12segment<\/p>\n\n\n\n<p>Canal DMX : 4\/16\/48 canaux<\/p>\n\n\n\n<p>Caract\u00e9ristiques : Lavage+Stroboscopie+Effet<\/p>\n\n\n\n<p>\u00c9tanch\u00e9it\u00e9 IP65<\/p>\n\n\n\n<p>Dimension:252x520x116CM,8.9kg<\/p>\n\n\n\n<p><\/p>","protected":false},"excerpt":{"rendered":"<p>400W LED Stroboscope ultra-lumineux et r\u00e9sistant aux intemp\u00e9ries pour les clubs, les concerts et les \u00e9v\u00e9nements. Contr\u00f4le DMX, vitesse r\u00e9glable et efficacit\u00e9 \u00e9nerg\u00e9tique. Id\u00e9al pour les effets d'\u00e9clairage \u00e0 fort impact.<\/p>","protected":false},"featured_media":12826,"comment_status":"open","ping_status":"closed","template":"","meta":{"_acf_changed":true,"_seopress_robots_primary_cat":"none","_seopress_titles_title":"400W Led Strobe IP65","_seopress_titles_desc":"400W LED Ultra-bright, weatherproof strobe for clubs, concerts, and events. Features DMX control, adjustable speed, and energy-efficient performance. Ideal for high-impact lighting effects.","_seopress_robots_index":""},"product_brand":[],"product_cat":[267,403],"product_tag":[79],"class_list":{"0":"post-12687","1":"product","2":"type-product","3":"status-publish","4":"has-post-thumbnail","6":"product_cat-led-strobe-light","7":"product_cat-product","8":"product_tag-stage-lighting","10":"first","11":"instock","12":"shipping-taxable","13":"product-type-simple"},"acf":[],"_links":{"self":[{"href":"https:\/\/aolait.com\/fr\/wp-json\/wp\/v2\/product\/12687","targetHints":{"allow":["GET"]}}],"collection":[{"href":"https:\/\/aolait.com\/fr\/wp-json\/wp\/v2\/product"}],"about":[{"href":"https:\/\/aolait.com\/fr\/wp-json\/wp\/v2\/types\/product"}],"replies":[{"embeddable":true,"href":"https:\/\/aolait.com\/fr\/wp-json\/wp\/v2\/comments?post=12687"}],"wp:featuredmedia":[{"embeddable":true,"href":"https:\/\/aolait.com\/fr\/wp-json\/wp\/v2\/media\/12826"}],"wp:attachment":[{"href":"https:\/\/aolait.com\/fr\/wp-json\/wp\/v2\/media?parent=12687"}],"wp:term":[{"taxonomy":"product_brand","embeddable":true,"href":"https:\/\/aolait.com\/fr\/wp-json\/wp\/v2\/product_brand?post=12687"},{"taxonomy":"product_cat","embeddable":true,"href":"https:\/\/aolait.com\/fr\/wp-json\/wp\/v2\/product_cat?post=12687"},{"taxonomy":"product_tag","embeddable":true,"href":"https:\/\/aolait.com\/fr\/wp-json\/wp\/v2\/product_tag?post=12687"}],"curies":[{"name":"wp","href":"https:\/\/api.w.org\/{rel}","templated":true}]}}