{"id":1320,"date":"2020-11-05T14:31:58","date_gmt":"2020-11-05T06:31:58","guid":{"rendered":"https:\/\/aolait.com\/?post_type=product&#038;p=1320"},"modified":"2025-10-21T19:03:59","modified_gmt":"2025-10-21T11:03:59","slug":"18x18w-led-par-indoor","status":"publish","type":"product","link":"https:\/\/aolait.com\/fr\/produit\/18x18w-led-par-indoor\/","title":{"rendered":"18x18W Led Par Indoor"},"content":{"rendered":"<p>Tension : AC100-240V 50\/60Hz<\/p>\n<p>Puissance : 200W<\/p>\n<p>Source lumineuse : 18PCS 12W LED RGBW 4 en 1 (Option 5 en 1\/ 6 en 1)<\/p>\n<p>Dur\u00e9e de vie : 6000-10000 heures<\/p>\n<p>Couleur : RGBW mixte (RGBWA ou RGBWA+UV) en option avec une vari\u00e9t\u00e9 de couleurs brillantes<\/p>\n<p>Strobe : Vitesse r\u00e9glable du stroboscope<\/p>\n<p>Mode de contr\u00f4le : Standard DMX 512\/master-salve\/auto<\/p>\n<p>Canal DMX : 8 canaux<\/p>\n<p>Refroidissement : Refroidissement par ventilateur<\/p>\n<p>Protection thermique<\/p>\n<p>Mat\u00e9riau : Alliage d'aluminium<\/p>\n<p>Temp\u00e9rature de fonctionnement : -20\u2103-40\u2103<\/p>\n<p>Caract\u00e9ristiques : Haute luminosit\u00e9, longue dur\u00e9e de vie de la source lumineuse, haute performance en mati\u00e8re de s\u00e9curit\u00e9<\/p>\n<p>Classe IP : IP20<\/p>\n<p>Taille : 330*300*240 mm<\/p>\n<p>Poids net : 3,5 KG<\/p>\n<p><iframe src=\"https:\/\/www.youtube.com\/embed\/nUkB4ZY7Gcs\" width=\"560\" height=\"315\" frameborder=\"0\" allowfullscreen=\"allowfullscreen\"><\/iframe><\/p>","protected":false},"excerpt":{"rendered":"<p>AL1018P - Par light LED d'int\u00e9rieur avec corps l\u00e9ger, free-flicker<\/p>\n<p>Excellent m\u00e9lange infini de couleurs 12W (RGBW), 15W (RGBWA), 18W (RGBWA+UV) en option.<\/p>\n<p>&nbsp;<\/p>","protected":false},"featured_media":11971,"comment_status":"open","ping_status":"closed","template":"","meta":{"_acf_changed":false,"_seopress_robots_primary_cat":"none","_seopress_titles_title":"","_seopress_titles_desc":"","_seopress_robots_index":""},"product_brand":[],"product_cat":[35,403],"product_tag":[127,128,122,130],"class_list":{"0":"post-1320","1":"product","2":"type-product","3":"status-publish","4":"has-post-thumbnail","6":"product_cat-led-par-light","7":"product_cat-product","8":"product_tag-18x12w-15w-18w-led-par","9":"product_tag-led-par-indoor","10":"product_tag-rgbw-led-par","11":"product_tag-super-brightness-led-par","13":"first","14":"instock","15":"shipping-taxable","16":"product-type-simple"},"acf":[],"_links":{"self":[{"href":"https:\/\/aolait.com\/fr\/wp-json\/wp\/v2\/product\/1320","targetHints":{"allow":["GET"]}}],"collection":[{"href":"https:\/\/aolait.com\/fr\/wp-json\/wp\/v2\/product"}],"about":[{"href":"https:\/\/aolait.com\/fr\/wp-json\/wp\/v2\/types\/product"}],"replies":[{"embeddable":true,"href":"https:\/\/aolait.com\/fr\/wp-json\/wp\/v2\/comments?post=1320"}],"wp:featuredmedia":[{"embeddable":true,"href":"https:\/\/aolait.com\/fr\/wp-json\/wp\/v2\/media\/11971"}],"wp:attachment":[{"href":"https:\/\/aolait.com\/fr\/wp-json\/wp\/v2\/media?parent=1320"}],"wp:term":[{"taxonomy":"product_brand","embeddable":true,"href":"https:\/\/aolait.com\/fr\/wp-json\/wp\/v2\/product_brand?post=1320"},{"taxonomy":"product_cat","embeddable":true,"href":"https:\/\/aolait.com\/fr\/wp-json\/wp\/v2\/product_cat?post=1320"},{"taxonomy":"product_tag","embeddable":true,"href":"https:\/\/aolait.com\/fr\/wp-json\/wp\/v2\/product_tag?post=1320"}],"curies":[{"name":"wp","href":"https:\/\/api.w.org\/{rel}","templated":true}]}}