{"id":1389,"date":"2020-11-05T16:58:44","date_gmt":"2020-11-05T08:58:44","guid":{"rendered":"https:\/\/aolait.com\/?post_type=product&#038;p=1389"},"modified":"2025-12-08T13:57:05","modified_gmt":"2025-12-08T05:57:05","slug":"24x10w-led-slim-par-waterproof","status":"publish","type":"product","link":"https:\/\/aolait.com\/fr\/produit\/24x10w-led-slim-par-waterproof\/","title":{"rendered":"24x10W Led Slim Par Waterproof"},"content":{"rendered":"<p>Tension : AC100 -240V 50\/60Hz<\/p>\n<p>Puissance : 200W<\/p>\n<p>Source lumineuse : 24 LED 10W 4 en 1 (RGBW) \u00e0 haute luminosit\u00e9<\/p>\n<p>Angle : 25\u00b0 ou 45<\/p>\n<p>Couleur : m\u00e9lange de couleurs \u00e0 l'infini<\/p>\n<p>Canal de contr\u00f4le : 8CH<\/p>\n<p>Mode de contr\u00f4le : DMX512, mode ma\u00eetre\/esclave, contr\u00f4le du son<\/p>\n<p>IP65<\/p>\n<p>Taille : 280*140*310mm<\/p>\n<p>Poids net : 5,25 kg<\/p>\n<p><iframe src=\"https:\/\/www.youtube.com\/embed\/e4WytxRu3wA\" width=\"560\" height=\"315\" frameborder=\"0\" allowfullscreen=\"allowfullscreen\"><\/iframe><\/p>","protected":false},"excerpt":{"rendered":"<p>AL1024SP est l'un des derniers mod\u00e8les de la s\u00e9rie slim par \u00e9tanche.<\/p>\n<p>Il est dot\u00e9 d'une conception \u00e9tanche stricte, de 24 LED RGBW \u00e0 haute luminosit\u00e9, m\u00e9langeant les couleurs \u00e0 l'infini.<\/p>\n<p>Tr\u00e8s bonne fonction de lavage pour tous les grands spectacles, \u00e9v\u00e9nements et concerts en plein air.<\/p>","protected":false},"featured_media":14094,"comment_status":"open","ping_status":"closed","template":"","meta":{"_acf_changed":true,"_seopress_robots_primary_cat":"none","_seopress_titles_title":"","_seopress_titles_desc":"","_seopress_robots_index":""},"product_brand":[],"product_cat":[35,403],"product_tag":[115,134,122,124],"class_list":{"0":"post-1389","1":"product","2":"type-product","3":"status-publish","4":"has-post-thumbnail","6":"product_cat-led-par-light","7":"product_cat-product","8":"product_tag-led-par-waterproof","9":"product_tag-led-slim-par-light-outdoor","10":"product_tag-rgbw-led-par","11":"product_tag-slim-par-waterproof","13":"first","14":"instock","15":"shipping-taxable","16":"product-type-simple"},"acf":[],"_links":{"self":[{"href":"https:\/\/aolait.com\/fr\/wp-json\/wp\/v2\/product\/1389","targetHints":{"allow":["GET"]}}],"collection":[{"href":"https:\/\/aolait.com\/fr\/wp-json\/wp\/v2\/product"}],"about":[{"href":"https:\/\/aolait.com\/fr\/wp-json\/wp\/v2\/types\/product"}],"replies":[{"embeddable":true,"href":"https:\/\/aolait.com\/fr\/wp-json\/wp\/v2\/comments?post=1389"}],"wp:featuredmedia":[{"embeddable":true,"href":"https:\/\/aolait.com\/fr\/wp-json\/wp\/v2\/media\/14094"}],"wp:attachment":[{"href":"https:\/\/aolait.com\/fr\/wp-json\/wp\/v2\/media?parent=1389"}],"wp:term":[{"taxonomy":"product_brand","embeddable":true,"href":"https:\/\/aolait.com\/fr\/wp-json\/wp\/v2\/product_brand?post=1389"},{"taxonomy":"product_cat","embeddable":true,"href":"https:\/\/aolait.com\/fr\/wp-json\/wp\/v2\/product_cat?post=1389"},{"taxonomy":"product_tag","embeddable":true,"href":"https:\/\/aolait.com\/fr\/wp-json\/wp\/v2\/product_tag?post=1389"}],"curies":[{"name":"wp","href":"https:\/\/api.w.org\/{rel}","templated":true}]}}