{"id":1400,"date":"2020-11-05T17:12:15","date_gmt":"2020-11-05T09:12:15","guid":{"rendered":"https:\/\/aolait.com\/?post_type=product&#038;p=1400"},"modified":"2025-10-21T19:03:59","modified_gmt":"2025-10-21T11:03:59","slug":"12x10w-led-slim-par-waterproof","status":"publish","type":"product","link":"https:\/\/aolait.com\/fr\/produit\/12x10w-led-slim-par-waterproof\/","title":{"rendered":"12x10W Led Slim Par Waterproof"},"content":{"rendered":"<p>Tension : AC100 -240V 50\/60Hz<\/p>\n<p>Puissance : 150W<\/p>\n<p>Source lumineuse : 12 LED 10W \u00e0 haute luminosit\u00e9 RGBW 4 en 1\/RGBWA 5 en 1 \/RGBWA+UV 6 en 1 (en option)<\/p>\n<p>Angle : 25\u00b0 ou 45<\/p>\n<p>Couleur : m\u00e9lange de couleurs \u00e0 l'infini<\/p>\n<p>Canal de contr\u00f4le : 8CH<\/p>\n<p>Mode de contr\u00f4le : DMX512, mode ma\u00eetre\/esclave, contr\u00f4le du son<\/p>\n<p>IP65<\/p>\n<p>Taille : 280*140*310mm<\/p>\n<p>Poids net : 5,05 kg<\/p>","protected":false},"excerpt":{"rendered":"<p>AL1012SP est l'un des derniers mod\u00e8les \u00e9tanches de la s\u00e9rie Slim Par.<\/p>\n<p>Il est dot\u00e9 d'une conception \u00e9tanche stricte, de 12 LED RGBW \u00e0 haute luminosit\u00e9, m\u00e9langeant les couleurs \u00e0 l'infini.<\/p>\n<p>Tr\u00e8s bonne fonction de lavage pour les spectacles en plein air, les \u00e9v\u00e9nements, les concerts et les soir\u00e9es.<\/p>","protected":false},"featured_media":11976,"comment_status":"open","ping_status":"closed","template":"","meta":{"_acf_changed":false,"_seopress_robots_primary_cat":"none","_seopress_titles_title":"","_seopress_titles_desc":"","_seopress_robots_index":""},"product_brand":[],"product_cat":[35,403],"product_tag":[115,134,122,124],"class_list":{"0":"post-1400","1":"product","2":"type-product","3":"status-publish","4":"has-post-thumbnail","6":"product_cat-led-par-light","7":"product_cat-product","8":"product_tag-led-par-waterproof","9":"product_tag-led-slim-par-light-outdoor","10":"product_tag-rgbw-led-par","11":"product_tag-slim-par-waterproof","13":"first","14":"instock","15":"shipping-taxable","16":"product-type-simple"},"acf":[],"_links":{"self":[{"href":"https:\/\/aolait.com\/fr\/wp-json\/wp\/v2\/product\/1400","targetHints":{"allow":["GET"]}}],"collection":[{"href":"https:\/\/aolait.com\/fr\/wp-json\/wp\/v2\/product"}],"about":[{"href":"https:\/\/aolait.com\/fr\/wp-json\/wp\/v2\/types\/product"}],"replies":[{"embeddable":true,"href":"https:\/\/aolait.com\/fr\/wp-json\/wp\/v2\/comments?post=1400"}],"wp:featuredmedia":[{"embeddable":true,"href":"https:\/\/aolait.com\/fr\/wp-json\/wp\/v2\/media\/11976"}],"wp:attachment":[{"href":"https:\/\/aolait.com\/fr\/wp-json\/wp\/v2\/media?parent=1400"}],"wp:term":[{"taxonomy":"product_brand","embeddable":true,"href":"https:\/\/aolait.com\/fr\/wp-json\/wp\/v2\/product_brand?post=1400"},{"taxonomy":"product_cat","embeddable":true,"href":"https:\/\/aolait.com\/fr\/wp-json\/wp\/v2\/product_cat?post=1400"},{"taxonomy":"product_tag","embeddable":true,"href":"https:\/\/aolait.com\/fr\/wp-json\/wp\/v2\/product_tag?post=1400"}],"curies":[{"name":"wp","href":"https:\/\/api.w.org\/{rel}","templated":true}]}}