{"id":1484,"date":"2020-11-06T10:53:33","date_gmt":"2020-11-06T02:53:33","guid":{"rendered":"https:\/\/aolait.com\/?post_type=product&#038;p=1484"},"modified":"2025-12-08T13:50:30","modified_gmt":"2025-12-08T05:50:30","slug":"54x3w-led-par-indoor","status":"publish","type":"product","link":"https:\/\/aolait.com\/fr\/produit\/54x3w-led-par-indoor\/","title":{"rendered":"54x3W Led Par Indoor"},"content":{"rendered":"<p>Voltage : AC90V-260V 50\/60Hz<\/p>\n<p>Consommation \u00e9lectrique : 200W@220V<\/p>\n<p>Source lumineuse : 54X3W Led<\/p>\n<p>Dur\u00e9e de vie des LED de 60 \u00e0 100 000 heures, faible consommation d'\u00e9nergie<\/p>\n<p>Strobe : 1-14\/sec, vitesse r\u00e9glable<\/p>\n<p>M\u00e9lange de couleurs RVB\/ Blanc chaud\/froid<\/p>\n<p>\u00c9cran LED<\/p>\n<p>Angle\uff1a25\u2103<\/p>\n<p>Contr\u00f4le:DMX 512 8 canaux\/Auto Run \/Ma\u00eetre-esclave<\/p>\n<p>Bo\u00eetier : Bo\u00eetier en aluminium<\/p>\n<p>IP20<\/p>\n<p>Taille : 330*300*240mm<\/p>\n<p>Poids net : 2,8 kg<\/p>\n<p><iframe src=\"https:\/\/www.youtube.com\/embed\/NjSRoKWOKgo\" width=\"560\" height=\"315\" frameborder=\"0\" allowfullscreen=\"allowfullscreen\"><\/iframe><\/p>","protected":false},"excerpt":{"rendered":"<p>AL354P, m\u00e9lange infini de couleurs RVB.<\/p>\n<p>Dissipation thermique silencieuse, garantissant la dur\u00e9e de vie et la stabilit\u00e9 ; ampoule LED super lumineuse ; syst\u00e8me d'\u00e9clairage unique, r\u00e9partition uniforme des couleurs ; absence de scintillement.<\/p>\n<p>Faible niveau sonore, la meilleure option pour les stades et les cha\u00eenes de t\u00e9l\u00e9vision.<\/p>\n<p>&nbsp;<\/p>","protected":false},"featured_media":14084,"comment_status":"open","ping_status":"closed","template":"","meta":{"_acf_changed":true,"_seopress_robots_primary_cat":"none","_seopress_titles_title":"","_seopress_titles_desc":"","_seopress_robots_index":""},"product_brand":[],"product_cat":[35,403],"product_tag":[135,128,137],"class_list":{"0":"post-1484","1":"product","2":"type-product","3":"status-publish","4":"has-post-thumbnail","6":"product_cat-led-par-light","7":"product_cat-product","8":"product_tag-54x3w-led-par","9":"product_tag-led-par-indoor","10":"product_tag-led-par-rgb","12":"first","13":"instock","14":"shipping-taxable","15":"product-type-simple"},"acf":[],"_links":{"self":[{"href":"https:\/\/aolait.com\/fr\/wp-json\/wp\/v2\/product\/1484","targetHints":{"allow":["GET"]}}],"collection":[{"href":"https:\/\/aolait.com\/fr\/wp-json\/wp\/v2\/product"}],"about":[{"href":"https:\/\/aolait.com\/fr\/wp-json\/wp\/v2\/types\/product"}],"replies":[{"embeddable":true,"href":"https:\/\/aolait.com\/fr\/wp-json\/wp\/v2\/comments?post=1484"}],"wp:featuredmedia":[{"embeddable":true,"href":"https:\/\/aolait.com\/fr\/wp-json\/wp\/v2\/media\/14084"}],"wp:attachment":[{"href":"https:\/\/aolait.com\/fr\/wp-json\/wp\/v2\/media?parent=1484"}],"wp:term":[{"taxonomy":"product_brand","embeddable":true,"href":"https:\/\/aolait.com\/fr\/wp-json\/wp\/v2\/product_brand?post=1484"},{"taxonomy":"product_cat","embeddable":true,"href":"https:\/\/aolait.com\/fr\/wp-json\/wp\/v2\/product_cat?post=1484"},{"taxonomy":"product_tag","embeddable":true,"href":"https:\/\/aolait.com\/fr\/wp-json\/wp\/v2\/product_tag?post=1484"}],"curies":[{"name":"wp","href":"https:\/\/api.w.org\/{rel}","templated":true}]}}