{"id":1517,"date":"2020-11-06T15:03:19","date_gmt":"2020-11-06T07:03:19","guid":{"rendered":"https:\/\/aolait.com\/?post_type=product&#038;p=1517"},"modified":"2025-10-21T19:03:59","modified_gmt":"2025-10-21T11:03:59","slug":"6-head-laser-moving-head-bar","status":"publish","type":"product","link":"https:\/\/aolait.com\/fr\/produit\/barre-de-tete-mobile-laser-a-6-tetes\/","title":{"rendered":"Barre laser \u00e0 6 t\u00eates mobiles"},"content":{"rendered":"<p>Tension : AC100-240V 50\/60HZ<\/p>\n<p>Puissance : 180W<\/p>\n<p>Source lumineuse : Rouge-500mW*2+ Vert-100mW*2+ Bleu-500mW*2<\/p>\n<p>Green-100mW* \/Red-500mW*6\/Blue-500mW*6<\/p>\n<p>Syst\u00e8me de balayage : Moteur pas \u00e0 pas<\/p>\n<p>Mouvement : Angle de rotation de l'axe Y : 0-240\u00b0, angle de rotation de l'axe Z : 0-140\u00b0.<\/p>\n<p>Mode de contr\u00f4le : Standard DMX 512\/master-salve\/sound\/auto<\/p>\n<p>Canaux DMX : 11\/23\/30 canaux<\/p>\n<p>Syst\u00e8me de refroidissement : Syst\u00e8me de refroidissement par air forc\u00e9<\/p>\n<p>Temp\u00e9rature de travail : 0\u2103-35\u2103<\/p>\n<p>Classe IP : IP20<\/p>\n<p>Taille : 1005*465*325 mm<\/p>\n<p>Poids net : 9,5 KG<\/p>\n<p><iframe src=\"https:\/\/www.youtube.com\/embed\/0NoVgREvc0A\" width=\"560\" height=\"315\" frameborder=\"0\" allowfullscreen=\"allowfullscreen\"><\/iframe><\/p>","protected":false},"excerpt":{"rendered":"<p>Barre de t\u00eate mobile laser AL0006L. Angle de rotation de l'axe Y : 0-240\u00b0 Angle de rotation de l'axe Z : 0-140\u00b0<\/p>\n<p>L'effet unique, l'impact visuel pour les \u00e9v\u00e9nements, convient \u00e0 tous les spectacles int\u00e9rieurs et ext\u00e9rieurs,<\/p>","protected":false},"featured_media":11886,"comment_status":"open","ping_status":"closed","template":"","meta":{"_acf_changed":false,"_seopress_robots_primary_cat":"none","_seopress_titles_title":"","_seopress_titles_desc":"","_seopress_robots_index":""},"product_brand":[],"product_cat":[28,403],"product_tag":[148,146,147,145],"class_list":{"0":"post-1517","1":"product","2":"type-product","3":"status-publish","4":"has-post-thumbnail","6":"product_cat-led-wash-moving-head","7":"product_cat-product","8":"product_tag-laser-disco-lights","9":"product_tag-laser-moving-head","10":"product_tag-rgb-laser-moving-head","11":"product_tag-stage-lighting-laser","13":"first","14":"instock","15":"shipping-taxable","16":"product-type-simple"},"acf":[],"_links":{"self":[{"href":"https:\/\/aolait.com\/fr\/wp-json\/wp\/v2\/product\/1517","targetHints":{"allow":["GET"]}}],"collection":[{"href":"https:\/\/aolait.com\/fr\/wp-json\/wp\/v2\/product"}],"about":[{"href":"https:\/\/aolait.com\/fr\/wp-json\/wp\/v2\/types\/product"}],"replies":[{"embeddable":true,"href":"https:\/\/aolait.com\/fr\/wp-json\/wp\/v2\/comments?post=1517"}],"wp:featuredmedia":[{"embeddable":true,"href":"https:\/\/aolait.com\/fr\/wp-json\/wp\/v2\/media\/11886"}],"wp:attachment":[{"href":"https:\/\/aolait.com\/fr\/wp-json\/wp\/v2\/media?parent=1517"}],"wp:term":[{"taxonomy":"product_brand","embeddable":true,"href":"https:\/\/aolait.com\/fr\/wp-json\/wp\/v2\/product_brand?post=1517"},{"taxonomy":"product_cat","embeddable":true,"href":"https:\/\/aolait.com\/fr\/wp-json\/wp\/v2\/product_cat?post=1517"},{"taxonomy":"product_tag","embeddable":true,"href":"https:\/\/aolait.com\/fr\/wp-json\/wp\/v2\/product_tag?post=1517"}],"curies":[{"name":"wp","href":"https:\/\/api.w.org\/{rel}","templated":true}]}}