{"id":1522,"date":"2020-11-06T15:20:36","date_gmt":"2020-11-06T07:20:36","guid":{"rendered":"https:\/\/aolait.com\/?post_type=product&#038;p=1522"},"modified":"2025-10-21T19:03:59","modified_gmt":"2025-10-21T11:03:59","slug":"300w-led-follow-spot","status":"publish","type":"product","link":"https:\/\/aolait.com\/fr\/produit\/300w-led-follow-spot\/","title":{"rendered":"300W Led Follow Spot"},"content":{"rendered":"<p>Tension : AC100-240V 50\/60Hz<\/p>\n<p>Puissance : 550W<\/p>\n<p>Source lumineuse : Lampe LED blanche 300W<\/p>\n<p>Temp\u00e9rature de couleur : 7500K<\/p>\n<p>Plaque de couleur : 1 roue chromatique, 5 couleurs+ ouvertes<\/p>\n<p>Temp\u00e9rature r\u00e9glable : 5800K\/4600K\/3200K<\/p>\n<p>Iris : 5-100% Iris lin\u00e9aire<\/p>\n<p>Mise au point : mise au point manuelle<\/p>\n<p>Distance de projection effective : 300 m\u00e8tres<\/p>\n<p>Variateur : 0-100% gradation lin\u00e9aire<\/p>\n<p>Mod\u00e8les de contr\u00f4le : Standard DMX512\/panneau de contr\u00f4le\/fader de contr\u00f4le inf\u00e9rieur<\/p>\n<p>Temp\u00e9rature de fonctionnement : -20\u2103-40\u2103<\/p>\n<p>Classe IP : IP20<\/p>\n<p>Taille : 560*280*220 mm<\/p>\n<p>Poids net : 14 KG (sans support)<\/p>\n<p><iframe src=\"https:\/\/www.youtube.com\/embed\/LO6HP4sqevY\" width=\"560\" height=\"315\" frameborder=\"0\" allowfullscreen=\"allowfullscreen\"><\/iframe><\/p>","protected":false},"excerpt":{"rendered":"<p>AL300FS. Il s'agit d'une nouvelle technologie de projecteur de poursuite. Equip\u00e9 d'une source lumineuse blanche Led de 300W, il produit des effets superbes sur la sc\u00e8ne.<\/p>\n<p>Il est compact et plus l\u00e9ger, et produit une telle luminosit\u00e9 sur la sc\u00e8ne qu'il remplace parfaitement le projecteur traditionnel \u00e0 lampe \u00e0 d\u00e9charge de 2500W.<\/p>","protected":false},"featured_media":11894,"comment_status":"open","ping_status":"closed","template":"","meta":{"_acf_changed":false,"_seopress_robots_primary_cat":"none","_seopress_titles_title":"","_seopress_titles_desc":"","_seopress_robots_index":""},"product_brand":[],"product_cat":[41,403],"product_tag":[150,149],"class_list":{"0":"post-1522","1":"product","2":"type-product","3":"status-publish","4":"has-post-thumbnail","6":"product_cat-led-studio-light","7":"product_cat-product","8":"product_tag-300w-led-follow-spot","9":"product_tag-led-follow-spot","11":"first","12":"instock","13":"shipping-taxable","14":"product-type-simple"},"acf":[],"_links":{"self":[{"href":"https:\/\/aolait.com\/fr\/wp-json\/wp\/v2\/product\/1522","targetHints":{"allow":["GET"]}}],"collection":[{"href":"https:\/\/aolait.com\/fr\/wp-json\/wp\/v2\/product"}],"about":[{"href":"https:\/\/aolait.com\/fr\/wp-json\/wp\/v2\/types\/product"}],"replies":[{"embeddable":true,"href":"https:\/\/aolait.com\/fr\/wp-json\/wp\/v2\/comments?post=1522"}],"wp:featuredmedia":[{"embeddable":true,"href":"https:\/\/aolait.com\/fr\/wp-json\/wp\/v2\/media\/11894"}],"wp:attachment":[{"href":"https:\/\/aolait.com\/fr\/wp-json\/wp\/v2\/media?parent=1522"}],"wp:term":[{"taxonomy":"product_brand","embeddable":true,"href":"https:\/\/aolait.com\/fr\/wp-json\/wp\/v2\/product_brand?post=1522"},{"taxonomy":"product_cat","embeddable":true,"href":"https:\/\/aolait.com\/fr\/wp-json\/wp\/v2\/product_cat?post=1522"},{"taxonomy":"product_tag","embeddable":true,"href":"https:\/\/aolait.com\/fr\/wp-json\/wp\/v2\/product_tag?post=1522"}],"curies":[{"name":"wp","href":"https:\/\/api.w.org\/{rel}","templated":true}]}}