{"id":1557,"date":"2020-11-06T17:39:22","date_gmt":"2020-11-06T09:39:22","guid":{"rendered":"https:\/\/aolait.com\/?post_type=product&#038;p=1557"},"modified":"2025-12-04T15:11:53","modified_gmt":"2025-12-04T07:11:53","slug":"44x12w-rgbw-4in1-led-wash-waterproof-light","status":"publish","type":"product","link":"https:\/\/aolait.com\/fr\/produit\/44x12w-rgbw-4in1-led-wash-waterproof-light\/","title":{"rendered":"44x12W RGBW 4IN1 LED Wash Waterproof Light"},"content":{"rendered":"<p>Tension : AC90-240V, 50\/60HZ<\/p>\n<p>Consommation \u00e9lectrique : 600W<\/p>\n<p>Source lumineuse : 44 LED RGBW 4IN1 haute puissance de 10W<\/p>\n<p>Dur\u00e9e de vie : environ 100 000 heures<\/p>\n<p>Couleur : RGBW<\/p>\n<p>Strobe : 1-20 fois\/seconde<\/p>\n<p>Angle du faisceau : 45\u00b0, (25\u00b0 en option)<\/p>\n<p>Variateur : 0-100% gradation lin\u00e9aire<\/p>\n<p>Mode de contr\u00f4le : DMX512, ma\u00eetre-esclave, automatique<\/p>\n<p>Canal DMX : 4\/6\/9 canaux DMX<\/p>\n<p>Bo\u00eetier : Aluminium moul\u00e9 sous pression, finition par poudrage<\/p>\n<p>Classe IP : IP65<\/p>\n<p>Taille : 490*250*270mm<\/p>\n<p>Poids net : 10 kg<\/p>\n<p><iframe src=\"https:\/\/www.youtube.com\/embed\/bY363BMFCZI\" width=\"560\" height=\"315\" frameborder=\"0\" allowfullscreen=\"allowfullscreen\"><\/iframe><\/p>","protected":false},"excerpt":{"rendered":"<p>AL4410PW a un corps \u00e0 haute densit\u00e9, IP grade 65.<\/p>\n<p>44 LED 4 en 1, m\u00e9lange de couleurs RGBW \u00e0 l'infini, effet macro int\u00e9gr\u00e9.<\/p>\n<p>Angle de rayonnement 45\u00b0, 25\u00b0 en option, il s'agit d'un produit con\u00e7u professionnellement pour l'\u00e9clairage architectural ext\u00e9rieur.<\/p>","protected":false},"featured_media":13966,"comment_status":"open","ping_status":"closed","template":"","meta":{"_acf_changed":true,"_seopress_robots_primary_cat":"none","_seopress_titles_title":"","_seopress_titles_desc":"","_seopress_robots_index":""},"product_brand":[],"product_cat":[35,403],"product_tag":[164,165,167,166],"class_list":{"0":"post-1557","1":"product","2":"type-product","3":"status-publish","4":"has-post-thumbnail","6":"product_cat-led-par-light","7":"product_cat-product","8":"product_tag-44x12w-rgbw-led-wash","9":"product_tag-architectural-lighting","10":"product_tag-rgbw-led-wash-stage-light","11":"product_tag-super-brightness-led-washer","13":"first","14":"instock","15":"shipping-taxable","16":"product-type-simple"},"acf":[],"_links":{"self":[{"href":"https:\/\/aolait.com\/fr\/wp-json\/wp\/v2\/product\/1557","targetHints":{"allow":["GET"]}}],"collection":[{"href":"https:\/\/aolait.com\/fr\/wp-json\/wp\/v2\/product"}],"about":[{"href":"https:\/\/aolait.com\/fr\/wp-json\/wp\/v2\/types\/product"}],"replies":[{"embeddable":true,"href":"https:\/\/aolait.com\/fr\/wp-json\/wp\/v2\/comments?post=1557"}],"wp:featuredmedia":[{"embeddable":true,"href":"https:\/\/aolait.com\/fr\/wp-json\/wp\/v2\/media\/13966"}],"wp:attachment":[{"href":"https:\/\/aolait.com\/fr\/wp-json\/wp\/v2\/media?parent=1557"}],"wp:term":[{"taxonomy":"product_brand","embeddable":true,"href":"https:\/\/aolait.com\/fr\/wp-json\/wp\/v2\/product_brand?post=1557"},{"taxonomy":"product_cat","embeddable":true,"href":"https:\/\/aolait.com\/fr\/wp-json\/wp\/v2\/product_cat?post=1557"},{"taxonomy":"product_tag","embeddable":true,"href":"https:\/\/aolait.com\/fr\/wp-json\/wp\/v2\/product_tag?post=1557"}],"curies":[{"name":"wp","href":"https:\/\/api.w.org\/{rel}","templated":true}]}}