{"id":1580,"date":"2020-11-09T10:12:16","date_gmt":"2020-11-09T02:12:16","guid":{"rendered":"https:\/\/aolait.com\/?post_type=product&#038;p=1580"},"modified":"2025-10-23T17:56:08","modified_gmt":"2025-10-23T09:56:08","slug":"60x10w-rgbw-4in1-led-wash-waterproof-light","status":"publish","type":"product","link":"https:\/\/aolait.com\/fr\/produit\/60x10w-rgbw-4in1-led-wash-waterproof-light\/","title":{"rendered":"60x10W RGBW 4IN1 LED Wash Waterproof Light"},"content":{"rendered":"<p>Tension : AC100-240V 50\/60Hz<\/p>\n<p>Puissance : 600W<\/p>\n<p>Source lumineuse : 60 LED 10W RGBW 4 en 1<\/p>\n<p>Dur\u00e9e de vie : 50000H<\/p>\n<p>81500 LUX \u00c0 1M, 12400 LUX \u00c0 3M, 5020 LUX \u00c0 5M<\/p>\n<p>Angle de rayonnement : 35\u00b0.<\/p>\n<p>Strobe : 1-20 fois\/seconde<\/p>\n<p>Mode de contr\u00f4le : Standard DMX 512\/master-salve\/auto<\/p>\n<p>Canal DMX : 6\/8\/10 canaux<\/p>\n<p>Syst\u00e8me de refroidissement \u00e0 air forc\u00e9<\/p>\n<p>Corps en aluminium moul\u00e9<\/p>\n<p>Connecteur XLR 3PIN \u00e9tanche entr\u00e9e\/sortie<\/p>\n<p>Classe IP : IP65<\/p>\n<p>Taille : 560*130*330 mm<\/p>\n<p>Poids net : 15,5 KG<\/p>\n<p><iframe src=\"https:\/\/www.youtube.com\/embed\/wYwpqHHKS8U\" width=\"560\" height=\"315\" frameborder=\"0\" allowfullscreen=\"allowfullscreen\"><\/iframe><\/p>","protected":false},"excerpt":{"rendered":"<p>AL6610PW Led wash light, avec 60*10W pi\u00e8ces LED.<\/p>\n<p>M\u00e9lange de couleurs RGBW.<\/p>\n<p>\u00c9tanch\u00e9it\u00e9 IP65, parfaite pour les spectacles en int\u00e9rieur ou en ext\u00e9rieur et les \u00e9clairages architecturaux.<\/p>","protected":false},"featured_media":13445,"comment_status":"open","ping_status":"closed","template":"","meta":{"_acf_changed":false,"_seopress_robots_primary_cat":"none","_seopress_titles_title":"","_seopress_titles_desc":"","_seopress_robots_index":""},"product_brand":[],"product_cat":[35,403],"product_tag":[168,165,167,166],"class_list":{"0":"post-1580","1":"product","2":"type-product","3":"status-publish","4":"has-post-thumbnail","6":"product_cat-led-par-light","7":"product_cat-product","8":"product_tag-60x12w-rgbw-led-wash","9":"product_tag-architectural-lighting","10":"product_tag-rgbw-led-wash-stage-light","11":"product_tag-super-brightness-led-washer","13":"first","14":"instock","15":"shipping-taxable","16":"product-type-simple"},"acf":[],"_links":{"self":[{"href":"https:\/\/aolait.com\/fr\/wp-json\/wp\/v2\/product\/1580","targetHints":{"allow":["GET"]}}],"collection":[{"href":"https:\/\/aolait.com\/fr\/wp-json\/wp\/v2\/product"}],"about":[{"href":"https:\/\/aolait.com\/fr\/wp-json\/wp\/v2\/types\/product"}],"replies":[{"embeddable":true,"href":"https:\/\/aolait.com\/fr\/wp-json\/wp\/v2\/comments?post=1580"}],"wp:featuredmedia":[{"embeddable":true,"href":"https:\/\/aolait.com\/fr\/wp-json\/wp\/v2\/media\/13445"}],"wp:attachment":[{"href":"https:\/\/aolait.com\/fr\/wp-json\/wp\/v2\/media?parent=1580"}],"wp:term":[{"taxonomy":"product_brand","embeddable":true,"href":"https:\/\/aolait.com\/fr\/wp-json\/wp\/v2\/product_brand?post=1580"},{"taxonomy":"product_cat","embeddable":true,"href":"https:\/\/aolait.com\/fr\/wp-json\/wp\/v2\/product_cat?post=1580"},{"taxonomy":"product_tag","embeddable":true,"href":"https:\/\/aolait.com\/fr\/wp-json\/wp\/v2\/product_tag?post=1580"}],"curies":[{"name":"wp","href":"https:\/\/api.w.org\/{rel}","templated":true}]}}