{"id":1587,"date":"2020-11-10T11:34:07","date_gmt":"2020-11-10T03:34:07","guid":{"rendered":"https:\/\/aolait.com\/?post_type=product&#038;p=1587"},"modified":"2025-10-21T19:03:58","modified_gmt":"2025-10-21T11:03:58","slug":"led-wall-washer-indoor","status":"publish","type":"product","link":"https:\/\/aolait.com\/fr\/produit\/lave-linge-mural-a-leds-interieur\/","title":{"rendered":"18x15W Led Wall Washer Pixel IP20 Indoor"},"content":{"rendered":"<h3 data-start=\"1208\" data-end=\"1237\">Parfait pour les fonds de sc\u00e8ne, l'\u00e9clairage architectural, la d\u00e9coration d'\u00e9v\u00e9nements et le pixel mapping. L\u00e8che-mur LED d'int\u00e9rieur haute puissance avec contr\u00f4le des pixels et pr\u00e9cision DMX.<\/h3>\n<ul data-start=\"1239\" data-end=\"2137\">\n<li class=\"\" data-start=\"2034\" data-end=\"2137\">\n<h2 class=\"\" data-start=\"128\" data-end=\"159\">\ud83d\udee0\ufe0f Sp\u00e9cifications techniques<\/h2>\n<div class=\"_tableContainer_16hzy_1\">\n<div class=\"_tableWrapper_16hzy_14 group flex w-fit flex-col-reverse\" tabindex=\"-1\">\n<table class=\"w-fit min-w-(--thread-content-width)\" data-start=\"161\" data-end=\"1500\">\n<thead data-start=\"161\" data-end=\"239\">\n<tr data-start=\"161\" data-end=\"239\">\n<th data-start=\"161\" data-end=\"186\" data-col-size=\"sm\"><strong data-start=\"163\" data-end=\"180\">Sp\u00e9cifications<\/strong><\/th>\n<th data-start=\"186\" data-end=\"239\" data-col-size=\"sm\"><strong data-start=\"188\" data-end=\"197\">Valeur<\/strong><\/th>\n<\/tr>\n<\/thead>\n<tbody data-start=\"319\" data-end=\"1500\">\n<tr data-start=\"319\" data-end=\"397\">\n<td data-start=\"319\" data-end=\"344\" data-col-size=\"sm\"><strong data-start=\"321\" data-end=\"336\">Puissance nominale<\/strong><\/td>\n<td data-col-size=\"sm\" data-start=\"344\" data-end=\"397\">300W<\/td>\n<\/tr>\n<tr data-start=\"398\" data-end=\"476\">\n<td data-start=\"398\" data-end=\"423\" data-col-size=\"sm\"><strong data-start=\"400\" data-end=\"411\">Tension<\/strong><\/td>\n<td data-col-size=\"sm\" data-start=\"423\" data-end=\"476\">AC100-240V, 50\/60Hz<\/td>\n<\/tr>\n<tr data-start=\"477\" data-end=\"555\">\n<td data-start=\"477\" data-end=\"502\" data-col-size=\"sm\"><strong data-start=\"479\" data-end=\"491\">Type de LED<\/strong><\/td>\n<td data-col-size=\"sm\" data-start=\"502\" data-end=\"555\">18 LED 15W 4-en-1 RGBW \u00e0 haute luminosit\u00e9<\/td>\n<\/tr>\n<tr data-start=\"556\" data-end=\"634\">\n<td data-start=\"556\" data-end=\"581\" data-col-size=\"sm\"><strong data-start=\"558\" data-end=\"572\">Angle du faisceau<\/strong><\/td>\n<td data-col-size=\"sm\" data-start=\"581\" data-end=\"634\">En option 25\u00b0 \/ 40\u00b0<\/td>\n<\/tr>\n<tr data-start=\"635\" data-end=\"712\">\n<td data-start=\"635\" data-end=\"660\" data-col-size=\"sm\"><strong data-start=\"637\" data-end=\"648\">Gradation<\/strong><\/td>\n<td data-col-size=\"sm\" data-start=\"660\" data-end=\"712\">0-100% Gradation progressive (PWM \u00e0 1KHz)<\/td>\n<\/tr>\n<tr data-start=\"713\" data-end=\"791\">\n<td data-start=\"713\" data-end=\"738\" data-col-size=\"sm\"><strong data-start=\"715\" data-end=\"736\">Protocoles de contr\u00f4le<\/strong><\/td>\n<td data-col-size=\"sm\" data-start=\"738\" data-end=\"791\">DMX512 \/ Ma\u00eetre-Esclave<\/td>\n<\/tr>\n<tr data-start=\"792\" data-end=\"870\">\n<td data-start=\"792\" data-end=\"817\" data-col-size=\"sm\"><strong data-start=\"794\" data-end=\"811\">Modes de canaux<\/strong><\/td>\n<td data-col-size=\"sm\" data-start=\"817\" data-end=\"870\">CH6, CH9, CH29, CH77<\/td>\n<\/tr>\n<tr data-start=\"871\" data-end=\"948\">\n<td data-start=\"871\" data-end=\"896\" data-col-size=\"sm\"><strong data-start=\"873\" data-end=\"890\">Contr\u00f4le des pixels<\/strong><\/td>\n<td data-col-size=\"sm\" data-start=\"896\" data-end=\"948\">Contr\u00f4le d'un seul point, d'une seule LED<\/td>\n<\/tr>\n<tr data-start=\"949\" data-end=\"1027\">\n<td data-start=\"949\" data-end=\"974\" data-col-size=\"sm\"><strong data-start=\"951\" data-end=\"972\">Force \u00e9lectrique<\/strong><\/td>\n<td data-col-size=\"sm\" data-start=\"974\" data-end=\"1027\">1,5KV<\/td>\n<\/tr>\n<tr data-start=\"1028\" data-end=\"1106\">\n<td data-start=\"1028\" data-end=\"1053\" data-col-size=\"sm\"><strong data-start=\"1030\" data-end=\"1053\">Temp\u00e9rature de fonctionnement<\/strong><\/td>\n<td data-start=\"1053\" data-end=\"1106\" data-col-size=\"sm\">De -20\u00b0C \u00e0 40\u00b0C<\/td>\n<\/tr>\n<tr data-start=\"1107\" data-end=\"1185\">\n<td data-start=\"1107\" data-end=\"1132\" data-col-size=\"sm\"><strong data-start=\"1109\" data-end=\"1130\">Indice de protection<\/strong><\/td>\n<td data-col-size=\"sm\" data-start=\"1132\" data-end=\"1185\">IP20 (utilisation int\u00e9rieure uniquement)<\/td>\n<\/tr>\n<tr data-start=\"1186\" data-end=\"1263\">\n<td data-start=\"1186\" data-end=\"1211\" data-col-size=\"sm\"><strong data-start=\"1188\" data-end=\"1208\">Mat\u00e9riau du bo\u00eetier<\/strong><\/td>\n<td data-col-size=\"sm\" data-start=\"1211\" data-end=\"1263\">Alliage d'aluminium avec rev\u00eatement en poudre noir<\/td>\n<\/tr>\n<tr data-start=\"1264\" data-end=\"1342\">\n<td data-start=\"1264\" data-end=\"1289\" data-col-size=\"sm\"><strong data-start=\"1266\" data-end=\"1280\">Dimensions<\/strong><\/td>\n<td data-col-size=\"sm\" data-start=\"1289\" data-end=\"1342\">1000 \u00d7 88 \u00d7 170 mm<\/td>\n<\/tr>\n<tr data-start=\"1343\" data-end=\"1421\">\n<td data-start=\"1343\" data-end=\"1368\" data-col-size=\"sm\"><strong data-start=\"1345\" data-end=\"1359\">Poids net<\/strong><\/td>\n<td data-col-size=\"sm\" data-start=\"1368\" data-end=\"1421\">5,5 kg<\/td>\n<\/tr>\n<tr data-start=\"1422\" data-end=\"1500\">\n<td data-start=\"1422\" data-end=\"1447\" data-col-size=\"sm\"><strong data-start=\"1424\" data-end=\"1447\">Taille du carton (4 pi\u00e8ces)<\/strong><\/td>\n<td data-col-size=\"sm\" data-start=\"1447\" data-end=\"1500\">106 \u00d7 28 \u00d7 41 cm - Poids 24 kg<\/td>\n<\/tr>\n<\/tbody>\n<\/table>\n<\/div>\n<\/div>\n<\/li>\n<\/ul>\n<h2 class=\"\" data-start=\"1208\" data-end=\"1237\"><strong data-start=\"1214\" data-end=\"1237\">\ud83d\udca1Fonctionnement en bref<\/strong><\/h2>\n<ul data-start=\"1239\" data-end=\"2137\">\n<li class=\"\" data-start=\"1239\" data-end=\"1391\">\n<p class=\"\" data-start=\"1241\" data-end=\"1391\"><strong data-start=\"1241\" data-end=\"1274\">Sortie RGBW haute performance :<\/strong><br data-start=\"1274\" data-end=\"1277\" \/>\u00c9quip\u00e9 de <strong data-start=\"1293\" data-end=\"1323\">18PCS 15W 4-in-1 RGBW LEDs<\/strong>Ce luminaire offre une luminosit\u00e9 \u00e9tonnante et un m\u00e9lange de couleurs harmonieux.<\/p>\n<\/li>\n<li class=\"\" data-start=\"1393\" data-end=\"1540\">\n<p class=\"\" data-start=\"1395\" data-end=\"1540\"><strong data-start=\"1395\" data-end=\"1422\">Contr\u00f4le pixel par pixel :<\/strong><br data-start=\"1422\" data-end=\"1425\" \/>Chaque LED est <strong data-start=\"1439\" data-end=\"1468\">contr\u00f4lable individuellement<\/strong>permettant un mappage avanc\u00e9 des pixels, des poursuites dynamiques et des effets de gradient.<\/p>\n<\/li>\n<li class=\"\" data-start=\"1542\" data-end=\"1639\">\n<p class=\"\" data-start=\"1544\" data-end=\"1639\"><strong data-start=\"1544\" data-end=\"1569\">Angles de faisceau multiples :<\/strong><br data-start=\"1569\" data-end=\"1572\" \/>En option <strong data-start=\"1583\" data-end=\"1609\">Angles de rayonnement de 25\u00b0 ou 40<\/strong> pour une couverture cibl\u00e9e ou \u00e9tendue.<\/p>\n<\/li>\n<li class=\"\" data-start=\"1641\" data-end=\"1787\">\n<p class=\"\" data-start=\"1643\" data-end=\"1787\"><strong data-start=\"1643\" data-end=\"1674\">Compatibilit\u00e9 DMX avanc\u00e9e :<\/strong><br data-start=\"1674\" data-end=\"1677\" \/>Choisissez parmi <strong data-start=\"1691\" data-end=\"1717\">6\/9\/29\/77 Canaux DMX<\/strong>compatible avec le protocole standard DMX512 et le fonctionnement ma\u00eetre-esclave.<\/p>\n<\/li>\n<li class=\"\" data-start=\"1789\" data-end=\"1913\">\n<p class=\"\" data-start=\"1791\" data-end=\"1913\"><strong data-start=\"1791\" data-end=\"1816\">Gradation professionnelle :<\/strong><br data-start=\"1816\" data-end=\"1819\" \/>Lisse <strong data-start=\"1828\" data-end=\"1858\">1KHz Fr\u00e9quence de gradation PWM<\/strong>La technologie de l'eau est id\u00e9ale pour les applications de cam\u00e9ra et pour un fonctionnement silencieux.<\/p>\n<\/li>\n<li class=\"\" data-start=\"1915\" data-end=\"2032\">\n<p class=\"\" data-start=\"1917\" data-end=\"2032\"><strong data-start=\"1917\" data-end=\"1940\">Robuste et compact :<\/strong><br data-start=\"1940\" data-end=\"1943\" \/>Class\u00e9 pour l'int\u00e9rieur <strong data-start=\"1958\" data-end=\"1980\">Corps en aluminium IP20<\/strong>optimis\u00e9 pour les installations permanentes ou mobiles.<\/p>\n<\/li>\n<li class=\"\" data-start=\"2034\" data-end=\"2137\">\n<p class=\"\" data-start=\"2036\" data-end=\"2137\"><strong data-start=\"2036\" data-end=\"2062\">R\u00e9sistance \u00e0 la temp\u00e9rature :<\/strong><br data-start=\"2062\" data-end=\"2065\" \/>Des performances fiables sur l'ensemble du territoire <strong data-start=\"2095\" data-end=\"2110\">-20\u2103 \u00e0 40\u2103<\/strong> plage de temp\u00e9rature ambiante.<\/p>\n<\/li>\n<\/ul>\n<h2 class=\"\" data-start=\"3542\" data-end=\"3573\">\ud83c\udfaf <strong data-start=\"3548\" data-end=\"3573\">Sc\u00e9narios d'application<\/strong><\/h2>\n<ul data-start=\"3575\" data-end=\"4059\">\n<li class=\"\" data-start=\"3575\" data-end=\"3667\">\n<p class=\"\" data-start=\"3577\" data-end=\"3667\"><strong data-start=\"3577\" data-end=\"3601\">Lavage de sc\u00e8ne \u00c9clairage :<\/strong><br data-start=\"3601\" data-end=\"3604\" \/>Cr\u00e9ez des atmosph\u00e8res de sc\u00e8ne immersives avec des effets de pixels.<\/p>\n<\/li>\n<li class=\"\" data-start=\"3669\" data-end=\"3767\">\n<p class=\"\" data-start=\"3671\" data-end=\"3767\"><strong data-start=\"3671\" data-end=\"3702\">Toiles de fond de th\u00e9\u00e2tre et de studio :<\/strong><br data-start=\"3702\" data-end=\"3705\" \/>Lavage de couleur uniforme et doux pour les murs et les rideaux de la sc\u00e8ne.<\/p>\n<\/li>\n<li class=\"\" data-start=\"3769\" data-end=\"3870\">\n<p class=\"\" data-start=\"3771\" data-end=\"3870\"><strong data-start=\"3771\" data-end=\"3797\">D\u00e9coration d'\u00e9v\u00e9nements et de mariages :<\/strong><br data-start=\"3797\" data-end=\"3800\" \/>Les murs et les poutrelles sont tapiss\u00e9s pour cr\u00e9er un effet d'ambiance ou un flux de couleurs synchronis\u00e9 avec le rythme.<\/p>\n<\/li>\n<li class=\"\" data-start=\"3872\" data-end=\"3965\">\n<p class=\"\" data-start=\"3874\" data-end=\"3965\"><strong data-start=\"3874\" data-end=\"3896\">Bo\u00eetes de nuit et bars :<\/strong><br data-start=\"3896\" data-end=\"3899\" \/>Ajoutez des effets lin\u00e9aires dynamiques sur les murs, les cabines de DJ ou les pistes de danse.<\/p>\n<\/li>\n<li class=\"\" data-start=\"3967\" data-end=\"4059\">\n<p class=\"\" data-start=\"3969\" data-end=\"4059\"><strong data-start=\"3969\" data-end=\"3994\">Accent architectural :<\/strong><br data-start=\"3994\" data-end=\"3997\" \/>Mettre en \u00e9vidence les surfaces verticales, les couloirs ou les structures int\u00e9rieures.<\/p>\n<\/li>\n<\/ul>\n<h2 class=\"\" data-start=\"3290\" data-end=\"3317\">\ud83d\udce6 <strong data-start=\"3296\" data-end=\"3317\">Options d'emballage<\/strong><\/h2>\n<ul data-start=\"3319\" data-end=\"3535\">\n<li class=\"\" data-start=\"3319\" data-end=\"3427\">\n<p class=\"\" data-start=\"3321\" data-end=\"3427\"><strong data-start=\"3321\" data-end=\"3342\">Paquet standard :<\/strong><br data-start=\"3342\" data-end=\"3345\" \/>4 unit\u00e9s par carton<br data-start=\"3365\" data-end=\"3368\" \/>Taille du carton : <strong data-start=\"3383\" data-end=\"3399\">106\u00d728\u00d741 cm<\/strong><br data-start=\"3399\" data-end=\"3402\" \/>Poids brut : <strong data-start=\"3418\" data-end=\"3427\">24 kg<\/strong><\/p>\n<\/li>\n<\/ul>\n<p><iframe src=\"https:\/\/www.youtube.com\/embed\/GBLlm7Np-Ng\" width=\"560\" height=\"315\" frameborder=\"0\" allowfullscreen=\"allowfullscreen\"><\/iframe><\/p>\n\n\n<p><\/p>","protected":false},"excerpt":{"rendered":"<p>L\u00e8che-mur LED d'int\u00e9rieur de 1 m\u00e8tre avec 18 LED RGBW 4-en-1 \u00e0 haute luminosit\u00e9, contr\u00f4le individuel des pixels et angles de rayonnement de 25\u00b0\/40\u00b0 en option. Supporte DMX512 et le mode ma\u00eetre-esclave. Id\u00e9al pour les concerts, les th\u00e9\u00e2tres et les clubs.<\/p>","protected":false},"featured_media":13279,"comment_status":"open","ping_status":"closed","template":"","meta":{"_acf_changed":false,"_seopress_robots_primary_cat":"none","_seopress_titles_title":"18x15W LED Wall Washer Pixel \u2013 IP20 Indoor Linear Fixture","_seopress_titles_desc":"","_seopress_robots_index":""},"product_brand":[],"product_cat":[266,403],"product_tag":[171,173,172,166],"class_list":{"0":"post-1587","1":"product","2":"type-product","3":"status-publish","4":"has-post-thumbnail","6":"product_cat-led-bar-light","7":"product_cat-product","8":"product_tag-18x15w-rgbw-wall-washer","9":"product_tag-led-wall-beam-wash","10":"product_tag-led-wall-wash-bar-light","11":"product_tag-super-brightness-led-washer","13":"first","14":"instock","15":"shipping-taxable","16":"product-type-simple"},"acf":[],"_links":{"self":[{"href":"https:\/\/aolait.com\/fr\/wp-json\/wp\/v2\/product\/1587","targetHints":{"allow":["GET"]}}],"collection":[{"href":"https:\/\/aolait.com\/fr\/wp-json\/wp\/v2\/product"}],"about":[{"href":"https:\/\/aolait.com\/fr\/wp-json\/wp\/v2\/types\/product"}],"replies":[{"embeddable":true,"href":"https:\/\/aolait.com\/fr\/wp-json\/wp\/v2\/comments?post=1587"}],"wp:featuredmedia":[{"embeddable":true,"href":"https:\/\/aolait.com\/fr\/wp-json\/wp\/v2\/media\/13279"}],"wp:attachment":[{"href":"https:\/\/aolait.com\/fr\/wp-json\/wp\/v2\/media?parent=1587"}],"wp:term":[{"taxonomy":"product_brand","embeddable":true,"href":"https:\/\/aolait.com\/fr\/wp-json\/wp\/v2\/product_brand?post=1587"},{"taxonomy":"product_cat","embeddable":true,"href":"https:\/\/aolait.com\/fr\/wp-json\/wp\/v2\/product_cat?post=1587"},{"taxonomy":"product_tag","embeddable":true,"href":"https:\/\/aolait.com\/fr\/wp-json\/wp\/v2\/product_tag?post=1587"}],"curies":[{"name":"wp","href":"https:\/\/api.w.org\/{rel}","templated":true}]}}