{"id":1594,"date":"2020-11-09T11:22:42","date_gmt":"2020-11-09T03:22:42","guid":{"rendered":"https:\/\/aolait.com\/?post_type=product&#038;p=1594"},"modified":"2025-10-21T19:03:59","modified_gmt":"2025-10-21T11:03:59","slug":"led-stripe-bar-40","status":"publish","type":"product","link":"https:\/\/aolait.com\/fr\/produit\/barre-lumineuse-40\/","title":{"rendered":"Led Stripe Bar 40"},"content":{"rendered":"<p>Tension : 24V DC<\/p>\n<p>Puissance : 13w<\/p>\n<p>Source lumineuse : 40 perles de lampe SMD5050 \u00e0 tr\u00e8s haute luminosit\u00e9<\/p>\n<p>Angle de vision : 120\u00b0.<\/p>\n<p>Luminosit\u00e9 : un m\u00e8tre 20LUX<\/p>\n<p>Couleur : RGB<\/p>\n<p>Matrice de pixels : 40*1<\/p>\n<p>Programme de contr\u00f4le : DMX, Art-Net<\/p>\n<p>Canal Art-Net : 120<\/p>\n<p>Taille : 1000*35*100mm<\/p>\n<p>Poids net : 1,6 kg<\/p>\n<p><iframe src=\"https:\/\/www.youtube.com\/embed\/c5DWaJZo8bE\" width=\"560\" height=\"315\" frameborder=\"0\" allowfullscreen=\"allowfullscreen\"><\/iframe><\/p>","protected":false},"excerpt":{"rendered":"<p>AL4000LB est l'une des plus r\u00e9centes barres lumineuses \u00e0 LED d'Aolait.<\/p>\n<p>\u00c9quip\u00e9 d'un double protocole DMX-Art-net aux normes internationales. Chaque bo\u00eetier de commande peut contr\u00f4ler 16 barres lumineuses \u00e0 DEL. Contr\u00f4le matriciel 40\u00d71, contr\u00f4le par pixel.<\/p>\n<p>Sortie\/entr\u00e9e de port r\u00e9seau CAT-5, bo\u00eetier de type \u00e9pissure.<\/p>","protected":false},"featured_media":12025,"comment_status":"open","ping_status":"closed","template":"","meta":{"_acf_changed":false,"_seopress_robots_primary_cat":"none","_seopress_titles_title":"","_seopress_titles_desc":"","_seopress_robots_index":""},"product_brand":[],"product_cat":[266,403],"product_tag":[178,174,177,79],"class_list":{"0":"post-1594","1":"product","2":"type-product","3":"status-publish","4":"has-post-thumbnail","6":"product_cat-led-bar-light","7":"product_cat-product","8":"product_tag-art-net-led-bar-light","9":"product_tag-led-bar-light","10":"product_tag-led-bar-light-pixel-controlled","11":"product_tag-stage-lighting","13":"first","14":"instock","15":"shipping-taxable","16":"product-type-simple"},"acf":[],"_links":{"self":[{"href":"https:\/\/aolait.com\/fr\/wp-json\/wp\/v2\/product\/1594","targetHints":{"allow":["GET"]}}],"collection":[{"href":"https:\/\/aolait.com\/fr\/wp-json\/wp\/v2\/product"}],"about":[{"href":"https:\/\/aolait.com\/fr\/wp-json\/wp\/v2\/types\/product"}],"replies":[{"embeddable":true,"href":"https:\/\/aolait.com\/fr\/wp-json\/wp\/v2\/comments?post=1594"}],"wp:featuredmedia":[{"embeddable":true,"href":"https:\/\/aolait.com\/fr\/wp-json\/wp\/v2\/media\/12025"}],"wp:attachment":[{"href":"https:\/\/aolait.com\/fr\/wp-json\/wp\/v2\/media?parent=1594"}],"wp:term":[{"taxonomy":"product_brand","embeddable":true,"href":"https:\/\/aolait.com\/fr\/wp-json\/wp\/v2\/product_brand?post=1594"},{"taxonomy":"product_cat","embeddable":true,"href":"https:\/\/aolait.com\/fr\/wp-json\/wp\/v2\/product_cat?post=1594"},{"taxonomy":"product_tag","embeddable":true,"href":"https:\/\/aolait.com\/fr\/wp-json\/wp\/v2\/product_tag?post=1594"}],"curies":[{"name":"wp","href":"https:\/\/api.w.org\/{rel}","templated":true}]}}