{"id":1665,"date":"2020-11-10T09:21:29","date_gmt":"2020-11-10T01:21:29","guid":{"rendered":"https:\/\/aolait.com\/?post_type=product&#038;p=1665"},"modified":"2025-10-21T19:03:58","modified_gmt":"2025-10-21T11:03:58","slug":"200w-led-profile","status":"publish","type":"product","link":"https:\/\/aolait.com\/fr\/produit\/200w-led-profile\/","title":{"rendered":"200W Led Profile"},"content":{"rendered":"<p>Tension : AC100~240V 50-60Hz<\/p>\n<p>Entr\u00e9e \/ sortie de signal : Entr\u00e9e\/sortie 3P-XLR, signal DMX512<\/p>\n<p>Consommation \u00e9lectrique : 220W maximum<\/p>\n<p>Source lumineuse LED : lumi\u00e8re blanche LED 200W<\/p>\n<p>Canal DMX : 3 canaux DMX<\/p>\n<p>Contr\u00f4le : 4 courbes de gradation peuvent \u00eatre s\u00e9lectionn\u00e9es ; synchronisation ma\u00eetre-esclave ; programme automoteur s\u00e9par\u00e9.<\/p>\n<p>Angle du faisceau : 19, 26, 36\u00b0.<\/p>\n<p>Indice d'\u00e9tanch\u00e9it\u00e9 : IP20<\/p>\n<p>Mat\u00e9riau du bo\u00eetier : aluminium moul\u00e9 sous pression<\/p>\n<p>Entr\u00e9e d'alimentation : Alimentation PowerCON<\/p>\n<p>Temp\u00e9rature de l'environnement de travail : -20\u00b0-40\u00b0.<\/p>\n<p>Taille : 340*270*650mm<\/p>\n<p>Poids net : 10 kg<\/p>","protected":false},"excerpt":{"rendered":"<p>AL200LP 200w zoom led profile, angle de rayonnement : 19, 26, 36\u00b0 (Option)<\/p>\n<p>Le bo\u00eetier en aluminium blanc chaud ou blanc froid est optionnel.<\/p>","protected":false},"featured_media":11887,"comment_status":"open","ping_status":"closed","template":"","meta":{"_acf_changed":false,"_seopress_robots_primary_cat":"none","_seopress_titles_title":"","_seopress_titles_desc":"","_seopress_robots_index":""},"product_brand":[],"product_cat":[41,403],"product_tag":[191,194,192],"class_list":{"0":"post-1665","1":"product","2":"type-product","3":"status-publish","4":"has-post-thumbnail","6":"product_cat-led-studio-light","7":"product_cat-product","8":"product_tag-200w-led-profile-light","9":"product_tag-300w-led-profile","10":"product_tag-led-leko-ellipsoidal","12":"first","13":"instock","14":"shipping-taxable","15":"product-type-simple"},"acf":[],"_links":{"self":[{"href":"https:\/\/aolait.com\/fr\/wp-json\/wp\/v2\/product\/1665","targetHints":{"allow":["GET"]}}],"collection":[{"href":"https:\/\/aolait.com\/fr\/wp-json\/wp\/v2\/product"}],"about":[{"href":"https:\/\/aolait.com\/fr\/wp-json\/wp\/v2\/types\/product"}],"replies":[{"embeddable":true,"href":"https:\/\/aolait.com\/fr\/wp-json\/wp\/v2\/comments?post=1665"}],"wp:featuredmedia":[{"embeddable":true,"href":"https:\/\/aolait.com\/fr\/wp-json\/wp\/v2\/media\/11887"}],"wp:attachment":[{"href":"https:\/\/aolait.com\/fr\/wp-json\/wp\/v2\/media?parent=1665"}],"wp:term":[{"taxonomy":"product_brand","embeddable":true,"href":"https:\/\/aolait.com\/fr\/wp-json\/wp\/v2\/product_brand?post=1665"},{"taxonomy":"product_cat","embeddable":true,"href":"https:\/\/aolait.com\/fr\/wp-json\/wp\/v2\/product_cat?post=1665"},{"taxonomy":"product_tag","embeddable":true,"href":"https:\/\/aolait.com\/fr\/wp-json\/wp\/v2\/product_tag?post=1665"}],"curies":[{"name":"wp","href":"https:\/\/api.w.org\/{rel}","templated":true}]}}