{"id":2216,"date":"2021-01-06T10:10:28","date_gmt":"2021-01-06T02:10:28","guid":{"rendered":"https:\/\/aolait.com\/?post_type=product&#038;p=2216"},"modified":"2025-12-08T09:32:43","modified_gmt":"2025-12-08T01:32:43","slug":"4x18w-led-battery-par","status":"publish","type":"product","link":"https:\/\/aolait.com\/fr\/produit\/4x18w-led-battery-par\/","title":{"rendered":"B4C 4x18W Led Battery Par"},"content":{"rendered":"<p>Tension : AC100-240V, 50-60Hz<\/p>\n<p>Puissance : 75W<\/p>\n<p>Source de lumi\u00e8re : 4 *18W perles LED haute luminosit\u00e9 (6 en 1)<\/p>\n<p>Couleur : 16,7 millions de changements de couleur<\/p>\n<p>Dur\u00e9e de vie : 50000 heures<\/p>\n<p>Cha\u00eene : 6\/10CH<\/p>\n<p>Contr\u00f4le : DMX512\/2,4G sans fil\/WIFI App control\uff08IOS AND Andriod\uff09\/IR remote control\/masterslave\/auto\/sound.<\/p>\n<p>Angle d'ouverture : 15\u00b0\/40\u00b0<\/p>\n<p>Gradateur : 0-100% 16Bit gradation lin\u00e9aire pas de scintillement jitter<\/p>\n<p>T\u00e9l\u00e9commande sans fil DMX et IR<\/p>\n<p>Batterie : batterie au lithium 18650 import\u00e9e *12 3 cordes 4 et 4*2400=9600 capacit\u00e9<\/p>\n<p>Temps de charge : charge compl\u00e8te en 5 heures<\/p>\n<p>Dur\u00e9e de d\u00e9charge : RGBWAUV est pleinement lumineux pendant 4,5 heures et monochromatique pendant 20 heures. Mode autopropuls\u00e9 : 9 heures<\/p>\n<p>Strobe : 0-20 fois\/seconde<\/p>\n<p>Classe IP : IP22<\/p>\n<p>Taille : 19.5*19*25.5cm<\/p>\n<p>Poids net : 2,4 kg<\/p>\n<p><iframe src=\"https:\/\/www.youtube.com\/embed\/07leEOpFm4I\" width=\"560\" height=\"315\" frameborder=\"0\" allowfullscreen=\"allowfullscreen\"><\/iframe><\/p>","protected":false},"excerpt":{"rendered":"<p>ALB4C est un par sans fil de taille unique, \u00e9quip\u00e9 de 4 LED RGBWA+UV de 18W.<\/p>\n<p>La batterie de capacit\u00e9 sp\u00e9ciale de l'appareil permet de travailler environ 4,5 heures en couleur et de faire fonctionner l'appareil en mode automatique pendant au moins 9 heures.<\/p>","protected":false},"featured_media":14082,"comment_status":"open","ping_status":"closed","template":"","meta":{"_acf_changed":false,"_seopress_robots_primary_cat":"none","_seopress_titles_title":"","_seopress_titles_desc":"","_seopress_robots_index":""},"product_brand":[],"product_cat":[220,403],"product_tag":[210,208,211,209],"class_list":{"0":"post-2216","1":"product","2":"type-product","3":"status-publish","4":"has-post-thumbnail","6":"product_cat-led-battery-uplight","7":"product_cat-product","8":"product_tag-4x18w-wireless-led-battery-par","9":"product_tag-led-battery-par","10":"product_tag-rgbwauv-led-wireless-par","11":"product_tag-wireless-led-par","13":"first","14":"instock","15":"shipping-taxable","16":"product-type-simple"},"acf":[],"_links":{"self":[{"href":"https:\/\/aolait.com\/fr\/wp-json\/wp\/v2\/product\/2216","targetHints":{"allow":["GET"]}}],"collection":[{"href":"https:\/\/aolait.com\/fr\/wp-json\/wp\/v2\/product"}],"about":[{"href":"https:\/\/aolait.com\/fr\/wp-json\/wp\/v2\/types\/product"}],"replies":[{"embeddable":true,"href":"https:\/\/aolait.com\/fr\/wp-json\/wp\/v2\/comments?post=2216"}],"wp:featuredmedia":[{"embeddable":true,"href":"https:\/\/aolait.com\/fr\/wp-json\/wp\/v2\/media\/14082"}],"wp:attachment":[{"href":"https:\/\/aolait.com\/fr\/wp-json\/wp\/v2\/media?parent=2216"}],"wp:term":[{"taxonomy":"product_brand","embeddable":true,"href":"https:\/\/aolait.com\/fr\/wp-json\/wp\/v2\/product_brand?post=2216"},{"taxonomy":"product_cat","embeddable":true,"href":"https:\/\/aolait.com\/fr\/wp-json\/wp\/v2\/product_cat?post=2216"},{"taxonomy":"product_tag","embeddable":true,"href":"https:\/\/aolait.com\/fr\/wp-json\/wp\/v2\/product_tag?post=2216"}],"curies":[{"name":"wp","href":"https:\/\/api.w.org\/{rel}","templated":true}]}}