{"id":2487,"date":"2021-04-13T15:44:59","date_gmt":"2021-04-13T07:44:59","guid":{"rendered":"https:\/\/aolait.com\/?post_type=product&#038;p=2487"},"modified":"2025-10-21T19:03:58","modified_gmt":"2025-10-21T11:03:58","slug":"4006b-moving-head-wash","status":"publish","type":"product","link":"https:\/\/aolait.com\/fr\/produit\/4006b-lavage-a-tete-mobile\/","title":{"rendered":"6X40W Led Blader Moving Head Wash Light"},"content":{"rendered":"<p>Param\u00e8tres<\/p>\n<p>Tension d'entr\u00e9e : AC90-AC240 50-60HZ<br \/>\nSource LED : 6X40w RGBW haute luminosit\u00e9 4 en 1<br \/>\nChaque pixel de la DEL est contr\u00f4l\u00e9<br \/>\nAngle de zoom : degr\u00e9 du faisceau : 5\u00b0-35\u00b0.<br \/>\nDur\u00e9e de vie de la source lumineuse : 50 000 heures<br \/>\nGradation : 0-100% gradation lin\u00e9aire<br \/>\nConsommation \u00e9lectrique : 260W<br \/>\nMouvement d'inclinaison : 220\u00b0+16 bits, rotation douce et de haute pr\u00e9cision<br \/>\nStrobe : 1-25 fois\/sec<br \/>\nSignal de commande : DMX512, ma\u00eetre-esclave, commande vocale ou autopropuls\u00e9e<br \/>\nprogramme<br \/>\nCanal de contr\u00f4le : 18\/32CH<br \/>\nTaille du produit : 51*10*30cm<br \/>\net Poids 9.3 GS<\/p>","protected":false},"excerpt":{"rendered":"<p>Le Blader est une barre LED mobile avanc\u00e9e avec des caract\u00e9ristiques qui la transforment en une toute nouvelle lumi\u00e8re \u00e0 effets multi-faisceaux. Elle est \u00e9quip\u00e9e de six nouvelles LED OSRAM Ostar RGBW d'une puissance de 40W.<br \/>\nIl est \u00e9quip\u00e9 d'un zoom optique motoris\u00e9 capable de produire un angle de faisceau minimal de seulement 5\u00b0. Gr\u00e2ce \u00e0 ses lentilles extraordinaires, le Blader est capable de produire six faisceaux lumineux tr\u00e8s \u00e9troits et denses, projetant des rayons lumineux parall\u00e8les dans l'air. Aucune barre LED comparable n'est capable de produire un effet similaire.<br \/>\nL'angle de zoom est compris entre 5 et 35 degr\u00e9s, avec 7 fois l'effet de zoom, il produit \u00e9galement une tr\u00e8s bonne fonction de lavage.<\/p>","protected":false},"featured_media":12161,"comment_status":"open","ping_status":"closed","template":"","meta":{"_acf_changed":false,"_seopress_robots_primary_cat":"none","_seopress_titles_title":"","_seopress_titles_desc":"","_seopress_robots_index":""},"product_brand":[],"product_cat":[28,403],"product_tag":[241,239,240,38],"class_list":{"0":"post-2487","1":"product","2":"type-product","3":"status-publish","4":"has-post-thumbnail","6":"product_cat-led-wash-moving-head","7":"product_cat-product","8":"product_tag-clay-paky-sharbar","9":"product_tag-led-bar-moving-head","10":"product_tag-led-blader","11":"product_tag-led-wash-moving-head","13":"first","14":"instock","15":"shipping-taxable","16":"product-type-simple"},"acf":[],"_links":{"self":[{"href":"https:\/\/aolait.com\/fr\/wp-json\/wp\/v2\/product\/2487","targetHints":{"allow":["GET"]}}],"collection":[{"href":"https:\/\/aolait.com\/fr\/wp-json\/wp\/v2\/product"}],"about":[{"href":"https:\/\/aolait.com\/fr\/wp-json\/wp\/v2\/types\/product"}],"replies":[{"embeddable":true,"href":"https:\/\/aolait.com\/fr\/wp-json\/wp\/v2\/comments?post=2487"}],"wp:featuredmedia":[{"embeddable":true,"href":"https:\/\/aolait.com\/fr\/wp-json\/wp\/v2\/media\/12161"}],"wp:attachment":[{"href":"https:\/\/aolait.com\/fr\/wp-json\/wp\/v2\/media?parent=2487"}],"wp:term":[{"taxonomy":"product_brand","embeddable":true,"href":"https:\/\/aolait.com\/fr\/wp-json\/wp\/v2\/product_brand?post=2487"},{"taxonomy":"product_cat","embeddable":true,"href":"https:\/\/aolait.com\/fr\/wp-json\/wp\/v2\/product_cat?post=2487"},{"taxonomy":"product_tag","embeddable":true,"href":"https:\/\/aolait.com\/fr\/wp-json\/wp\/v2\/product_tag?post=2487"}],"curies":[{"name":"wp","href":"https:\/\/api.w.org\/{rel}","templated":true}]}}