{"id":2499,"date":"2021-04-29T21:34:08","date_gmt":"2021-04-29T13:34:08","guid":{"rendered":"https:\/\/aolait.com\/?post_type=product&#038;p=2499"},"modified":"2025-10-21T19:03:58","modified_gmt":"2025-10-21T11:03:58","slug":"19x40w-led-moving-head-wash-ip65-waterproof","status":"publish","type":"product","link":"https:\/\/aolait.com\/fr\/produit\/19x40w-led-moving-head-wash-ip65-waterproof\/","title":{"rendered":"19x40W LED Moving Head Wash IP65 Waterproof - Lumi\u00e8re Pixel Wash pour l'ext\u00e9rieur"},"content":{"rendered":"<h2 class=\"wp-block-heading\"><\/h2>\n\n\n\n<figure class=\"wp-block-embed is-type-video is-provider-youtube wp-block-embed-youtube wp-embed-aspect-4-3 wp-has-aspect-ratio\"><div class=\"wp-block-embed__wrapper\">\n<iframe title=\"AL1940WP-19x40W Led Bee Eye Wash Zoom IP65 Waterproof\" width=\"800\" height=\"450\" src=\"https:\/\/www.youtube.com\/embed\/XKc3yhKju-4?feature=oembed\" frameborder=\"0\" allow=\"accelerometer; autoplay; clipboard-write; encrypted-media; gyroscope; picture-in-picture; web-share\" referrerpolicy=\"strict-origin-when-cross-origin\" allowfullscreen><\/iframe>\n<\/div><\/figure>\n\n\n\n<p><\/p>","protected":false},"excerpt":{"rendered":"<p>19X40W Led wash moving head IP65 est une toute nouvelle lampe wash moving head \u00e9tanche. Gr\u00e2ce \u00e0 son syst\u00e8me d'\u00e9tanch\u00e9it\u00e9 et de ventilation exceptionnel, il est parfaitement adapt\u00e9 au lavage en ext\u00e9rieur, notamment dans les parcs et les sites touristiques ruraux, ainsi qu'\u00e0 tout autre \u00e9v\u00e9nement en plein air. \u00a0<\/p>","protected":false},"featured_media":13383,"comment_status":"open","ping_status":"closed","template":"","meta":{"_acf_changed":false,"_seopress_robots_primary_cat":"none","_seopress_titles_title":"19x40W LED Moving Head Wash IP65 Waterproof | Outdoor Stage Pixel Light \u2013 Aolait","_seopress_titles_desc":"Discover the 19x40W LED Moving Head Wash IP65 Waterproof Light from Aolait. Featuring pixel control, infinite rotating lens, beam & wash effects, and weatherproof design \u2014 perfect for outdoor stage lighting and architectural applications.","_seopress_robots_index":""},"product_brand":[],"product_cat":[28,403],"product_tag":[311,316,274,312,121,313,315,314],"class_list":{"0":"post-2499","1":"product","2":"type-product","3":"status-publish","4":"has-post-thumbnail","6":"product_cat-led-wash-moving-head","7":"product_cat-product","8":"product_tag-19x40w","9":"product_tag-dmx-moving-head-wash","10":"product_tag-ip65-moving-head","11":"product_tag-led-wash-light","12":"product_tag-outdoor-stage-lighting","13":"product_tag-pixel-control-light","14":"product_tag-rotating-lens-moving-head","15":"product_tag-waterproof-beam-wash","17":"first","18":"instock","19":"shipping-taxable","20":"product-type-simple"},"acf":[],"_links":{"self":[{"href":"https:\/\/aolait.com\/fr\/wp-json\/wp\/v2\/product\/2499","targetHints":{"allow":["GET"]}}],"collection":[{"href":"https:\/\/aolait.com\/fr\/wp-json\/wp\/v2\/product"}],"about":[{"href":"https:\/\/aolait.com\/fr\/wp-json\/wp\/v2\/types\/product"}],"replies":[{"embeddable":true,"href":"https:\/\/aolait.com\/fr\/wp-json\/wp\/v2\/comments?post=2499"}],"wp:featuredmedia":[{"embeddable":true,"href":"https:\/\/aolait.com\/fr\/wp-json\/wp\/v2\/media\/13383"}],"wp:attachment":[{"href":"https:\/\/aolait.com\/fr\/wp-json\/wp\/v2\/media?parent=2499"}],"wp:term":[{"taxonomy":"product_brand","embeddable":true,"href":"https:\/\/aolait.com\/fr\/wp-json\/wp\/v2\/product_brand?post=2499"},{"taxonomy":"product_cat","embeddable":true,"href":"https:\/\/aolait.com\/fr\/wp-json\/wp\/v2\/product_cat?post=2499"},{"taxonomy":"product_tag","embeddable":true,"href":"https:\/\/aolait.com\/fr\/wp-json\/wp\/v2\/product_tag?post=2499"}],"curies":[{"name":"wp","href":"https:\/\/api.w.org\/{rel}","templated":true}]}}