{"id":466,"date":"2020-10-28T13:50:17","date_gmt":"2020-10-28T05:50:17","guid":{"rendered":"https:\/\/aolait.com\/?post_type=product&#038;p=466"},"modified":"2025-10-21T19:04:00","modified_gmt":"2025-10-21T11:04:00","slug":"600w-led-spot-moving-head-with-profile","status":"publish","type":"product","link":"https:\/\/aolait.com\/fr\/produit\/600w-led-spot-moving-head-with-profile\/","title":{"rendered":"600W Led Spot Moving Head With Profile"},"content":{"rendered":"<p><\/p>\n\n\n<p><br \/><iframe src=\"https:\/\/www.youtube.com\/embed\/CDh_4ApNUYo\" width=\"560\" height=\"315\" frameborder=\"0\" allowfullscreen=\"allowfullscreen\"><\/iframe><\/p>","protected":false},"excerpt":{"rendered":"<p>L'AL600LS est une t\u00eate mobile de 600W \u00e0 LED Beam Spot Wash Profile qui offre une polyvalence in\u00e9gal\u00e9e pour les applications d'\u00e9clairage professionnelles. Elle est \u00e9quip\u00e9e d'un m\u00e9lange de couleurs CMY+CTO, de gobos rotatifs, de doubles prismes et d'un encadrement \u00e0 90\u00b0.<\/p>","protected":false},"featured_media":11921,"comment_status":"open","ping_status":"closed","template":"","meta":{"_acf_changed":true,"_seopress_robots_primary_cat":"none","_seopress_titles_title":"600W LED Beam Spot Wash Profile Moving Head | AL600LS | Aolait","_seopress_titles_desc":"Explore the AL600LS 600W LED Beam Spot Wash Profile Moving Head \u2013 a versatile hybrid fixture with CMY+CTO color mixing, gobo wheels, framing, zoom, and dual prisms. Perfect for stage, theater, church, and events.","_seopress_robots_index":""},"product_brand":[],"product_cat":[27,403],"product_tag":[23,31,30,29],"class_list":{"0":"post-466","1":"product","2":"type-product","3":"status-publish","4":"has-post-thumbnail","6":"product_cat-led-spot-moving-head","7":"product_cat-product","8":"product_tag-concert-lighting","9":"product_tag-large-show-equipment","10":"product_tag-led-moving-head-with-profile","11":"product_tag-led-spot-moving-head","13":"first","14":"instock","15":"shipping-taxable","16":"product-type-simple"},"acf":[],"_links":{"self":[{"href":"https:\/\/aolait.com\/fr\/wp-json\/wp\/v2\/product\/466","targetHints":{"allow":["GET"]}}],"collection":[{"href":"https:\/\/aolait.com\/fr\/wp-json\/wp\/v2\/product"}],"about":[{"href":"https:\/\/aolait.com\/fr\/wp-json\/wp\/v2\/types\/product"}],"replies":[{"embeddable":true,"href":"https:\/\/aolait.com\/fr\/wp-json\/wp\/v2\/comments?post=466"}],"wp:featuredmedia":[{"embeddable":true,"href":"https:\/\/aolait.com\/fr\/wp-json\/wp\/v2\/media\/11921"}],"wp:attachment":[{"href":"https:\/\/aolait.com\/fr\/wp-json\/wp\/v2\/media?parent=466"}],"wp:term":[{"taxonomy":"product_brand","embeddable":true,"href":"https:\/\/aolait.com\/fr\/wp-json\/wp\/v2\/product_brand?post=466"},{"taxonomy":"product_cat","embeddable":true,"href":"https:\/\/aolait.com\/fr\/wp-json\/wp\/v2\/product_cat?post=466"},{"taxonomy":"product_tag","embeddable":true,"href":"https:\/\/aolait.com\/fr\/wp-json\/wp\/v2\/product_tag?post=466"}],"curies":[{"name":"wp","href":"https:\/\/api.w.org\/{rel}","templated":true}]}}