{"id":4833,"date":"2023-09-05T17:17:31","date_gmt":"2023-09-05T09:17:31","guid":{"rendered":"https:\/\/aolait.com\/?post_type=product&#038;p=4833"},"modified":"2025-10-21T19:03:58","modified_gmt":"2025-10-21T11:03:58","slug":"230w-beam-movig-head-light-7r-sharpy","status":"publish","type":"product","link":"https:\/\/aolait.com\/fr\/produit\/230w-beam-moving-head-light-7r-sharpy\/","title":{"rendered":"T\u00eate mobile \u00e0 mini-faisceau 230W"},"content":{"rendered":"<p>Param\u00e8tres techniques :<\/p>\n<p>Tension : 110-230V<\/p>\n<p>Puissance : 300W<\/p>\n<p>Lampe\uff1a 230w bulb<\/p>\n<p>Ballast : ballast \u00e9lectronique (entr\u00e9e 380V)<\/p>\n<p>Roue des couleurs : 14 couleurs+ouvertes, effet arc-en-ciel, m\u00e9lange lin\u00e9aire des couleurs<\/p>\n<p>Roue de gobos : 14 gobos+ouverts, effet de flux de gobos, effet de tremblement de gobos<\/p>\n<p>Prismes : 8+16+24 (8+16 en option) effet de prisme, effet de grossissement<\/p>\n<p>Strobe : 1-10 fois\/seconde, fonction macro int\u00e9gr\u00e9e<\/p>\n<p>Variateur : Variateur lin\u00e9aire 0-100<\/p>\n<p>Mouvement : Panoramique 540\u00b0. Inclinaison 270\u00b0. Solution 8\/16 bits. Correction automatique des erreurs en cas d'\u00e9garement.<\/p>\n<p>Contr\u00f4le : Contr\u00f4le DMX512, 16 canaux\/son activ\u00e9<\/p>\n<p>Mesures : Taille : 50*34*36 Poids net : 11kgs.<\/p>\n<p>&nbsp;<\/p>\n<p><iframe title=\"T\u00eate mobile Aolait Mini Beam 230W\" width=\"800\" height=\"450\" src=\"https:\/\/www.youtube.com\/embed\/SlAl2lnvQZI?feature=oembed\" frameborder=\"0\" allow=\"accelerometer; autoplay; clipboard-write; encrypted-media; gyroscope; picture-in-picture; web-share\" referrerpolicy=\"strict-origin-when-cross-origin\" allowfullscreen><\/iframe><\/p>","protected":false},"excerpt":{"rendered":"<p>Mini Beam 230W Moving Head light, avec une taille ultra compacte mais un rendement puissant. Avec ses prismes en nid d'abeille, il cr\u00e9e un effet merveilleux sur la sc\u00e8ne.<\/p>","protected":false},"featured_media":13315,"comment_status":"open","ping_status":"closed","template":"","meta":{"_acf_changed":true,"_seopress_robots_primary_cat":"none","_seopress_titles_title":"","_seopress_titles_desc":"Mini Beam 230W Moving Head, with ultra compacted size but powerful in output. With honeycombe prisms, it created wonderful effect to the stage.","_seopress_robots_index":""},"product_brand":[],"product_cat":[26,403],"product_tag":[57,22],"class_list":{"0":"post-4833","1":"product","2":"type-product","3":"status-publish","4":"has-post-thumbnail","6":"product_cat-lamp-moving-head","7":"product_cat-product","8":"product_tag-beam-moving-head","9":"product_tag-lamp-moving-head","11":"first","12":"instock","13":"downloadable","14":"virtual","15":"product-type-simple"},"acf":[],"_links":{"self":[{"href":"https:\/\/aolait.com\/fr\/wp-json\/wp\/v2\/product\/4833","targetHints":{"allow":["GET"]}}],"collection":[{"href":"https:\/\/aolait.com\/fr\/wp-json\/wp\/v2\/product"}],"about":[{"href":"https:\/\/aolait.com\/fr\/wp-json\/wp\/v2\/types\/product"}],"replies":[{"embeddable":true,"href":"https:\/\/aolait.com\/fr\/wp-json\/wp\/v2\/comments?post=4833"}],"wp:featuredmedia":[{"embeddable":true,"href":"https:\/\/aolait.com\/fr\/wp-json\/wp\/v2\/media\/13315"}],"wp:attachment":[{"href":"https:\/\/aolait.com\/fr\/wp-json\/wp\/v2\/media?parent=4833"}],"wp:term":[{"taxonomy":"product_brand","embeddable":true,"href":"https:\/\/aolait.com\/fr\/wp-json\/wp\/v2\/product_brand?post=4833"},{"taxonomy":"product_cat","embeddable":true,"href":"https:\/\/aolait.com\/fr\/wp-json\/wp\/v2\/product_cat?post=4833"},{"taxonomy":"product_tag","embeddable":true,"href":"https:\/\/aolait.com\/fr\/wp-json\/wp\/v2\/product_tag?post=4833"}],"curies":[{"name":"wp","href":"https:\/\/api.w.org\/{rel}","templated":true}]}}