{"id":587,"date":"2020-10-30T14:24:24","date_gmt":"2020-10-30T06:24:24","guid":{"rendered":"https:\/\/aolait.com\/?post_type=product&#038;p=587"},"modified":"2025-10-21T19:04:00","modified_gmt":"2025-10-21T11:04:00","slug":"380w-beam-moving-head","status":"publish","type":"product","link":"https:\/\/aolait.com\/fr\/produit\/tete-mobile-a-faisceau-380w\/","title":{"rendered":"T\u00eate mobile \u00e0 faisceau de 380W"},"content":{"rendered":"<p>Tension : AC100-240V 50\/60Hz<\/p>\n<p>Puissance : 550W<\/p>\n<p>Source lumineuse : Lampe YODN 380W<\/p>\n<p>Plaque de couleurs : 1 roue chromatique, 14 couleurs+ ouvertes<\/p>\n<p>Plaque de gobos : 1 roue de gobos fixes, 17 gobos fixes + ouverts<\/p>\n<p>Prisme : Prismes 1 : Prismes \u00e0 16 facettes<\/p>\n<p>Prismes 2 : Prismes \u00e0 48 faces<\/p>\n<p>Frost &amp; Strobe<\/p>\n<p>Mouvement : Panoramique : 540\u00b0, inclinaison : 270\u00b0, r\u00e9solution 16 bits<\/p>\n<p>Mode de contr\u00f4le : Standard DMX512\/ma\u00eetre-esclave\/auto<\/p>\n<p>Canaux DMX : 16 canaux<\/p>\n<p>Roue \u00e0 effets : Roue de l'arc-en-ciel<\/p>\n<p>\u00c9cran : \u00c9cran tactile color\u00e9<\/p>\n<p>Classe IP : IP20<\/p>\n<p>Taille : 365*290*590 mm<\/p>\n<p>Poids net : 20 KG<\/p>\n<p><iframe src=\"https:\/\/www.youtube.com\/embed\/cua_nYEsSzY\" width=\"560\" height=\"315\" frameborder=\"0\" allowfullscreen=\"allowfullscreen\"><\/iframe><\/p>","protected":false},"excerpt":{"rendered":"<p>AL380B Aolait 380w BEAM dispose d'une nouvelle et fiable lampe YODN de 380W, gr\u00e2ce \u00e0 cette incroyable puissance, assurez-vous des distances dans l'air.<\/p>\n<p>Les avantages suppl\u00e9mentaires comprennent 14 gogo fixes et 17 couleurs. Effet 2 prismes avec Prismes 1 : 16 prismes \u00e0 facettes Prismes 2 : 48 prismes \u00e0 facettes ajoutant un effet arc-en-ciel.<\/p>\n<p>Angle de faisceau de 3\u00b0, design \u00e0 la mode, double prisme et effet de choc !<\/p>","protected":false},"featured_media":13347,"comment_status":"open","ping_status":"closed","template":"","meta":{"_acf_changed":true,"_seopress_robots_primary_cat":"none","_seopress_titles_title":"","_seopress_titles_desc":"","_seopress_robots_index":""},"product_brand":[],"product_cat":[26,403],"product_tag":[57,33,23,58,59],"class_list":{"0":"post-587","1":"product","2":"type-product","3":"status-publish","4":"has-post-thumbnail","6":"product_cat-lamp-moving-head","7":"product_cat-product","8":"product_tag-beam-moving-head","9":"product_tag-church-lighting","10":"product_tag-concert-lighting","11":"product_tag-sharpy-beam","12":"product_tag-sharpy-moving-head","14":"first","15":"instock","16":"shipping-taxable","17":"product-type-simple"},"acf":[],"_links":{"self":[{"href":"https:\/\/aolait.com\/fr\/wp-json\/wp\/v2\/product\/587","targetHints":{"allow":["GET"]}}],"collection":[{"href":"https:\/\/aolait.com\/fr\/wp-json\/wp\/v2\/product"}],"about":[{"href":"https:\/\/aolait.com\/fr\/wp-json\/wp\/v2\/types\/product"}],"replies":[{"embeddable":true,"href":"https:\/\/aolait.com\/fr\/wp-json\/wp\/v2\/comments?post=587"}],"wp:featuredmedia":[{"embeddable":true,"href":"https:\/\/aolait.com\/fr\/wp-json\/wp\/v2\/media\/13347"}],"wp:attachment":[{"href":"https:\/\/aolait.com\/fr\/wp-json\/wp\/v2\/media?parent=587"}],"wp:term":[{"taxonomy":"product_brand","embeddable":true,"href":"https:\/\/aolait.com\/fr\/wp-json\/wp\/v2\/product_brand?post=587"},{"taxonomy":"product_cat","embeddable":true,"href":"https:\/\/aolait.com\/fr\/wp-json\/wp\/v2\/product_cat?post=587"},{"taxonomy":"product_tag","embeddable":true,"href":"https:\/\/aolait.com\/fr\/wp-json\/wp\/v2\/product_tag?post=587"}],"curies":[{"name":"wp","href":"https:\/\/api.w.org\/{rel}","templated":true}]}}