{"id":678,"date":"2020-10-30T17:27:07","date_gmt":"2020-10-30T09:27:07","guid":{"rendered":"https:\/\/aolait.com\/?post_type=product&#038;p=678"},"modified":"2025-12-03T18:07:11","modified_gmt":"2025-12-03T10:07:11","slug":"280w-beam-spot-wash-moving-head","status":"publish","type":"product","link":"https:\/\/aolait.com\/fr\/produit\/280w-beam-spot-wash-moving-head\/","title":{"rendered":"T\u00eate mobile 280W Beam Spot Wash"},"content":{"rendered":"","protected":false},"excerpt":{"rendered":"<p>L'AL280RX est une t\u00eate mobile hybride professionnelle de 280 W qui permet d'obtenir des effets de faisceau, de spot et de lavage en une seule unit\u00e9. Aliment\u00e9e par Osram, elle est con\u00e7ue pour la performance.<\/p>","protected":false},"featured_media":13945,"comment_status":"open","ping_status":"closed","template":"","meta":{"_acf_changed":false,"_seopress_robots_primary_cat":"none","_seopress_titles_title":"280W Beam Spot Wash Moving Head Light \u2013 AL280RX | Philips 280W Hybrid Fixture","_seopress_titles_desc":"Discover Aolait AL280RX 280W Beam Spot Wash Moving Head Light \u2013 a 3-in-1 hybrid fixture with Osram 280W lamp, dual prisms, and gobo wheels. Ideal for concerts, churches, and stage events.","_seopress_robots_index":""},"product_brand":[],"product_cat":[26,403],"product_tag":[66,353,350,351,352],"class_list":{"0":"post-678","1":"product","2":"type-product","3":"status-publish","4":"has-post-thumbnail","6":"product_cat-lamp-moving-head","7":"product_cat-product","8":"product_tag-280w-lamp-moving-head","9":"product_tag-280w-moving-head","10":"product_tag-beam-spot-wash-hybrid","11":"product_tag-dmx-moving-head-light","12":"product_tag-osram-stage-light","14":"first","15":"instock","16":"downloadable","17":"shipping-taxable","18":"product-type-simple"},"acf":[],"_links":{"self":[{"href":"https:\/\/aolait.com\/fr\/wp-json\/wp\/v2\/product\/678","targetHints":{"allow":["GET"]}}],"collection":[{"href":"https:\/\/aolait.com\/fr\/wp-json\/wp\/v2\/product"}],"about":[{"href":"https:\/\/aolait.com\/fr\/wp-json\/wp\/v2\/types\/product"}],"replies":[{"embeddable":true,"href":"https:\/\/aolait.com\/fr\/wp-json\/wp\/v2\/comments?post=678"}],"wp:featuredmedia":[{"embeddable":true,"href":"https:\/\/aolait.com\/fr\/wp-json\/wp\/v2\/media\/13945"}],"wp:attachment":[{"href":"https:\/\/aolait.com\/fr\/wp-json\/wp\/v2\/media?parent=678"}],"wp:term":[{"taxonomy":"product_brand","embeddable":true,"href":"https:\/\/aolait.com\/fr\/wp-json\/wp\/v2\/product_brand?post=678"},{"taxonomy":"product_cat","embeddable":true,"href":"https:\/\/aolait.com\/fr\/wp-json\/wp\/v2\/product_cat?post=678"},{"taxonomy":"product_tag","embeddable":true,"href":"https:\/\/aolait.com\/fr\/wp-json\/wp\/v2\/product_tag?post=678"}],"curies":[{"name":"wp","href":"https:\/\/api.w.org\/{rel}","templated":true}]}}