{"id":847,"date":"2020-11-03T10:34:11","date_gmt":"2020-11-03T02:34:11","guid":{"rendered":"https:\/\/aolait.com\/?post_type=product&#038;p=847"},"modified":"2025-12-03T17:09:35","modified_gmt":"2025-12-03T09:09:35","slug":"36x12w-led-moving-head-zoom","status":"publish","type":"product","link":"https:\/\/aolait.com\/fr\/produit\/36x12w-led-moving-head-zoom\/","title":{"rendered":"36x12W Led Moving Head Zoom"},"content":{"rendered":"<p>Tension : AC100-240V 50\/60Hz<\/p>\n<p>Puissance : 400W<\/p>\n<p>Source lumineuse : 36 LED RGBW 4 en 1 de 10 W \u00e0 haute luminosit\u00e9 (5 en 1 ou 6 en 1 sont disponibles)<\/p>\n<p>Dur\u00e9e de vie : 100000 heures<\/p>\n<p>Couleur : RGBW mixte (RGBWA ou RGBWA+UV) en option<\/p>\n<p>Mise au point : r\u00e9glage ultra-fluide de la mise au point<\/p>\n<p>Angle du faisceau : 15\u00b0.<\/p>\n<p>Strobe : 1-10 fois\/seconde ou al\u00e9atoire<\/p>\n<p>Variateur : 0-100% gradation lin\u00e9aire<\/p>\n<p>Mouvement : Panoramique 540\u00b0, r\u00e9solution 16 bits Inclinaison 270\u00b0, r\u00e9solution 16 bits<\/p>\n<p>Mode de contr\u00f4le : Standard DMX 512\/master-salve\/sound\/auto<\/p>\n<p>Canal DMX : 12\/16 canaux<\/p>\n<p>Affichage : \u00c9cran LCD, \u00e9cran tactile<\/p>\n<p>Classe IP : IP20<\/p>\n<p>Taille : 425*295*390 mm<\/p>\n<p>Poids net : 10 KG<\/p>\n<p><iframe src=\"https:\/\/www.youtube.com\/embed\/qTiSE_3dw2w\" width=\"560\" height=\"315\" frameborder=\"0\" allowfullscreen=\"allowfullscreen\"><\/iframe><\/p>","protected":false},"excerpt":{"rendered":"<p>36*12W Led Wash Moving Head with Zoom<\/p>\n<p>Un \u00e9quipement d'\u00e9clairage de sc\u00e8ne classique<\/p>\n<p>M\u00e9lange RGBW jusqu'\u00e0 sept couleurs, couleur en option<\/p>\n<p>Il r\u00e9pond absolument \u00e0 toutes vos attentes.<\/p>","protected":false},"featured_media":13917,"comment_status":"open","ping_status":"closed","template":"","meta":{"_acf_changed":true,"_seopress_robots_primary_cat":"none","_seopress_titles_title":"","_seopress_titles_desc":"","_seopress_robots_index":""},"product_brand":[],"product_cat":[28,403],"product_tag":[89,38,90],"class_list":{"0":"post-847","1":"product","2":"type-product","3":"status-publish","4":"has-post-thumbnail","6":"product_cat-led-wash-moving-head","7":"product_cat-product","8":"product_tag-36x12w-led-wash","9":"product_tag-led-wash-moving-head","10":"product_tag-led-wash-zoom","12":"first","13":"instock","14":"downloadable","15":"shipping-taxable","16":"product-type-simple"},"acf":[],"_links":{"self":[{"href":"https:\/\/aolait.com\/fr\/wp-json\/wp\/v2\/product\/847","targetHints":{"allow":["GET"]}}],"collection":[{"href":"https:\/\/aolait.com\/fr\/wp-json\/wp\/v2\/product"}],"about":[{"href":"https:\/\/aolait.com\/fr\/wp-json\/wp\/v2\/types\/product"}],"replies":[{"embeddable":true,"href":"https:\/\/aolait.com\/fr\/wp-json\/wp\/v2\/comments?post=847"}],"wp:featuredmedia":[{"embeddable":true,"href":"https:\/\/aolait.com\/fr\/wp-json\/wp\/v2\/media\/13917"}],"wp:attachment":[{"href":"https:\/\/aolait.com\/fr\/wp-json\/wp\/v2\/media?parent=847"}],"wp:term":[{"taxonomy":"product_brand","embeddable":true,"href":"https:\/\/aolait.com\/fr\/wp-json\/wp\/v2\/product_brand?post=847"},{"taxonomy":"product_cat","embeddable":true,"href":"https:\/\/aolait.com\/fr\/wp-json\/wp\/v2\/product_cat?post=847"},{"taxonomy":"product_tag","embeddable":true,"href":"https:\/\/aolait.com\/fr\/wp-json\/wp\/v2\/product_tag?post=847"}],"curies":[{"name":"wp","href":"https:\/\/api.w.org\/{rel}","templated":true}]}}