{"id":902,"date":"2020-11-03T13:50:01","date_gmt":"2020-11-03T05:50:01","guid":{"rendered":"https:\/\/aolait.com\/?post_type=product&#038;p=902"},"modified":"2026-03-19T15:04:07","modified_gmt":"2026-03-19T07:04:07","slug":"19x15w-led-moving-head-with-lens-rotation","status":"publish","type":"product","link":"https:\/\/aolait.com\/fr\/produit\/tete-mobile-19x15w-avec-rotation-de-la-lentille\/","title":{"rendered":"T\u00eate mobile 19x15W avec rotation de la lentille"},"content":{"rendered":"<p>Tension : AC100-240V 50\/60Hz<\/p>\n<p>Puissance : 450W<\/p>\n<p>Source lumineuse : 19 LED RGBW 4 en 1 de 15W \u00e0 haute luminosit\u00e9<\/p>\n<p>Dur\u00e9e de vie : 50000 heures<\/p>\n<p>Zoom : 4\u00b0-60\u00b0<\/p>\n<p>Strobe : 0-20 fois\/seconde<\/p>\n<p>Variateur : 0-100% gradation lin\u00e9aire<\/p>\n<p>Mouvement : Panoramique 540\u00b0, r\u00e9solution 16 bits Inclinaison 270\u00b0, r\u00e9solution 16 bits<\/p>\n<p>Mod\u00e8les de contr\u00f4le : Standard DMX 512\/Master-salve\/Sound\/Auto<\/p>\n<p>Canal DMX : 21\/23\/35\/78\/92\/97\/99 Canaux<\/p>\n<p>Affichage : \u00c9cran LCD<\/p>\n<p>Classe IP : IP20<\/p>\n<p>Taille : 415*275*425 mm<\/p>\n<p>N.W. : 15 KG<\/p>\n<p><iframe src=\"https:\/\/www.youtube.com\/embed\/lF0vkh6YH_A\" width=\"560\" height=\"315\" frameborder=\"0\" allowfullscreen=\"allowfullscreen\"><\/iframe><\/p>","protected":false},"excerpt":{"rendered":"<p>AL1019WR Chaque LED peut \u00eatre contr\u00f4l\u00e9e individuellement, avec une lentille unique en forme de nid d'abeille.<\/p>\n<p>La lentille frontale peut tourner sans limitation en avant et en arri\u00e8re pour cr\u00e9er des effets \u00e9tonnants.<\/p>\n<p>L'\u00e9cran d'affichage peut \u00eatre retourn\u00e9 \u00e0 180\u00b0 automatiquement pour s'adapter \u00e0 l'installation dans diff\u00e9rents endroits.<\/p>\n<p>Peut \u00eatre utilis\u00e9 comme faisceau, lavage ou lumi\u00e8re d'effet (effets Kaleido)<\/p>","protected":false},"featured_media":14276,"comment_status":"open","ping_status":"closed","template":"","meta":{"_acf_changed":true,"_seopress_robots_primary_cat":"none","_seopress_titles_title":"","_seopress_titles_desc":"","_seopress_robots_index":""},"product_brand":[],"product_cat":[28,403],"product_tag":[96,97,38],"class_list":{"0":"post-902","1":"product","2":"type-product","3":"status-publish","4":"has-post-thumbnail","6":"product_cat-led-wash-moving-head","7":"product_cat-product","8":"product_tag-19x15w-led-moving-head","9":"product_tag-bee-eye-effect","10":"product_tag-led-wash-moving-head","12":"first","13":"instock","14":"shipping-taxable","15":"product-type-simple"},"acf":[],"_links":{"self":[{"href":"https:\/\/aolait.com\/fr\/wp-json\/wp\/v2\/product\/902","targetHints":{"allow":["GET"]}}],"collection":[{"href":"https:\/\/aolait.com\/fr\/wp-json\/wp\/v2\/product"}],"about":[{"href":"https:\/\/aolait.com\/fr\/wp-json\/wp\/v2\/types\/product"}],"replies":[{"embeddable":true,"href":"https:\/\/aolait.com\/fr\/wp-json\/wp\/v2\/comments?post=902"}],"wp:featuredmedia":[{"embeddable":true,"href":"https:\/\/aolait.com\/fr\/wp-json\/wp\/v2\/media\/14276"}],"wp:attachment":[{"href":"https:\/\/aolait.com\/fr\/wp-json\/wp\/v2\/media?parent=902"}],"wp:term":[{"taxonomy":"product_brand","embeddable":true,"href":"https:\/\/aolait.com\/fr\/wp-json\/wp\/v2\/product_brand?post=902"},{"taxonomy":"product_cat","embeddable":true,"href":"https:\/\/aolait.com\/fr\/wp-json\/wp\/v2\/product_cat?post=902"},{"taxonomy":"product_tag","embeddable":true,"href":"https:\/\/aolait.com\/fr\/wp-json\/wp\/v2\/product_tag?post=902"}],"curies":[{"name":"wp","href":"https:\/\/api.w.org\/{rel}","templated":true}]}}