{"id":910,"date":"2020-11-03T14:21:45","date_gmt":"2020-11-03T06:21:45","guid":{"rendered":"https:\/\/aolait.com\/?post_type=product&#038;p=910"},"modified":"2025-12-03T17:55:13","modified_gmt":"2025-12-03T09:55:13","slug":"19x15w-led-moving-head-candy","status":"publish","type":"product","link":"https:\/\/aolait.com\/fr\/produit\/19x15w-led-moving-head-candy\/","title":{"rendered":"19X15W LED Moving Head Candy (t\u00eate mobile)"},"content":{"rendered":"<p>Tension : AC100-240V 50\/60Hz<\/p>\n<p>Puissance : 250W<\/p>\n<p>Source lumineuse : 19 LED RGBW 4 en 1 de 15 W \u00e0 haute luminosit\u00e9<\/p>\n<p>R\u00e9tro-\u00e9clairage LED : 30 pi\u00e8ces de 0,18 W RGB 3 en 1<\/p>\n<p>Dur\u00e9e de vie : 100000 heures<\/p>\n<p>Couleur : m\u00e9lange infini RGBW<\/p>\n<p>Zoom : 8\u00b0-50\u00b0<\/p>\n<p>Strobe : 1-25 fois\/seconde<\/p>\n<p>Gradateur : Syst\u00e8me de gradation lin\u00e9aire 0-100%<\/p>\n<p>Mouvement : Panoramique 540\u00b0, r\u00e9solution 16 bits Inclinaison 270\u00b0, r\u00e9solution 16 bits<\/p>\n<p>Mode de contr\u00f4le : Standard DMX 512\/master-salve\/sound\/auto<\/p>\n<p>Canal DMX : 14\/25 canaux<\/p>\n<p>Affichage : \u00c9cran LCD<\/p>\n<p>Fonction : Avec obturateur LED, m\u00e9moire de position de balayage et repositionnement automatique.<\/p>\n<p>Avec LED de r\u00e9tro\u00e9clairage pour une utilisation parfaite de l'effet visuel.<\/p>\n<p>Classe IP : IP20<\/p>\n<p>Taille : 260*160*300 mm<\/p>\n<p>Poids net : 7,7 KG<\/p>\n<p><iframe src=\"https:\/\/www.youtube.com\/embed\/8coLHMjlao0\" width=\"560\" height=\"315\" frameborder=\"0\" allowfullscreen=\"allowfullscreen\"><\/iframe><\/p>","protected":false},"excerpt":{"rendered":"<p>AL1019WZ+, un projecteur \u00e0 t\u00eate mobile avec zoom : 8\u00b0-50\u00b0.<\/p>\n<p>Il est dot\u00e9 d'un effet de faisceau et d'un effet de lavage avec un r\u00e9tro\u00e9clairage unique, ce qui permet d'obtenir des effets visuels attrayants.<\/p>\n<p>&nbsp;<\/p>","protected":false},"featured_media":13942,"comment_status":"open","ping_status":"closed","template":"","meta":{"_acf_changed":true,"_seopress_robots_primary_cat":"none","_seopress_titles_title":"","_seopress_titles_desc":"","_seopress_robots_index":""},"product_brand":[],"product_cat":[28,403],"product_tag":[99,38,100,94],"class_list":{"0":"post-910","1":"product","2":"type-product","3":"status-publish","4":"has-post-thumbnail","6":"product_cat-led-wash-moving-head","7":"product_cat-product","8":"product_tag-19x15w-with-back-light","9":"product_tag-led-wash-moving-head","10":"product_tag-rgbw-led-wash-zoom","11":"product_tag-super-zoom-led-wash","13":"first","14":"instock","15":"shipping-taxable","16":"product-type-simple"},"acf":[],"_links":{"self":[{"href":"https:\/\/aolait.com\/fr\/wp-json\/wp\/v2\/product\/910","targetHints":{"allow":["GET"]}}],"collection":[{"href":"https:\/\/aolait.com\/fr\/wp-json\/wp\/v2\/product"}],"about":[{"href":"https:\/\/aolait.com\/fr\/wp-json\/wp\/v2\/types\/product"}],"replies":[{"embeddable":true,"href":"https:\/\/aolait.com\/fr\/wp-json\/wp\/v2\/comments?post=910"}],"wp:featuredmedia":[{"embeddable":true,"href":"https:\/\/aolait.com\/fr\/wp-json\/wp\/v2\/media\/13942"}],"wp:attachment":[{"href":"https:\/\/aolait.com\/fr\/wp-json\/wp\/v2\/media?parent=910"}],"wp:term":[{"taxonomy":"product_brand","embeddable":true,"href":"https:\/\/aolait.com\/fr\/wp-json\/wp\/v2\/product_brand?post=910"},{"taxonomy":"product_cat","embeddable":true,"href":"https:\/\/aolait.com\/fr\/wp-json\/wp\/v2\/product_cat?post=910"},{"taxonomy":"product_tag","embeddable":true,"href":"https:\/\/aolait.com\/fr\/wp-json\/wp\/v2\/product_tag?post=910"}],"curies":[{"name":"wp","href":"https:\/\/api.w.org\/{rel}","templated":true}]}}