{"id":997,"date":"2020-11-04T10:33:06","date_gmt":"2020-11-04T02:33:06","guid":{"rendered":"https:\/\/aolait.com\/?post_type=product&#038;p=997"},"modified":"2025-10-21T19:04:00","modified_gmt":"2025-10-21T11:04:00","slug":"6x40w-led-moving-head-zoom","status":"publish","type":"product","link":"https:\/\/aolait.com\/fr\/produit\/6x40w-led-moving-head-zoom\/","title":{"rendered":"T\u00eate mobile \u00e0 Led 6x40W Zoom"},"content":{"rendered":"<p>Tension : AC100-240V 50\/60Hz<\/p>\n<p>Puissance : 255W<\/p>\n<p>Source lumineuse : 6 LED RGBW 4-en-1 de 40W \u00e0 haute luminosit\u00e9<\/p>\n<p>Dur\u00e9e de vie : 50000 heures<\/p>\n<p>Zoom : 4\u00b0-36\u00b0<\/p>\n<p>Variateur : 0-100% gradation lin\u00e9aire<\/p>\n<p>Mouvement : Panoramique 540\u00b0, inclinaison 190\u00b0, grande vitesse de mouvement panoramique\/inclinaison, vitesse de mouvement panoramique\/inclinaison r\u00e9glable<\/p>\n<p>Mode de contr\u00f4le : Standard DMX 512\/master-salve\/sound\/auto<\/p>\n<p>Canal DMX : 10\/17 canaux<\/p>\n<p>Affichage : \u00c9cran LCD<\/p>\n<p>8 programmes internes, le mode sonore peut \u00eatre contr\u00f4l\u00e9 par le DXM 512<\/p>\n<p>Classe IP : IP20<\/p>\n<p>Taille : 440*360*320 mm<\/p>\n<p>Poids net : 8,5 kgs<\/p>\n<p><iframe src=\"https:\/\/www.youtube.com\/embed\/P4yi8_tGACw\" width=\"560\" height=\"315\" frameborder=\"0\" allowfullscreen=\"allowfullscreen\"><\/iframe><\/p>\n\n\n<p><\/p>","protected":false},"excerpt":{"rendered":"<p>AL640WR, une t\u00eate mobile \u00e0 diodes \u00e9lectroluminescentes avec effet Bee-eye de la taille d'une entreprise.<\/p>\n<p>Le poids net n'est que de 8,5 kg, l'angle de zoom est de 4\u00b0-36\u00b0.<\/p>\n<p>Mini corps, grande fonction, les LED haute puissance AL640WR \u00e9quipent les deux.<\/p>\n<p>&nbsp;<\/p>","protected":false},"featured_media":13395,"comment_status":"open","ping_status":"closed","template":"","meta":{"_acf_changed":true,"_seopress_robots_primary_cat":"none","_seopress_titles_title":"","_seopress_titles_desc":"","_seopress_robots_index":""},"product_brand":[],"product_cat":[28,403],"product_tag":[38,90,84,101],"class_list":{"0":"post-997","1":"product","2":"type-product","3":"status-publish","4":"has-post-thumbnail","6":"product_cat-led-wash-moving-head","7":"product_cat-product","8":"product_tag-led-wash-moving-head","9":"product_tag-led-wash-zoom","10":"product_tag-mini-led-moving-head","11":"product_tag-rgbw-moving-head","13":"first","14":"instock","15":"shipping-taxable","16":"product-type-simple"},"acf":[],"_links":{"self":[{"href":"https:\/\/aolait.com\/fr\/wp-json\/wp\/v2\/product\/997","targetHints":{"allow":["GET"]}}],"collection":[{"href":"https:\/\/aolait.com\/fr\/wp-json\/wp\/v2\/product"}],"about":[{"href":"https:\/\/aolait.com\/fr\/wp-json\/wp\/v2\/types\/product"}],"replies":[{"embeddable":true,"href":"https:\/\/aolait.com\/fr\/wp-json\/wp\/v2\/comments?post=997"}],"wp:featuredmedia":[{"embeddable":true,"href":"https:\/\/aolait.com\/fr\/wp-json\/wp\/v2\/media\/13395"}],"wp:attachment":[{"href":"https:\/\/aolait.com\/fr\/wp-json\/wp\/v2\/media?parent=997"}],"wp:term":[{"taxonomy":"product_brand","embeddable":true,"href":"https:\/\/aolait.com\/fr\/wp-json\/wp\/v2\/product_brand?post=997"},{"taxonomy":"product_cat","embeddable":true,"href":"https:\/\/aolait.com\/fr\/wp-json\/wp\/v2\/product_cat?post=997"},{"taxonomy":"product_tag","embeddable":true,"href":"https:\/\/aolait.com\/fr\/wp-json\/wp\/v2\/product_tag?post=997"}],"curies":[{"name":"wp","href":"https:\/\/api.w.org\/{rel}","templated":true}]}}