{"id":1094,"date":"2020-11-04T15:21:55","date_gmt":"2020-11-04T07:21:55","guid":{"rendered":"https:\/\/aolait.com\/?post_type=product&#038;p=1094"},"modified":"2025-10-21T19:04:00","modified_gmt":"2025-10-21T11:04:00","slug":"19x15w-led-par-zoom-waterproof","status":"publish","type":"product","link":"https:\/\/aolait.com\/pt\/produto\/19x15w-led-par-zoom-a-prova-de-agua\/","title":{"rendered":"18X15W Led Par Zoom \u00e0 prova de \u00e1gua"},"content":{"rendered":"<p>Tens\u00e3o: AC100-240V 50\/60Hz<\/p>\n<p>Pot\u00eancia: 250W<\/p>\n<p>Fonte de luz: 18PCS 15W alto brilho RGBW 4 em 1 LEDs<\/p>\n<p>Vida \u00fatil: 10000 horas, baixo consumo de energia, economia de energia e prote\u00e7\u00e3o ambiental LED<\/p>\n<p>Zoom: 8\u00b0-60\u00b0, mistura de cores, sem \u00e1reas escuras<\/p>\n<p>Estrobosc\u00f3pio: 0-25 vezes\/segundo, estrobosc\u00f3pio aleat\u00f3rio<\/p>\n<p>Modo de controlo: Padr\u00e3o DMX 512\/master-salve\/som\/auto<\/p>\n<p>Canal DMX: 6\/10\/18 canais<\/p>\n<p>Funcionamento do sistema \u00fanico e humanizado<\/p>\n<p>Grau IP: IP65<\/p>\n<p>Tamanho: 390*300*270 mm<\/p>\n<p>Peso l\u00edquido: 10 KG<\/p>\n<p><iframe src=\"https:\/\/www.youtube.com\/embed\/mpIv54PDRgs\" width=\"560\" height=\"315\" frameborder=\"0\" allowfullscreen=\"allowfullscreen\"><\/iframe><\/p>","protected":false},"excerpt":{"rendered":"<p>Al1019WZ<\/p>\n<p>Super brilho 18PCS 15W RGBW LEDs, com grande \u00e2ngulo de zoom: 8-60 \u00b0, pode ser controle de c\u00edrculo, muito super fun\u00e7\u00e3o no par de led.<\/p>\n<p>Controlo de qualidade rigoroso \u00c0 prova de \u00e1gua, o grau IP \u00e9 IP65. Para qualquer cena de chuva ou utiliza\u00e7\u00e3o na praia.<\/p>","protected":false},"featured_media":11958,"comment_status":"open","ping_status":"closed","template":"","meta":{"_acf_changed":false,"_seopress_robots_primary_cat":"none","_seopress_titles_title":"","_seopress_titles_desc":"","_seopress_robots_index":""},"product_brand":[],"product_cat":[35,403],"product_tag":[117,114,115,116],"class_list":{"0":"post-1094","1":"product","2":"type-product","3":"status-publish","4":"has-post-thumbnail","6":"product_cat-led-par-light","7":"product_cat-product","8":"product_tag-19x15w-led-par","9":"product_tag-led-par-light","10":"product_tag-led-par-waterproof","11":"product_tag-led-par-with-zoom","13":"first","14":"instock","15":"downloadable","16":"shipping-taxable","17":"product-type-simple"},"acf":[],"_links":{"self":[{"href":"https:\/\/aolait.com\/pt\/wp-json\/wp\/v2\/product\/1094","targetHints":{"allow":["GET"]}}],"collection":[{"href":"https:\/\/aolait.com\/pt\/wp-json\/wp\/v2\/product"}],"about":[{"href":"https:\/\/aolait.com\/pt\/wp-json\/wp\/v2\/types\/product"}],"replies":[{"embeddable":true,"href":"https:\/\/aolait.com\/pt\/wp-json\/wp\/v2\/comments?post=1094"}],"wp:featuredmedia":[{"embeddable":true,"href":"https:\/\/aolait.com\/pt\/wp-json\/wp\/v2\/media\/11958"}],"wp:attachment":[{"href":"https:\/\/aolait.com\/pt\/wp-json\/wp\/v2\/media?parent=1094"}],"wp:term":[{"taxonomy":"product_brand","embeddable":true,"href":"https:\/\/aolait.com\/pt\/wp-json\/wp\/v2\/product_brand?post=1094"},{"taxonomy":"product_cat","embeddable":true,"href":"https:\/\/aolait.com\/pt\/wp-json\/wp\/v2\/product_cat?post=1094"},{"taxonomy":"product_tag","embeddable":true,"href":"https:\/\/aolait.com\/pt\/wp-json\/wp\/v2\/product_tag?post=1094"}],"curies":[{"name":"wp","href":"https:\/\/api.w.org\/{rel}","templated":true}]}}