{"id":1132,"date":"2020-11-04T15:38:59","date_gmt":"2020-11-04T07:38:59","guid":{"rendered":"https:\/\/aolait.com\/?post_type=product&#038;p=1132"},"modified":"2025-10-21T19:04:00","modified_gmt":"2025-10-21T11:04:00","slug":"7x40w-led-par-zoom-waterproof","status":"publish","type":"product","link":"https:\/\/aolait.com\/pt\/produto\/7x40w-led-par-zoom-a-prova-de-agua\/","title":{"rendered":"7X40W Led Par Zoom \u00e0 prova de \u00e1gua"},"content":{"rendered":"<p>Tens\u00e3o: AC110-220V 50\/60Hz<\/p>\n<p>Fonte de luz: 7x40W LEDs OSRAM RGBW<\/p>\n<p>Vida \u00fatil: 30000 horas<\/p>\n<p>Modo de controlo: DMX512\/RDM<\/p>\n<p>Canal DMX: 13 CH<\/p>\n<p>\u00c2ngulo de zoom: 5\u00b0-50\u00b0<\/p>\n<p>Grau IP: IP65<\/p>\n<p>Sistema uniforme de mistura de cores RGBW e efeito arco-\u00edris<\/p>\n<p>V\u00e1rios programas incorporados<\/p>\n<p>Tamanho: 328,5*205*287mm<\/p>\n<p>N.W: 8kgs<\/p>\n\n\n<p><\/p>","protected":false},"excerpt":{"rendered":"<p>AL740PW 7pcs LEDs OSRAM de 40W de alta pot\u00eancia, sistema de mistura de cores RGBW uniforme, grande \u00e2ngulo de zoom: 5-50\u00b0, v\u00e1rios programas integrados.<\/p>","protected":false},"featured_media":13322,"comment_status":"open","ping_status":"closed","template":"","meta":{"_acf_changed":true,"_seopress_robots_primary_cat":"none","_seopress_titles_title":"","_seopress_titles_desc":"","_seopress_robots_index":""},"product_brand":[],"product_cat":[35,403],"product_tag":[118,114,115,116],"class_list":{"0":"post-1132","1":"product","2":"type-product","3":"status-publish","4":"has-post-thumbnail","6":"product_cat-led-par-light","7":"product_cat-product","8":"product_tag-7x40w-osram-led-par","9":"product_tag-led-par-light","10":"product_tag-led-par-waterproof","11":"product_tag-led-par-with-zoom","13":"first","14":"instock","15":"shipping-taxable","16":"product-type-simple"},"acf":[],"_links":{"self":[{"href":"https:\/\/aolait.com\/pt\/wp-json\/wp\/v2\/product\/1132","targetHints":{"allow":["GET"]}}],"collection":[{"href":"https:\/\/aolait.com\/pt\/wp-json\/wp\/v2\/product"}],"about":[{"href":"https:\/\/aolait.com\/pt\/wp-json\/wp\/v2\/types\/product"}],"replies":[{"embeddable":true,"href":"https:\/\/aolait.com\/pt\/wp-json\/wp\/v2\/comments?post=1132"}],"wp:featuredmedia":[{"embeddable":true,"href":"https:\/\/aolait.com\/pt\/wp-json\/wp\/v2\/media\/13322"}],"wp:attachment":[{"href":"https:\/\/aolait.com\/pt\/wp-json\/wp\/v2\/media?parent=1132"}],"wp:term":[{"taxonomy":"product_brand","embeddable":true,"href":"https:\/\/aolait.com\/pt\/wp-json\/wp\/v2\/product_brand?post=1132"},{"taxonomy":"product_cat","embeddable":true,"href":"https:\/\/aolait.com\/pt\/wp-json\/wp\/v2\/product_cat?post=1132"},{"taxonomy":"product_tag","embeddable":true,"href":"https:\/\/aolait.com\/pt\/wp-json\/wp\/v2\/product_tag?post=1132"}],"curies":[{"name":"wp","href":"https:\/\/api.w.org\/{rel}","templated":true}]}}