{"id":11719,"date":"2024-09-09T14:56:36","date_gmt":"2024-09-09T06:56:36","guid":{"rendered":"https:\/\/aolait.com\/?post_type=product&#038;p=11719"},"modified":"2025-10-21T19:03:58","modified_gmt":"2025-10-21T11:03:58","slug":"37x40w-led-wash-moving-head-light","status":"publish","type":"product","link":"https:\/\/aolait.com\/pt\/produto\/37x40w-luz-de-cabeca-movel-de-lavagem-led\/","title":{"rendered":"Luz de cabe\u00e7a m\u00f3vel de lavagem LED 37x40W"},"content":{"rendered":"<figure class=\"wp-block-embed is-type-video is-provider-youtube wp-block-embed-youtube wp-embed-aspect-16-9 wp-has-aspect-ratio\"><div class=\"wp-block-embed__wrapper\">\n<iframe title=\"Luz de cabe\u00e7a m\u00f3vel de lavagem LED 37x40W\" width=\"800\" height=\"450\" src=\"https:\/\/www.youtube.com\/embed\/buKan6XW6O8?feature=oembed\" frameborder=\"0\" allow=\"accelerometer; autoplay; clipboard-write; encrypted-media; gyroscope; picture-in-picture; web-share\" referrerpolicy=\"strict-origin-when-cross-origin\" allowfullscreen><\/iframe>\n<\/div><\/figure>","protected":false},"excerpt":{"rendered":"<p>37x40W Led Wash cabe\u00e7a m\u00f3vel Bee Eye, \u00e9 uma cabe\u00e7a m\u00f3vel de lavagem de LED muito poderosa, que pode ser usada como feixe ou lavagem ou luz de efeito para quaisquer eventos, espect\u00e1culos e concertos.<\/p>","protected":false},"featured_media":13390,"comment_status":"open","ping_status":"closed","template":"","meta":{"_acf_changed":false,"_seopress_robots_primary_cat":"none","_seopress_titles_title":"37x40W LED Bee Eye Wash Moving Head Light | Pixel Control RGBW Stage Lighting","_seopress_titles_desc":"Discover the 37x40W LED Bee Eye Wash Moving Head Light with RGBW color mixing, infinite lens rotation, pixel effects, and 7\u00b0\u201350\u00b0 zoom. Ideal for concerts, clubs, and events.","_seopress_robots_index":""},"product_brand":[],"product_cat":[28,403],"product_tag":[308,287,310,309,292],"class_list":{"0":"post-11719","1":"product","2":"type-product","3":"status-publish","4":"has-post-thumbnail","6":"product_cat-led-wash-moving-head","7":"product_cat-product","8":"product_tag-37x40w-led-light","9":"product_tag-bee-eye-moving-head","10":"product_tag-moving-head-wash-light","11":"product_tag-pixel-control-stage-light","12":"product_tag-rgbw-wash-light","14":"first","15":"instock","16":"downloadable","17":"shipping-taxable","18":"product-type-simple"},"acf":[],"_links":{"self":[{"href":"https:\/\/aolait.com\/pt\/wp-json\/wp\/v2\/product\/11719","targetHints":{"allow":["GET"]}}],"collection":[{"href":"https:\/\/aolait.com\/pt\/wp-json\/wp\/v2\/product"}],"about":[{"href":"https:\/\/aolait.com\/pt\/wp-json\/wp\/v2\/types\/product"}],"replies":[{"embeddable":true,"href":"https:\/\/aolait.com\/pt\/wp-json\/wp\/v2\/comments?post=11719"}],"wp:featuredmedia":[{"embeddable":true,"href":"https:\/\/aolait.com\/pt\/wp-json\/wp\/v2\/media\/13390"}],"wp:attachment":[{"href":"https:\/\/aolait.com\/pt\/wp-json\/wp\/v2\/media?parent=11719"}],"wp:term":[{"taxonomy":"product_brand","embeddable":true,"href":"https:\/\/aolait.com\/pt\/wp-json\/wp\/v2\/product_brand?post=11719"},{"taxonomy":"product_cat","embeddable":true,"href":"https:\/\/aolait.com\/pt\/wp-json\/wp\/v2\/product_cat?post=11719"},{"taxonomy":"product_tag","embeddable":true,"href":"https:\/\/aolait.com\/pt\/wp-json\/wp\/v2\/product_tag?post=11719"}],"curies":[{"name":"wp","href":"https:\/\/api.w.org\/{rel}","templated":true}]}}