{"id":11851,"date":"2025-04-16T09:44:23","date_gmt":"2025-04-16T01:44:23","guid":{"rendered":"https:\/\/aolait.com\/?post_type=product&#038;p=11851"},"modified":"2025-10-21T19:03:57","modified_gmt":"2025-10-21T11:03:57","slug":"single-folding-clamp","status":"publish","type":"product","link":"https:\/\/aolait.com\/pt\/produto\/pinca-dobravel-simples\/","title":{"rendered":"Bra\u00e7adeira dobr\u00e1vel simples"},"content":{"rendered":"<p>Material:AL6061-T6<\/p>\n\n\n\n<p>Carga de trabalho segura:150kg<\/p>\n\n\n\n<p>Tamanho do tubo adequado: 40-60mm OD<\/p>\n\n\n\n<p>Peso unit\u00e1rio:0,43kg<\/p>\n\n\n\n<p>Altura ap\u00f3s dobragem:30mm<\/p>\n\n\n\n<p>Cor: preto ou prateado (opcional)<\/p>","protected":false},"excerpt":{"rendered":"<p>O AS-6001 \u00e9 um grampo dobr\u00e1vel adequado para qualquer tipo de ilumina\u00e7\u00e3o, incluindo cabe\u00e7a m\u00f3vel ou luz de par led. \u00c9 f\u00e1cil de instalar e dobrar para quaisquer suportes ou pegas sem requisitos adicionais.<\/p>","protected":false},"featured_media":11852,"comment_status":"open","ping_status":"closed","template":"","meta":{"_acf_changed":false,"_seopress_robots_primary_cat":"none","_seopress_titles_title":"AS-6001 Single folding clamp","_seopress_titles_desc":"AS-6001 is a folding clamp suitable for any lightings including moving head or led par light. It's easy to install and fold for any brackets or handles without extra requirments.","_seopress_robots_index":""},"product_brand":[],"product_cat":[265,403],"product_tag":[264,263],"class_list":{"0":"post-11851","1":"product","2":"type-product","3":"status-publish","4":"has-post-thumbnail","6":"product_cat-lighting-accessories","7":"product_cat-product","8":"product_tag-folding-lighting-clamp","9":"product_tag-lighting-clamp","11":"first","12":"instock","13":"shipping-taxable","14":"product-type-simple"},"acf":[],"_links":{"self":[{"href":"https:\/\/aolait.com\/pt\/wp-json\/wp\/v2\/product\/11851","targetHints":{"allow":["GET"]}}],"collection":[{"href":"https:\/\/aolait.com\/pt\/wp-json\/wp\/v2\/product"}],"about":[{"href":"https:\/\/aolait.com\/pt\/wp-json\/wp\/v2\/types\/product"}],"replies":[{"embeddable":true,"href":"https:\/\/aolait.com\/pt\/wp-json\/wp\/v2\/comments?post=11851"}],"wp:featuredmedia":[{"embeddable":true,"href":"https:\/\/aolait.com\/pt\/wp-json\/wp\/v2\/media\/11852"}],"wp:attachment":[{"href":"https:\/\/aolait.com\/pt\/wp-json\/wp\/v2\/media?parent=11851"}],"wp:term":[{"taxonomy":"product_brand","embeddable":true,"href":"https:\/\/aolait.com\/pt\/wp-json\/wp\/v2\/product_brand?post=11851"},{"taxonomy":"product_cat","embeddable":true,"href":"https:\/\/aolait.com\/pt\/wp-json\/wp\/v2\/product_cat?post=11851"},{"taxonomy":"product_tag","embeddable":true,"href":"https:\/\/aolait.com\/pt\/wp-json\/wp\/v2\/product_tag?post=11851"}],"curies":[{"name":"wp","href":"https:\/\/api.w.org\/{rel}","templated":true}]}}