{"id":12426,"date":"2025-05-08T14:38:00","date_gmt":"2025-05-08T06:38:00","guid":{"rendered":"https:\/\/aolait.com\/?post_type=product&#038;p=12426"},"modified":"2025-10-21T19:03:57","modified_gmt":"2025-10-21T11:03:57","slug":"200w-led-par-zoom","status":"publish","type":"product","link":"https:\/\/aolait.com\/pt\/produto\/200w-led-par-zoom\/","title":{"rendered":"Par Zoom Led 200W"},"content":{"rendered":"<p>Fonte LED: 200W LED COB branco quente (op\u00e7\u00f5es branco frio\/RGBW 4 em 1)<\/p>\n\n\n\n<p>Anjo de zoom: 10\u00b0-50\u00b0<\/p>\n\n\n\n<p>Efeito: Feixe, lavagem<\/p>\n\n\n\n<p>IP65<\/p>\n\n\n\n<p>Dimension:39.5\u00d729.5\u00d729.5cm<\/p>\n\n\n\n<p>NW\uff1a7.7kg<\/p>\n\n\n\n<p><\/p>","protected":false},"excerpt":{"rendered":"<p>Luz PAR com zoom de alta pot\u00eancia, LED 200W ultra-brilhante, zoom ajust\u00e1vel (10\u00b0-50\u00b0). IP65 \u00e0 prova de \u00e1gua, ideal para palcos, casamentos e eventos ao ar livre. Design leve - a melhor escolha para ilumina\u00e7\u00e3o profissional!<\/p>","protected":false},"featured_media":12427,"comment_status":"open","ping_status":"closed","template":"","meta":{"_acf_changed":true,"_seopress_robots_primary_cat":"none","_seopress_titles_title":"200W Led Par Zoom","_seopress_titles_desc":"High-Power zoomable PAR Light,Ultra-bright 200W LED, adjustable zoom (10\u00b0-50\u00b0). IP65 waterproof, ideal for stages, weddings, and outdoor events. Lightweight design \u2013 the top choice for pro lighting!","_seopress_robots_index":""},"product_brand":[],"product_cat":[35,403],"product_tag":[],"class_list":{"0":"post-12426","1":"product","2":"type-product","3":"status-publish","4":"has-post-thumbnail","6":"product_cat-led-par-light","7":"product_cat-product","9":"first","10":"instock","11":"shipping-taxable","12":"product-type-simple"},"acf":[],"_links":{"self":[{"href":"https:\/\/aolait.com\/pt\/wp-json\/wp\/v2\/product\/12426","targetHints":{"allow":["GET"]}}],"collection":[{"href":"https:\/\/aolait.com\/pt\/wp-json\/wp\/v2\/product"}],"about":[{"href":"https:\/\/aolait.com\/pt\/wp-json\/wp\/v2\/types\/product"}],"replies":[{"embeddable":true,"href":"https:\/\/aolait.com\/pt\/wp-json\/wp\/v2\/comments?post=12426"}],"wp:featuredmedia":[{"embeddable":true,"href":"https:\/\/aolait.com\/pt\/wp-json\/wp\/v2\/media\/12427"}],"wp:attachment":[{"href":"https:\/\/aolait.com\/pt\/wp-json\/wp\/v2\/media?parent=12426"}],"wp:term":[{"taxonomy":"product_brand","embeddable":true,"href":"https:\/\/aolait.com\/pt\/wp-json\/wp\/v2\/product_brand?post=12426"},{"taxonomy":"product_cat","embeddable":true,"href":"https:\/\/aolait.com\/pt\/wp-json\/wp\/v2\/product_cat?post=12426"},{"taxonomy":"product_tag","embeddable":true,"href":"https:\/\/aolait.com\/pt\/wp-json\/wp\/v2\/product_tag?post=12426"}],"curies":[{"name":"wp","href":"https:\/\/api.w.org\/{rel}","templated":true}]}}