{"id":12558,"date":"2025-05-15T10:32:48","date_gmt":"2025-05-15T02:32:48","guid":{"rendered":"https:\/\/aolait.com\/?post_type=product&#038;p=12558"},"modified":"2025-10-21T19:03:56","modified_gmt":"2025-10-21T11:03:56","slug":"9x40w-led-moving-bar-infinite-rotation","status":"publish","type":"product","link":"https:\/\/aolait.com\/pt\/produto\/9x40w-barra-movel-led-rotacao-infinita\/","title":{"rendered":"Barra M\u00f3vel Led 9x40W Rota\u00e7\u00e3o Infinita"},"content":{"rendered":"<p>Barra M\u00f3vel Led 9x40W Rota\u00e7\u00e3o Infinita<\/p>\n\n\n\n<p>Light Source: 9x40W RGBW4 in1+54&#215;0.5W RGB+54x1W CW led+54x1WWw Led<\/p>\n\n\n\n<p>Movimento: Rota\u00e7\u00e3o infinita panor\u00e2mica\/Inclina\u00e7\u00e3o202\u00b0<\/p>\n\n\n\n<p>\u00c2ngulo de zoom: 2,8-31 graus<\/p>\n\n\n\n<p>Modo de canal: CH19\/24\/29\/38\/61\/65<\/p>\n\n\n\n<p>Tamanho: 60x27x32,8cm\/15,2kgs<\/p>","protected":false},"excerpt":{"rendered":"<p>Melhore a sua ilumina\u00e7\u00e3o com a\u00a0<strong>Barra m\u00f3vel LED 9x40W<\/strong>! Apresentando\u00a0<strong>rota\u00e7\u00e3o infinita de 360<\/strong> de panor\u00e2mica, brilho potente e efeitos din\u00e2micos - perfeito para palcos, clubes, casamentos e eventos. Desempenho de n\u00edvel profissional num design compacto.<\/p>","protected":false},"featured_media":12577,"comment_status":"open","ping_status":"closed","template":"","meta":{"_acf_changed":false,"_seopress_robots_primary_cat":"none","_seopress_titles_title":"9x40W Led Moving Bar Infinite Rotation","_seopress_titles_desc":"","_seopress_robots_index":""},"product_brand":[],"product_cat":[28,403],"product_tag":[],"class_list":{"0":"post-12558","1":"product","2":"type-product","3":"status-publish","4":"has-post-thumbnail","6":"product_cat-led-wash-moving-head","7":"product_cat-product","9":"first","10":"instock","11":"shipping-taxable","12":"product-type-simple"},"acf":[],"_links":{"self":[{"href":"https:\/\/aolait.com\/pt\/wp-json\/wp\/v2\/product\/12558","targetHints":{"allow":["GET"]}}],"collection":[{"href":"https:\/\/aolait.com\/pt\/wp-json\/wp\/v2\/product"}],"about":[{"href":"https:\/\/aolait.com\/pt\/wp-json\/wp\/v2\/types\/product"}],"replies":[{"embeddable":true,"href":"https:\/\/aolait.com\/pt\/wp-json\/wp\/v2\/comments?post=12558"}],"wp:featuredmedia":[{"embeddable":true,"href":"https:\/\/aolait.com\/pt\/wp-json\/wp\/v2\/media\/12577"}],"wp:attachment":[{"href":"https:\/\/aolait.com\/pt\/wp-json\/wp\/v2\/media?parent=12558"}],"wp:term":[{"taxonomy":"product_brand","embeddable":true,"href":"https:\/\/aolait.com\/pt\/wp-json\/wp\/v2\/product_brand?post=12558"},{"taxonomy":"product_cat","embeddable":true,"href":"https:\/\/aolait.com\/pt\/wp-json\/wp\/v2\/product_cat?post=12558"},{"taxonomy":"product_tag","embeddable":true,"href":"https:\/\/aolait.com\/pt\/wp-json\/wp\/v2\/product_tag?post=12558"}],"curies":[{"name":"wp","href":"https:\/\/api.w.org\/{rel}","templated":true}]}}