{"id":1258,"date":"2020-11-05T11:36:24","date_gmt":"2020-11-05T03:36:24","guid":{"rendered":"https:\/\/aolait.com\/?post_type=product&#038;p=1258"},"modified":"2025-10-21T19:04:00","modified_gmt":"2025-10-21T11:04:00","slug":"24x12w-led-par-indoor","status":"publish","type":"product","link":"https:\/\/aolait.com\/pt\/produto\/24x12w-led-par-interior\/","title":{"rendered":"24x12W Led Par Interior"},"content":{"rendered":"<p>Tens\u00e3o: AC100-240V 50\/60Hz<\/p>\n<p>Pot\u00eancia: 200W<\/p>\n<p>Fonte de luz: 24PCS 10W LED RGBW 4 em 1 (Opcional 5 em 1\/ 6 em 1)<\/p>\n<p>Vida \u00fatil: 6000-10000 horas<\/p>\n<p>Cor: RGBW misto (RGBWA ou RGBWA+UV) opcional<\/p>\n<p>\u00c2ngulo de feixe: 40\u00b0<\/p>\n<p>Modo de controlo: Padr\u00e3o DMX 512\/master-salve\/auto<\/p>\n<p>Arrefecimento: Arrefecimento por ventoinha<\/p>\n<p>Prote\u00e7\u00e3o t\u00e9rmica<\/p>\n<p>Material: Liga de alum\u00ednio<\/p>\n<p>Liga\u00e7\u00f5es: XLR de 3 pinos<\/p>\n<p>Temperatura de trabalho:-20\u2103-40\u2103<\/p>\n<p>Carater\u00edsticas: Elevada luminosidade, longa dura\u00e7\u00e3o da fonte de luz, elevado desempenho de seguran\u00e7a<\/p>\n<p>Grau IP: IP20<\/p>\n<p>Tamanho: 330*300*240 mm<\/p>\n<p>Peso l\u00edquido: 3,5 KG<\/p>\n<p><iframe src=\"https:\/\/www.youtube.com\/embed\/FT6AiBgAbI0\" width=\"560\" height=\"315\" frameborder=\"0\" allowfullscreen=\"allowfullscreen\"><\/iframe><\/p>","protected":false},"excerpt":{"rendered":"<p>AL1024P Esta \u00e9 uma luz par LED de interior com corpo luminoso.<\/p>\n<p>Adequado para todos os espect\u00e1culos em recintos fechados, bares, discotecas, etc.<\/p>\n<p>4IN1 RGBW, 5IN1 RGBWA, 6IN1 RGBWA+UV opcional<\/p>","protected":false},"featured_media":11965,"comment_status":"open","ping_status":"closed","template":"","meta":{"_acf_changed":false,"_seopress_robots_primary_cat":"none","_seopress_titles_title":"","_seopress_titles_desc":"","_seopress_robots_index":""},"product_brand":[],"product_cat":[35,403],"product_tag":[125,76,128,122],"class_list":{"0":"post-1258","1":"product","2":"type-product","3":"status-publish","4":"has-post-thumbnail","6":"product_cat-led-par-light","7":"product_cat-product","8":"product_tag-24x12w-15w-18w-led-par","9":"product_tag-disco-lighting","10":"product_tag-led-par-indoor","11":"product_tag-rgbw-led-par","13":"first","14":"instock","15":"shipping-taxable","16":"product-type-simple"},"acf":[],"_links":{"self":[{"href":"https:\/\/aolait.com\/pt\/wp-json\/wp\/v2\/product\/1258","targetHints":{"allow":["GET"]}}],"collection":[{"href":"https:\/\/aolait.com\/pt\/wp-json\/wp\/v2\/product"}],"about":[{"href":"https:\/\/aolait.com\/pt\/wp-json\/wp\/v2\/types\/product"}],"replies":[{"embeddable":true,"href":"https:\/\/aolait.com\/pt\/wp-json\/wp\/v2\/comments?post=1258"}],"wp:featuredmedia":[{"embeddable":true,"href":"https:\/\/aolait.com\/pt\/wp-json\/wp\/v2\/media\/11965"}],"wp:attachment":[{"href":"https:\/\/aolait.com\/pt\/wp-json\/wp\/v2\/media?parent=1258"}],"wp:term":[{"taxonomy":"product_brand","embeddable":true,"href":"https:\/\/aolait.com\/pt\/wp-json\/wp\/v2\/product_brand?post=1258"},{"taxonomy":"product_cat","embeddable":true,"href":"https:\/\/aolait.com\/pt\/wp-json\/wp\/v2\/product_cat?post=1258"},{"taxonomy":"product_tag","embeddable":true,"href":"https:\/\/aolait.com\/pt\/wp-json\/wp\/v2\/product_tag?post=1258"}],"curies":[{"name":"wp","href":"https:\/\/api.w.org\/{rel}","templated":true}]}}