{"id":12595,"date":"2025-05-25T16:47:03","date_gmt":"2025-05-25T08:47:03","guid":{"rendered":"https:\/\/aolait.com\/?post_type=product&#038;p=12595"},"modified":"2025-10-21T19:03:56","modified_gmt":"2025-10-21T11:03:56","slug":"19x40w-led-moving-head-wash-ip65","status":"publish","type":"product","link":"https:\/\/aolait.com\/pt\/produto\/19x40w-led-moving-head-wash-ip65\/","title":{"rendered":"19x40W Led Moving Head Wash IP65"},"content":{"rendered":"<p>Fonte de luz: 19 \u00d7 40W RGBW LED<\/p>\n\n\n\n<p>DMX Channels:18\/21\/35\/78\/94\/111CH<\/p>\n\n\n\n<p>Movimento: Pan540 \u00b0\/Inclina\u00e7\u00e3o 220 \u00b0<\/p>\n\n\n\n<p>\u00c2ngulo de zoom: 5\u00b0 a 45\u00b0<\/p>\n\n\n\n<p>Efeito: fun\u00e7\u00e3o macro de efeito est\u00e1tico e fun\u00e7\u00e3o macro de efeito din\u00e2mico<\/p>\n\n\n\n<p>Grau IP\uff1a IP65<\/p>\n\n\n\n<p>Tamanho: 562x408x240mm\/23.5kgs<\/p>","protected":false},"excerpt":{"rendered":"<p>Lumin\u00e1ria \u00e0 prova de intemp\u00e9ries, panor\u00e2mica de 540\u00b0, inclina\u00e7\u00e3o de 220\u00b0 e arrefecimento silencioso, mistura de cores RGBW e controlo dmx. Perfeita para eventos ao ar livre, festivais e ilumina\u00e7\u00e3o arquitet\u00f3nica, bem como para palcos, monumentos e ambientes agressivos.<\/p>","protected":false},"featured_media":13383,"comment_status":"open","ping_status":"closed","template":"","meta":{"_acf_changed":false,"_seopress_robots_primary_cat":"none","_seopress_titles_title":"19x40W Led Moving Head Wash IP65","_seopress_titles_desc":"Weatherproof fixture ,540\u00b0 pan,Tilt 220 \u00b0, and silent cooling ,RGBW color mixing & dmx control. Perfect for outdoor events, festivals, and architectural lighting,as well as for stages, monuments and harsh environments.","_seopress_robots_index":""},"product_brand":[],"product_cat":[28,403],"product_tag":[],"class_list":{"0":"post-12595","1":"product","2":"type-product","3":"status-publish","4":"has-post-thumbnail","6":"product_cat-led-wash-moving-head","7":"product_cat-product","9":"first","10":"instock","11":"shipping-taxable","12":"product-type-simple"},"acf":[],"_links":{"self":[{"href":"https:\/\/aolait.com\/pt\/wp-json\/wp\/v2\/product\/12595","targetHints":{"allow":["GET"]}}],"collection":[{"href":"https:\/\/aolait.com\/pt\/wp-json\/wp\/v2\/product"}],"about":[{"href":"https:\/\/aolait.com\/pt\/wp-json\/wp\/v2\/types\/product"}],"replies":[{"embeddable":true,"href":"https:\/\/aolait.com\/pt\/wp-json\/wp\/v2\/comments?post=12595"}],"wp:featuredmedia":[{"embeddable":true,"href":"https:\/\/aolait.com\/pt\/wp-json\/wp\/v2\/media\/13383"}],"wp:attachment":[{"href":"https:\/\/aolait.com\/pt\/wp-json\/wp\/v2\/media?parent=12595"}],"wp:term":[{"taxonomy":"product_brand","embeddable":true,"href":"https:\/\/aolait.com\/pt\/wp-json\/wp\/v2\/product_brand?post=12595"},{"taxonomy":"product_cat","embeddable":true,"href":"https:\/\/aolait.com\/pt\/wp-json\/wp\/v2\/product_cat?post=12595"},{"taxonomy":"product_tag","embeddable":true,"href":"https:\/\/aolait.com\/pt\/wp-json\/wp\/v2\/product_tag?post=12595"}],"curies":[{"name":"wp","href":"https:\/\/api.w.org\/{rel}","templated":true}]}}