{"id":12622,"date":"2025-05-25T23:42:27","date_gmt":"2025-05-25T15:42:27","guid":{"rendered":"https:\/\/aolait.com\/?post_type=product&#038;p=12622"},"modified":"2025-10-21T19:03:56","modified_gmt":"2025-10-21T11:03:56","slug":"10x60w-led-moving-bar-pixel","status":"publish","type":"product","link":"https:\/\/aolait.com\/pt\/produto\/barra-movel-10x60w-led-pixel\/","title":{"rendered":"Barra m\u00f3vel 10x60W Led Pixel"},"content":{"rendered":"<p>Fonte de luz: 10x60W RGBW 4in1 LED+96x1w CW+96x1w WW+96x1W RGB<\/p>\n\n\n\n<p>Anjo de zoom: 4\u00b0-60\u00b0<\/p>\n\n\n\n<p>Movimento: Inclina\u00e7\u00e3o 270 \u00b0<\/p>\n\n\n\n<p>Pixel: Controlo de cada pixel de LED<\/p>\n\n\n\n<p>Canal DMX: 17\/27\/99\/108\/168CH<\/p>\n\n\n\n<p>Tamanho: 1000x<em>115x<\/em>290 mm\/19.2kgs<\/p>\n\n\n\n<p><\/p>","protected":false},"excerpt":{"rendered":"<p>Barra de luz de alta pot\u00eancia controlada por pix\u00e9is com endere\u00e7amento individual de LED, inclina\u00e7\u00e3o de 270\u00b0. Perfeito para palcos, clubes e eventos!<\/p>","protected":false},"featured_media":12623,"comment_status":"open","ping_status":"closed","template":"","meta":{"_acf_changed":true,"_seopress_robots_primary_cat":"none","_seopress_titles_title":"10x60W LED Moving Bar Pixel","_seopress_titles_desc":"High-power pixel-controlled light bar with individual LED addressing, 270\u00b0 tilt. Wide zoom angel and DMX control.Perfect for stages, clubs and events!","_seopress_robots_index":""},"product_brand":[],"product_cat":[28,403],"product_tag":[],"class_list":{"0":"post-12622","1":"product","2":"type-product","3":"status-publish","4":"has-post-thumbnail","6":"product_cat-led-wash-moving-head","7":"product_cat-product","9":"first","10":"instock","11":"shipping-taxable","12":"product-type-simple"},"acf":[],"_links":{"self":[{"href":"https:\/\/aolait.com\/pt\/wp-json\/wp\/v2\/product\/12622","targetHints":{"allow":["GET"]}}],"collection":[{"href":"https:\/\/aolait.com\/pt\/wp-json\/wp\/v2\/product"}],"about":[{"href":"https:\/\/aolait.com\/pt\/wp-json\/wp\/v2\/types\/product"}],"replies":[{"embeddable":true,"href":"https:\/\/aolait.com\/pt\/wp-json\/wp\/v2\/comments?post=12622"}],"wp:featuredmedia":[{"embeddable":true,"href":"https:\/\/aolait.com\/pt\/wp-json\/wp\/v2\/media\/12623"}],"wp:attachment":[{"href":"https:\/\/aolait.com\/pt\/wp-json\/wp\/v2\/media?parent=12622"}],"wp:term":[{"taxonomy":"product_brand","embeddable":true,"href":"https:\/\/aolait.com\/pt\/wp-json\/wp\/v2\/product_brand?post=12622"},{"taxonomy":"product_cat","embeddable":true,"href":"https:\/\/aolait.com\/pt\/wp-json\/wp\/v2\/product_cat?post=12622"},{"taxonomy":"product_tag","embeddable":true,"href":"https:\/\/aolait.com\/pt\/wp-json\/wp\/v2\/product_tag?post=12622"}],"curies":[{"name":"wp","href":"https:\/\/api.w.org\/{rel}","templated":true}]}}