{"id":12667,"date":"2025-06-11T15:20:22","date_gmt":"2025-06-11T07:20:22","guid":{"rendered":"https:\/\/aolait.com\/?post_type=product&#038;p=12667"},"modified":"2025-10-21T19:03:55","modified_gmt":"2025-10-21T11:03:55","slug":"500w-led-strobe-bar-ip65","status":"publish","type":"product","link":"https:\/\/aolait.com\/pt\/produto\/barra-estroboscopica-led-500w-ip65\/","title":{"rendered":"Barra estrobosc\u00f3pica LED 500W Ip65"},"content":{"rendered":"<p>Fonte de LEDs:240pcs 5730led 0.5w,480pcs rgb 0.3W<\/p>\n\n\n\n<p>Canal DMX: 4\/16\/168CH<\/p>\n\n\n\n<p>Carater\u00edstica: Pixel\/Strobe<\/p>\n\n\n\n<p>Tamanho: 100<em>8<\/em>14cm\/7,8kgs<\/p>","protected":false},"excerpt":{"rendered":"<p>Estrobosc\u00f3pio \u00e0 prova de \u00e1gua controlado por pix\u00e9is com 500 W de pot\u00eancia. Perfeito para palcos, clubes e eventos ao ar livre com controlo DMX\/sem fios e efeitos m\u00faltiplos!<\/p>","protected":false},"featured_media":13055,"comment_status":"open","ping_status":"closed","template":"","meta":{"_acf_changed":false,"_seopress_robots_primary_cat":"none","_seopress_titles_title":"500W Led Strobe Bar Ip65","_seopress_titles_desc":"Pixel-controlled waterproof strobe with 500W punch. Perfect for stages, clubs, and outdoor events with DMX\/wireless control and multi-effects!","_seopress_robots_index":""},"product_brand":[],"product_cat":[267,403],"product_tag":[178,174,177,79],"class_list":{"0":"post-12667","1":"product","2":"type-product","3":"status-publish","4":"has-post-thumbnail","6":"product_cat-led-strobe-light","7":"product_cat-product","8":"product_tag-art-net-led-bar-light","9":"product_tag-led-bar-light","10":"product_tag-led-bar-light-pixel-controlled","11":"product_tag-stage-lighting","13":"first","14":"instock","15":"shipping-taxable","16":"product-type-simple"},"acf":[],"_links":{"self":[{"href":"https:\/\/aolait.com\/pt\/wp-json\/wp\/v2\/product\/12667","targetHints":{"allow":["GET"]}}],"collection":[{"href":"https:\/\/aolait.com\/pt\/wp-json\/wp\/v2\/product"}],"about":[{"href":"https:\/\/aolait.com\/pt\/wp-json\/wp\/v2\/types\/product"}],"replies":[{"embeddable":true,"href":"https:\/\/aolait.com\/pt\/wp-json\/wp\/v2\/comments?post=12667"}],"wp:featuredmedia":[{"embeddable":true,"href":"https:\/\/aolait.com\/pt\/wp-json\/wp\/v2\/media\/13055"}],"wp:attachment":[{"href":"https:\/\/aolait.com\/pt\/wp-json\/wp\/v2\/media?parent=12667"}],"wp:term":[{"taxonomy":"product_brand","embeddable":true,"href":"https:\/\/aolait.com\/pt\/wp-json\/wp\/v2\/product_brand?post=12667"},{"taxonomy":"product_cat","embeddable":true,"href":"https:\/\/aolait.com\/pt\/wp-json\/wp\/v2\/product_cat?post=12667"},{"taxonomy":"product_tag","embeddable":true,"href":"https:\/\/aolait.com\/pt\/wp-json\/wp\/v2\/product_tag?post=12667"}],"curies":[{"name":"wp","href":"https:\/\/api.w.org\/{rel}","templated":true}]}}