{"id":1320,"date":"2020-11-05T14:31:58","date_gmt":"2020-11-05T06:31:58","guid":{"rendered":"https:\/\/aolait.com\/?post_type=product&#038;p=1320"},"modified":"2025-10-21T19:03:59","modified_gmt":"2025-10-21T11:03:59","slug":"18x18w-led-par-indoor","status":"publish","type":"product","link":"https:\/\/aolait.com\/pt\/produto\/18x18w-led-par-interior\/","title":{"rendered":"18x18W Led Par Interior"},"content":{"rendered":"<p>Tens\u00e3o: AC100-240V 50\/60Hz<\/p>\n<p>Pot\u00eancia: 200W<\/p>\n<p>Fonte de luz: 18PCS 12W LED RGBW 4 em 1 (Opcional 5 em 1\/ 6 em 1)<\/p>\n<p>Vida \u00fatil: 6000-10000 horas<\/p>\n<p>Cor: RGBW misto (RGBWA ou RGBWA+UV) opcional com uma variedade de cores brilhantes<\/p>\n<p>Estrobosc\u00f3pio: Velocidade estrobosc\u00f3pica ajust\u00e1vel<\/p>\n<p>Modo de controlo: Padr\u00e3o DMX 512\/master-salve\/auto<\/p>\n<p>Canal DMX: 8 canais<\/p>\n<p>Arrefecimento: Arrefecimento por ventoinha<\/p>\n<p>Prote\u00e7\u00e3o t\u00e9rmica<\/p>\n<p>Material: Liga de alum\u00ednio<\/p>\n<p>Temperatura de trabalho:-20\u2103-40\u2103<\/p>\n<p>Carater\u00edsticas: Elevada luminosidade, longa dura\u00e7\u00e3o da fonte de luz, elevado desempenho de seguran\u00e7a<\/p>\n<p>Grau IP: IP20<\/p>\n<p>Tamanho: 330*300*240 mm<\/p>\n<p>Peso l\u00edquido: 3,5 KG<\/p>\n<p><iframe src=\"https:\/\/www.youtube.com\/embed\/nUkB4ZY7Gcs\" width=\"560\" height=\"315\" frameborder=\"0\" allowfullscreen=\"allowfullscreen\"><\/iframe><\/p>","protected":false},"excerpt":{"rendered":"<p>AL1018P um candeeiro par LED para interior com corpo leve, sem cintila\u00e7\u00e3o<\/p>\n<p>Excelente mistura infinita de cores 12W (RGBW), 15W (RGBWA), 18W (RGBWA+UV) \u00e9 opcional.<\/p>\n<p>&nbsp;<\/p>","protected":false},"featured_media":11971,"comment_status":"open","ping_status":"closed","template":"","meta":{"_acf_changed":false,"_seopress_robots_primary_cat":"none","_seopress_titles_title":"","_seopress_titles_desc":"","_seopress_robots_index":""},"product_brand":[],"product_cat":[35,403],"product_tag":[127,128,122,130],"class_list":{"0":"post-1320","1":"product","2":"type-product","3":"status-publish","4":"has-post-thumbnail","6":"product_cat-led-par-light","7":"product_cat-product","8":"product_tag-18x12w-15w-18w-led-par","9":"product_tag-led-par-indoor","10":"product_tag-rgbw-led-par","11":"product_tag-super-brightness-led-par","13":"first","14":"instock","15":"shipping-taxable","16":"product-type-simple"},"acf":[],"_links":{"self":[{"href":"https:\/\/aolait.com\/pt\/wp-json\/wp\/v2\/product\/1320","targetHints":{"allow":["GET"]}}],"collection":[{"href":"https:\/\/aolait.com\/pt\/wp-json\/wp\/v2\/product"}],"about":[{"href":"https:\/\/aolait.com\/pt\/wp-json\/wp\/v2\/types\/product"}],"replies":[{"embeddable":true,"href":"https:\/\/aolait.com\/pt\/wp-json\/wp\/v2\/comments?post=1320"}],"wp:featuredmedia":[{"embeddable":true,"href":"https:\/\/aolait.com\/pt\/wp-json\/wp\/v2\/media\/11971"}],"wp:attachment":[{"href":"https:\/\/aolait.com\/pt\/wp-json\/wp\/v2\/media?parent=1320"}],"wp:term":[{"taxonomy":"product_brand","embeddable":true,"href":"https:\/\/aolait.com\/pt\/wp-json\/wp\/v2\/product_brand?post=1320"},{"taxonomy":"product_cat","embeddable":true,"href":"https:\/\/aolait.com\/pt\/wp-json\/wp\/v2\/product_cat?post=1320"},{"taxonomy":"product_tag","embeddable":true,"href":"https:\/\/aolait.com\/pt\/wp-json\/wp\/v2\/product_tag?post=1320"}],"curies":[{"name":"wp","href":"https:\/\/api.w.org\/{rel}","templated":true}]}}