{"id":1374,"date":"2020-11-05T16:39:48","date_gmt":"2020-11-05T08:39:48","guid":{"rendered":"https:\/\/aolait.com\/?post_type=product&#038;p=1374"},"modified":"2025-10-21T19:03:59","modified_gmt":"2025-10-21T11:03:59","slug":"18x12w-led-slim-par-indoor","status":"publish","type":"product","link":"https:\/\/aolait.com\/pt\/produto\/18x12w-led-slim-par-indoor\/","title":{"rendered":"18x12W Led Slim Par Interior"},"content":{"rendered":"<p>Tens\u00e3o: AC100-240V 50\/60Hz<\/p>\n<p>Pot\u00eancia: 150W<\/p>\n<p>Fonte de luz: 18PCS 12W LED RGBW 4 em 1 (Opcional 5 em 1\/ 6 em 1)<\/p>\n<p>Vida \u00fatil: 6000-10000 horas<\/p>\n<p>Estrobosc\u00f3pio: Efeito de cada variedade de estrobosc\u00f3pio<\/p>\n<p>Regulador de intensidade: Fun\u00e7\u00e3o de regula\u00e7\u00e3o suave 0-100%<\/p>\n<p>Modelos de controlo: Padr\u00e3o DMX 512\/master-salve\/som<\/p>\n<p>Canal DMX: 4\/8 canais<\/p>\n<p>Arrefecimento: Arrefecimento por ventoinha<\/p>\n<p>Material: Liga de alum\u00ednio<\/p>\n<p>Grau IP: IP20<\/p>\n<p>Tamanho: 278*271*123 mm<\/p>\n<p>Peso l\u00edquido: 2,5 KG<\/p>\n<p><iframe src=\"https:\/\/www.youtube.com\/embed\/g3uQXxcCCEw\" width=\"560\" height=\"315\" frameborder=\"0\" allowfullscreen=\"allowfullscreen\"><\/iframe><\/p>","protected":false},"excerpt":{"rendered":"<p>AL1018S Esta \u00e9 uma nova luz par LED para interior com um corpo fino, mestre-escravo, aut\u00f3nomo, com som ativo e sem cintila\u00e7\u00e3o.<\/p>\n<p>Dissipa\u00e7\u00e3o de calor silenciosa, longo volume de ar e longa vida \u00fatil, design inteligente de dissipa\u00e7\u00e3o de calor para que a lumin\u00e1ria possa obter um efeito eficaz de dissipa\u00e7\u00e3o de calor durante o uso, bonito e dur\u00e1vel, e prolongar a vida \u00fatil da lumin\u00e1ria.<\/p>","protected":false},"featured_media":11973,"comment_status":"open","ping_status":"closed","template":"","meta":{"_acf_changed":false,"_seopress_robots_primary_cat":"none","_seopress_titles_title":"","_seopress_titles_desc":"","_seopress_robots_index":""},"product_brand":[],"product_cat":[35,403],"product_tag":[132,133,131,122],"class_list":{"0":"post-1374","1":"product","2":"type-product","3":"status-publish","4":"has-post-thumbnail","6":"product_cat-led-par-light","7":"product_cat-product","8":"product_tag-18x12w-15w-18w-led-slim-par","9":"product_tag-led-flat-light","10":"product_tag-led-slim-par-light","11":"product_tag-rgbw-led-par","13":"first","14":"instock","15":"shipping-taxable","16":"product-type-simple"},"acf":[],"_links":{"self":[{"href":"https:\/\/aolait.com\/pt\/wp-json\/wp\/v2\/product\/1374","targetHints":{"allow":["GET"]}}],"collection":[{"href":"https:\/\/aolait.com\/pt\/wp-json\/wp\/v2\/product"}],"about":[{"href":"https:\/\/aolait.com\/pt\/wp-json\/wp\/v2\/types\/product"}],"replies":[{"embeddable":true,"href":"https:\/\/aolait.com\/pt\/wp-json\/wp\/v2\/comments?post=1374"}],"wp:featuredmedia":[{"embeddable":true,"href":"https:\/\/aolait.com\/pt\/wp-json\/wp\/v2\/media\/11973"}],"wp:attachment":[{"href":"https:\/\/aolait.com\/pt\/wp-json\/wp\/v2\/media?parent=1374"}],"wp:term":[{"taxonomy":"product_brand","embeddable":true,"href":"https:\/\/aolait.com\/pt\/wp-json\/wp\/v2\/product_brand?post=1374"},{"taxonomy":"product_cat","embeddable":true,"href":"https:\/\/aolait.com\/pt\/wp-json\/wp\/v2\/product_cat?post=1374"},{"taxonomy":"product_tag","embeddable":true,"href":"https:\/\/aolait.com\/pt\/wp-json\/wp\/v2\/product_tag?post=1374"}],"curies":[{"name":"wp","href":"https:\/\/api.w.org\/{rel}","templated":true}]}}