{"id":1389,"date":"2020-11-05T16:58:44","date_gmt":"2020-11-05T08:58:44","guid":{"rendered":"https:\/\/aolait.com\/?post_type=product&#038;p=1389"},"modified":"2025-12-08T13:57:05","modified_gmt":"2025-12-08T05:57:05","slug":"24x10w-led-slim-par-waterproof","status":"publish","type":"product","link":"https:\/\/aolait.com\/pt\/produto\/24x10w-led-slim-par-a-prova-de-agua\/","title":{"rendered":"24x10W Led Slim Par \u00e0 prova de \u00e1gua"},"content":{"rendered":"<p>Tens\u00e3o: AC100 -240V 50\/60Hz<\/p>\n<p>Pot\u00eancia: 200W<\/p>\n<p>Fonte de luz: 24pcs 10W 4 em 1 (RGBW) Led de alto brilho<\/p>\n<p>\u00c2ngulo: 25\u00b0 ou 45\u00b0<\/p>\n<p>Cor: mistura de cores infinita<\/p>\n<p>Canal de controlo: 8CH<\/p>\n<p>Modo de controlo: DMX512, modo mestre\/escravo, controlo de som<\/p>\n<p>IP65<\/p>\n<p>Tamanho: 280*140*310mm<\/p>\n<p>N.W: 5.25kgs<\/p>\n<p><iframe src=\"https:\/\/www.youtube.com\/embed\/e4WytxRu3wA\" width=\"560\" height=\"315\" frameborder=\"0\" allowfullscreen=\"allowfullscreen\"><\/iframe><\/p>","protected":false},"excerpt":{"rendered":"<p>A AL1024SP \u00e9 uma das mais recentes s\u00e9ries slim par \u00e0 prova de \u00e1gua.<\/p>\n<p>Com um design de corpo estritamente \u00e0 prova de \u00e1gua, 24PCS LEDs RGBW de alto brilho, mistura de cores infinita.<\/p>\n<p>Muito boa fun\u00e7\u00e3o de lavagem para grandes espect\u00e1culos, eventos e concertos ao ar livre.<\/p>","protected":false},"featured_media":14094,"comment_status":"open","ping_status":"closed","template":"","meta":{"_acf_changed":true,"_seopress_robots_primary_cat":"none","_seopress_titles_title":"","_seopress_titles_desc":"","_seopress_robots_index":""},"product_brand":[],"product_cat":[35,403],"product_tag":[115,134,122,124],"class_list":{"0":"post-1389","1":"product","2":"type-product","3":"status-publish","4":"has-post-thumbnail","6":"product_cat-led-par-light","7":"product_cat-product","8":"product_tag-led-par-waterproof","9":"product_tag-led-slim-par-light-outdoor","10":"product_tag-rgbw-led-par","11":"product_tag-slim-par-waterproof","13":"first","14":"instock","15":"shipping-taxable","16":"product-type-simple"},"acf":[],"_links":{"self":[{"href":"https:\/\/aolait.com\/pt\/wp-json\/wp\/v2\/product\/1389","targetHints":{"allow":["GET"]}}],"collection":[{"href":"https:\/\/aolait.com\/pt\/wp-json\/wp\/v2\/product"}],"about":[{"href":"https:\/\/aolait.com\/pt\/wp-json\/wp\/v2\/types\/product"}],"replies":[{"embeddable":true,"href":"https:\/\/aolait.com\/pt\/wp-json\/wp\/v2\/comments?post=1389"}],"wp:featuredmedia":[{"embeddable":true,"href":"https:\/\/aolait.com\/pt\/wp-json\/wp\/v2\/media\/14094"}],"wp:attachment":[{"href":"https:\/\/aolait.com\/pt\/wp-json\/wp\/v2\/media?parent=1389"}],"wp:term":[{"taxonomy":"product_brand","embeddable":true,"href":"https:\/\/aolait.com\/pt\/wp-json\/wp\/v2\/product_brand?post=1389"},{"taxonomy":"product_cat","embeddable":true,"href":"https:\/\/aolait.com\/pt\/wp-json\/wp\/v2\/product_cat?post=1389"},{"taxonomy":"product_tag","embeddable":true,"href":"https:\/\/aolait.com\/pt\/wp-json\/wp\/v2\/product_tag?post=1389"}],"curies":[{"name":"wp","href":"https:\/\/api.w.org\/{rel}","templated":true}]}}