{"id":1484,"date":"2020-11-06T10:53:33","date_gmt":"2020-11-06T02:53:33","guid":{"rendered":"https:\/\/aolait.com\/?post_type=product&#038;p=1484"},"modified":"2025-12-08T13:50:30","modified_gmt":"2025-12-08T05:50:30","slug":"54x3w-led-par-indoor","status":"publish","type":"product","link":"https:\/\/aolait.com\/pt\/produto\/54x3w-led-par-interior\/","title":{"rendered":"54x3W Led Par Interior"},"content":{"rendered":"<p>Tens\u00e3o: AC90V-260V 50\/60Hz<\/p>\n<p>Consumo de energia: 200W@220V<\/p>\n<p>Fonte de luz: 54X3W Led<\/p>\n<p>Vida \u00fatil do LED de 60-100K horas, baixo consumo de energia<\/p>\n<p>Estrobosc\u00f3pio: 1-14\/seg, velocidade ajust\u00e1vel<\/p>\n<p>Mistura de cores RGB\/ Branco quente\/frio<\/p>\n<p>Ecr\u00e3 LED<\/p>\n<p>\u00c2ngulo\uff1a25\u2103<\/p>\n<p>Controlo:DMX 512 8 Canais\/Auto Run \/Mestre-Escravo<\/p>\n<p>Caixa: Caixa de alum\u00ednio<\/p>\n<p>IP20<\/p>\n<p>Tamanho: 330*300*240mm<\/p>\n<p>N.W: 2.8kgs<\/p>\n<p><iframe src=\"https:\/\/www.youtube.com\/embed\/NjSRoKWOKgo\" width=\"560\" height=\"315\" frameborder=\"0\" allowfullscreen=\"allowfullscreen\"><\/iframe><\/p>","protected":false},"excerpt":{"rendered":"<p>AL354P, mistura de cores RGB infinita.<\/p>\n<p>Dissipa\u00e7\u00e3o de calor silenciosa, garante a vida \u00fatil e a estabilidade; L\u00e2mpada LED de pot\u00eancia super brilhante; Design exclusivo do sistema de ilumina\u00e7\u00e3o, ponto de cor uniforme; Sem cintila\u00e7\u00e3o<\/p>\n<p>Baixo ru\u00eddo, a melhor op\u00e7\u00e3o para est\u00e1dios e esta\u00e7\u00f5es de televis\u00e3o.<\/p>\n<p>&nbsp;<\/p>","protected":false},"featured_media":14084,"comment_status":"open","ping_status":"closed","template":"","meta":{"_acf_changed":true,"_seopress_robots_primary_cat":"none","_seopress_titles_title":"","_seopress_titles_desc":"","_seopress_robots_index":""},"product_brand":[],"product_cat":[35,403],"product_tag":[135,128,137],"class_list":{"0":"post-1484","1":"product","2":"type-product","3":"status-publish","4":"has-post-thumbnail","6":"product_cat-led-par-light","7":"product_cat-product","8":"product_tag-54x3w-led-par","9":"product_tag-led-par-indoor","10":"product_tag-led-par-rgb","12":"first","13":"instock","14":"shipping-taxable","15":"product-type-simple"},"acf":[],"_links":{"self":[{"href":"https:\/\/aolait.com\/pt\/wp-json\/wp\/v2\/product\/1484","targetHints":{"allow":["GET"]}}],"collection":[{"href":"https:\/\/aolait.com\/pt\/wp-json\/wp\/v2\/product"}],"about":[{"href":"https:\/\/aolait.com\/pt\/wp-json\/wp\/v2\/types\/product"}],"replies":[{"embeddable":true,"href":"https:\/\/aolait.com\/pt\/wp-json\/wp\/v2\/comments?post=1484"}],"wp:featuredmedia":[{"embeddable":true,"href":"https:\/\/aolait.com\/pt\/wp-json\/wp\/v2\/media\/14084"}],"wp:attachment":[{"href":"https:\/\/aolait.com\/pt\/wp-json\/wp\/v2\/media?parent=1484"}],"wp:term":[{"taxonomy":"product_brand","embeddable":true,"href":"https:\/\/aolait.com\/pt\/wp-json\/wp\/v2\/product_brand?post=1484"},{"taxonomy":"product_cat","embeddable":true,"href":"https:\/\/aolait.com\/pt\/wp-json\/wp\/v2\/product_cat?post=1484"},{"taxonomy":"product_tag","embeddable":true,"href":"https:\/\/aolait.com\/pt\/wp-json\/wp\/v2\/product_tag?post=1484"}],"curies":[{"name":"wp","href":"https:\/\/api.w.org\/{rel}","templated":true}]}}