{"id":1512,"date":"2020-11-06T14:20:35","date_gmt":"2020-11-06T06:20:35","guid":{"rendered":"https:\/\/aolait.com\/?post_type=product&#038;p=1512"},"modified":"2025-10-21T19:03:59","modified_gmt":"2025-10-21T11:03:59","slug":"200w-300w-cob-rgbw-warm-cold-white-with-zoom","status":"publish","type":"product","link":"https:\/\/aolait.com\/pt\/produto\/200w-300w-cob-rgbw-branco-frio-quente-com-zoom\/","title":{"rendered":"200W\/300W COB RGBW\/Branco quente\/frio com zoom"},"content":{"rendered":"<p>Tens\u00e3o: AC100-230V 50-60HZ<\/p>\n<p>Pot\u00eancia nominal: 200W \/ 300W<\/p>\n<p>Fonte de luz: importada 200W \/ 300W<\/p>\n<p>Materiais \u00f3pticos: lente + refletor<\/p>\n<p>Temperatura da cor: 3200K \/ 5600K\/RGBW 4em1<\/p>\n<p>Vida \u00fatil da l\u00e2mpada: 50000h<\/p>\n<p>Regula\u00e7\u00e3o linear da intensidade luminosa: 0-100%<\/p>\n<p>Estrobosc\u00f3pio de alta velocidade: estrobosc\u00f3pio eletr\u00f3nico independente, 1-25HZ<\/p>\n<p>\u00c2ngulo de zoom: 15 \u00b0 -60 \u00b0<\/p>\n<p>Controlo: DMX512, cabo de sinal de 3 n\u00facleos<\/p>\n<p>Ambiente de trabalho::-20 \u2103 -50 \u2103<\/p>\n<p>Tamanho: 394*393*245mm<\/p>\n<p><iframe src=\"https:\/\/www.youtube.com\/embed\/3d_1N5g7KNw\" width=\"560\" height=\"315\" frameborder=\"0\" allowfullscreen=\"allowfullscreen\"><\/iframe><\/p>","protected":false},"excerpt":{"rendered":"<p>O corpo leve da AL200CZ equipa um Led de alta luminosidade de 200\/300w e um grande zoom de 15-60\u00b0.<\/p>\n<p>Fonte de luz: 200W \/ 300W 3200K \/ 5600K<\/p>\n<p>200W \/ 300W RGBW 4 em 1 (opcional)<\/p>","protected":false},"featured_media":11982,"comment_status":"open","ping_status":"closed","template":"","meta":{"_acf_changed":false,"_seopress_robots_primary_cat":"none","_seopress_titles_title":"","_seopress_titles_desc":"","_seopress_robots_index":""},"product_brand":[],"product_cat":[35,403],"product_tag":[142,140,144,143],"class_list":{"0":"post-1512","1":"product","2":"type-product","3":"status-publish","4":"has-post-thumbnail","6":"product_cat-led-par-light","7":"product_cat-product","8":"product_tag-led-cob-par-indoor","9":"product_tag-led-cob-par-rgbw","10":"product_tag-led-cob-par-warm-cold-white","11":"product_tag-led-cob-par-zoom","13":"first","14":"instock","15":"shipping-taxable","16":"product-type-simple"},"acf":[],"_links":{"self":[{"href":"https:\/\/aolait.com\/pt\/wp-json\/wp\/v2\/product\/1512","targetHints":{"allow":["GET"]}}],"collection":[{"href":"https:\/\/aolait.com\/pt\/wp-json\/wp\/v2\/product"}],"about":[{"href":"https:\/\/aolait.com\/pt\/wp-json\/wp\/v2\/types\/product"}],"replies":[{"embeddable":true,"href":"https:\/\/aolait.com\/pt\/wp-json\/wp\/v2\/comments?post=1512"}],"wp:featuredmedia":[{"embeddable":true,"href":"https:\/\/aolait.com\/pt\/wp-json\/wp\/v2\/media\/11982"}],"wp:attachment":[{"href":"https:\/\/aolait.com\/pt\/wp-json\/wp\/v2\/media?parent=1512"}],"wp:term":[{"taxonomy":"product_brand","embeddable":true,"href":"https:\/\/aolait.com\/pt\/wp-json\/wp\/v2\/product_brand?post=1512"},{"taxonomy":"product_cat","embeddable":true,"href":"https:\/\/aolait.com\/pt\/wp-json\/wp\/v2\/product_cat?post=1512"},{"taxonomy":"product_tag","embeddable":true,"href":"https:\/\/aolait.com\/pt\/wp-json\/wp\/v2\/product_tag?post=1512"}],"curies":[{"name":"wp","href":"https:\/\/api.w.org\/{rel}","templated":true}]}}