{"id":1517,"date":"2020-11-06T15:03:19","date_gmt":"2020-11-06T07:03:19","guid":{"rendered":"https:\/\/aolait.com\/?post_type=product&#038;p=1517"},"modified":"2025-10-21T19:03:59","modified_gmt":"2025-10-21T11:03:59","slug":"6-head-laser-moving-head-bar","status":"publish","type":"product","link":"https:\/\/aolait.com\/pt\/produto\/barra-de-cabeca-movel-para-laser-de-6-cabecas\/","title":{"rendered":"Barra de cabe\u00e7a m\u00f3vel para laser de 6 cabe\u00e7as"},"content":{"rendered":"<p>Tens\u00e3o: AC100-240V 50\/60HZ<\/p>\n<p>Pot\u00eancia: 180W<\/p>\n<p>Fonte de luz: Vermelho-500mW*2+ Verde-100mW*2+ Azul-500mW*2<\/p>\n<p>Green-100mW* \/Red-500mW*6\/Blue-500mW*6<\/p>\n<p>Sistema de scanner: Motor de passo<\/p>\n<p>Movimento: \u00c2ngulo de rota\u00e7\u00e3o do eixo Y: 0-240\u00b0, \u00e2ngulo de rota\u00e7\u00e3o do eixo Z: 0-140\u00b0<\/p>\n<p>Modo de controlo: Padr\u00e3o DMX 512\/master-salve\/som\/auto<\/p>\n<p>Canais DMX: 11\/23\/30 canais<\/p>\n<p>Sistema de arrefecimento: Sistema de arrefecimento por ar for\u00e7ado<\/p>\n<p>Temperatura de trabalho: 0\u2103-35\u2103<\/p>\n<p>Grau IP: IP20<\/p>\n<p>Tamanho: 1005*465*325 mm<\/p>\n<p>Peso l\u00edquido: 9,5 KG<\/p>\n<p><iframe src=\"https:\/\/www.youtube.com\/embed\/0NoVgREvc0A\" width=\"560\" height=\"315\" frameborder=\"0\" allowfullscreen=\"allowfullscreen\"><\/iframe><\/p>","protected":false},"excerpt":{"rendered":"<p>Barra de cabe\u00e7a m\u00f3vel laser AL0006L. \u00c2ngulo de rota\u00e7\u00e3o do eixo Y: 0-240\u00b0 \u00c2ngulo de rota\u00e7\u00e3o do eixo Z: 0-140\u00b0<\/p>\n<p>O efeito \u00fanico, impacto visual para os eventos, adequado para qualquer espet\u00e1culo no interior e no exterior,<\/p>","protected":false},"featured_media":11886,"comment_status":"open","ping_status":"closed","template":"","meta":{"_acf_changed":false,"_seopress_robots_primary_cat":"none","_seopress_titles_title":"","_seopress_titles_desc":"","_seopress_robots_index":""},"product_brand":[],"product_cat":[28,403],"product_tag":[148,146,147,145],"class_list":{"0":"post-1517","1":"product","2":"type-product","3":"status-publish","4":"has-post-thumbnail","6":"product_cat-led-wash-moving-head","7":"product_cat-product","8":"product_tag-laser-disco-lights","9":"product_tag-laser-moving-head","10":"product_tag-rgb-laser-moving-head","11":"product_tag-stage-lighting-laser","13":"first","14":"instock","15":"shipping-taxable","16":"product-type-simple"},"acf":[],"_links":{"self":[{"href":"https:\/\/aolait.com\/pt\/wp-json\/wp\/v2\/product\/1517","targetHints":{"allow":["GET"]}}],"collection":[{"href":"https:\/\/aolait.com\/pt\/wp-json\/wp\/v2\/product"}],"about":[{"href":"https:\/\/aolait.com\/pt\/wp-json\/wp\/v2\/types\/product"}],"replies":[{"embeddable":true,"href":"https:\/\/aolait.com\/pt\/wp-json\/wp\/v2\/comments?post=1517"}],"wp:featuredmedia":[{"embeddable":true,"href":"https:\/\/aolait.com\/pt\/wp-json\/wp\/v2\/media\/11886"}],"wp:attachment":[{"href":"https:\/\/aolait.com\/pt\/wp-json\/wp\/v2\/media?parent=1517"}],"wp:term":[{"taxonomy":"product_brand","embeddable":true,"href":"https:\/\/aolait.com\/pt\/wp-json\/wp\/v2\/product_brand?post=1517"},{"taxonomy":"product_cat","embeddable":true,"href":"https:\/\/aolait.com\/pt\/wp-json\/wp\/v2\/product_cat?post=1517"},{"taxonomy":"product_tag","embeddable":true,"href":"https:\/\/aolait.com\/pt\/wp-json\/wp\/v2\/product_tag?post=1517"}],"curies":[{"name":"wp","href":"https:\/\/api.w.org\/{rel}","templated":true}]}}