{"id":1522,"date":"2020-11-06T15:20:36","date_gmt":"2020-11-06T07:20:36","guid":{"rendered":"https:\/\/aolait.com\/?post_type=product&#038;p=1522"},"modified":"2025-10-21T19:03:59","modified_gmt":"2025-10-21T11:03:59","slug":"300w-led-follow-spot","status":"publish","type":"product","link":"https:\/\/aolait.com\/pt\/produto\/300w-led-follow-spot\/","title":{"rendered":"Refletor LED de 300W"},"content":{"rendered":"<p>Tens\u00e3o: AC100-240V 50\/60Hz<\/p>\n<p>Pot\u00eancia: 550W<\/p>\n<p>Fonte de luz: L\u00e2mpada LED branca de 300W<\/p>\n<p>Temperatura de cor: 7500K<\/p>\n<p>Placa de cores: 1 roda de cores, 5 cores+ aberto<\/p>\n<p>Temperatura ajust\u00e1vel: 5800K\/4600K\/3200K<\/p>\n<p>\u00cdris: \u00cdris linear 5-100%<\/p>\n<p>Focagem: focagem manual<\/p>\n<p>Dist\u00e2ncia efectiva de proje\u00e7\u00e3o: 300 metros<\/p>\n<p>Regulador de intensidade: 0-100% regula\u00e7\u00e3o linear<\/p>\n<p>Modelos de controlo: DMX512 padr\u00e3o\/painel de controlo\/fader de controlo inferior<\/p>\n<p>Temperatura de trabalho: -20\u2103-40\u2103<\/p>\n<p>Grau IP: IP20<\/p>\n<p>Tamanho: 560*280*220 mm<\/p>\n<p>Peso l\u00edquido: 14 KG (sem suporte)<\/p>\n<p><iframe src=\"https:\/\/www.youtube.com\/embed\/LO6HP4sqevY\" width=\"560\" height=\"315\" frameborder=\"0\" allowfullscreen=\"allowfullscreen\"><\/iframe><\/p>","protected":false},"excerpt":{"rendered":"<p>AL300FS. Trata-se de uma nova tecnologia de projetor de seguimento. Equipado com uma fonte de l\u00e2mpada Led branca de 300W de alta pot\u00eancia, produz um super efeito para o palco.<\/p>\n<p>\u00c9 compacto e mais leve, e produz tanto brilho para o palco que \u00e9 um substituto perfeito para o tradicional followspot de l\u00e2mpada de descarga de 2500W.<\/p>","protected":false},"featured_media":11894,"comment_status":"open","ping_status":"closed","template":"","meta":{"_acf_changed":false,"_seopress_robots_primary_cat":"none","_seopress_titles_title":"","_seopress_titles_desc":"","_seopress_robots_index":""},"product_brand":[],"product_cat":[41,403],"product_tag":[150,149],"class_list":{"0":"post-1522","1":"product","2":"type-product","3":"status-publish","4":"has-post-thumbnail","6":"product_cat-led-studio-light","7":"product_cat-product","8":"product_tag-300w-led-follow-spot","9":"product_tag-led-follow-spot","11":"first","12":"instock","13":"shipping-taxable","14":"product-type-simple"},"acf":[],"_links":{"self":[{"href":"https:\/\/aolait.com\/pt\/wp-json\/wp\/v2\/product\/1522","targetHints":{"allow":["GET"]}}],"collection":[{"href":"https:\/\/aolait.com\/pt\/wp-json\/wp\/v2\/product"}],"about":[{"href":"https:\/\/aolait.com\/pt\/wp-json\/wp\/v2\/types\/product"}],"replies":[{"embeddable":true,"href":"https:\/\/aolait.com\/pt\/wp-json\/wp\/v2\/comments?post=1522"}],"wp:featuredmedia":[{"embeddable":true,"href":"https:\/\/aolait.com\/pt\/wp-json\/wp\/v2\/media\/11894"}],"wp:attachment":[{"href":"https:\/\/aolait.com\/pt\/wp-json\/wp\/v2\/media?parent=1522"}],"wp:term":[{"taxonomy":"product_brand","embeddable":true,"href":"https:\/\/aolait.com\/pt\/wp-json\/wp\/v2\/product_brand?post=1522"},{"taxonomy":"product_cat","embeddable":true,"href":"https:\/\/aolait.com\/pt\/wp-json\/wp\/v2\/product_cat?post=1522"},{"taxonomy":"product_tag","embeddable":true,"href":"https:\/\/aolait.com\/pt\/wp-json\/wp\/v2\/product_tag?post=1522"}],"curies":[{"name":"wp","href":"https:\/\/api.w.org\/{rel}","templated":true}]}}