{"id":1545,"date":"2020-11-06T16:44:47","date_gmt":"2020-11-06T08:44:47","guid":{"rendered":"https:\/\/aolait.com\/?post_type=product&#038;p=1545"},"modified":"2025-10-21T19:03:59","modified_gmt":"2025-10-21T11:03:59","slug":"led-strobe-968-stormi1500cc","status":"publish","type":"product","link":"https:\/\/aolait.com\/pt\/produto\/strobe-led-968-stormi1500cc\/","title":{"rendered":"Estrobosc\u00f3pio LED 968 Stormi1500CC"},"content":{"rendered":"<p>Tens\u00e3o: AC100-240V 50\/60Hz<\/p>\n<p>Pot\u00eancia: 600W<\/p>\n<p>Fonte de luz: 968pcs 0.6W RGB LEDs<\/p>\n<p>Modelos de controlo: DMX 512 standard, canal selecion\u00e1vel, programa\u00e7\u00e3o integrada<\/p>\n<p>Canal DMX: 3\/6\/9\/18 Canais<\/p>\n<p>Modelo: STORMI 1500CC LED<\/p>\n<p>Corpo em alum\u00ednio fundido<\/p>\n<p>Grau IP: IP20<\/p>\n<p>Tamanho: 445*215*140 mm<\/p>\n<p>Peso l\u00edquido: 5,6 KG<\/p>\n<p><iframe src=\"https:\/\/www.youtube.com\/embed\/skckN8DhLZU\" width=\"560\" height=\"315\" frameborder=\"0\" allowfullscreen=\"allowfullscreen\"><\/iframe><\/p>","protected":false},"excerpt":{"rendered":"<p>AL968SP Cria cores maravilhosas com 968pcs 0.6W RGB LEDs, Mesma S\u00e9rie, 648 Led Strobe.<\/p>","protected":false},"featured_media":11897,"comment_status":"open","ping_status":"closed","template":"","meta":{"_acf_changed":false,"_seopress_robots_primary_cat":"none","_seopress_titles_title":"","_seopress_titles_desc":"","_seopress_robots_index":""},"product_brand":[],"product_cat":[267,403],"product_tag":[159,155,157,158],"class_list":{"0":"post-1545","1":"product","2":"type-product","3":"status-publish","4":"has-post-thumbnail","6":"product_cat-led-strobe-light","7":"product_cat-product","8":"product_tag-indoor-led-strobe-light","9":"product_tag-led-strobe-lights","10":"product_tag-rgb-led-strobe","11":"product_tag-strobe-stage-light","13":"first","14":"instock","15":"shipping-taxable","16":"product-type-simple"},"acf":[],"_links":{"self":[{"href":"https:\/\/aolait.com\/pt\/wp-json\/wp\/v2\/product\/1545","targetHints":{"allow":["GET"]}}],"collection":[{"href":"https:\/\/aolait.com\/pt\/wp-json\/wp\/v2\/product"}],"about":[{"href":"https:\/\/aolait.com\/pt\/wp-json\/wp\/v2\/types\/product"}],"replies":[{"embeddable":true,"href":"https:\/\/aolait.com\/pt\/wp-json\/wp\/v2\/comments?post=1545"}],"wp:featuredmedia":[{"embeddable":true,"href":"https:\/\/aolait.com\/pt\/wp-json\/wp\/v2\/media\/11897"}],"wp:attachment":[{"href":"https:\/\/aolait.com\/pt\/wp-json\/wp\/v2\/media?parent=1545"}],"wp:term":[{"taxonomy":"product_brand","embeddable":true,"href":"https:\/\/aolait.com\/pt\/wp-json\/wp\/v2\/product_brand?post=1545"},{"taxonomy":"product_cat","embeddable":true,"href":"https:\/\/aolait.com\/pt\/wp-json\/wp\/v2\/product_cat?post=1545"},{"taxonomy":"product_tag","embeddable":true,"href":"https:\/\/aolait.com\/pt\/wp-json\/wp\/v2\/product_tag?post=1545"}],"curies":[{"name":"wp","href":"https:\/\/api.w.org\/{rel}","templated":true}]}}