{"id":1557,"date":"2020-11-06T17:39:22","date_gmt":"2020-11-06T09:39:22","guid":{"rendered":"https:\/\/aolait.com\/?post_type=product&#038;p=1557"},"modified":"2025-12-04T15:11:53","modified_gmt":"2025-12-04T07:11:53","slug":"44x12w-rgbw-4in1-led-wash-waterproof-light","status":"publish","type":"product","link":"https:\/\/aolait.com\/pt\/produto\/44x12w-rgbw-4in1-led-luz-de-lavagem-a-prova-de-agua\/","title":{"rendered":"Luz LED de lavagem 44x12W RGBW 4IN1 \u00e0 prova de \u00e1gua"},"content":{"rendered":"<p>Tens\u00e3o: AC90-240V, 50\/60HZ<\/p>\n<p>Consumo de energia: 600W<\/p>\n<p>Fonte de luz: 44pcs de alta pot\u00eancia 10W RGBW 4IN1 LEDs<\/p>\n<p>Vida \u00fatil: cerca de 100 000 horas<\/p>\n<p>Cor: RGBW<\/p>\n<p>Estrobosc\u00f3pio: 1-20 vezes\/segundo<\/p>\n<p>\u00c2ngulo de feixe: 45\u00b0, (25\u00b0 opcional)<\/p>\n<p>Regulador de intensidade: 0-100% regula\u00e7\u00e3o linear<\/p>\n<p>Modo de controlo: DMX512, mestre-escravo, autom\u00e1tico<\/p>\n<p>Canal Dmx: 4\/6\/9 canais DMX<\/p>\n<p>Caixa: Alum\u00ednio fundido sob press\u00e3o, acabamento revestido a p\u00f3<\/p>\n<p>Grau IP: IP65<\/p>\n<p>Tamanho: 490*250*270mm<\/p>\n<p>N.W: 10kgs<\/p>\n<p><iframe src=\"https:\/\/www.youtube.com\/embed\/bY363BMFCZI\" width=\"560\" height=\"315\" frameborder=\"0\" allowfullscreen=\"allowfullscreen\"><\/iframe><\/p>","protected":false},"excerpt":{"rendered":"<p>O AL4410PW tem um corpo de alta densidade, grau IP 65.<\/p>\n<p>44PCS 4 in1 LEDs, mistura de cores RGBW infinita, efeito macro incorporado.<\/p>\n<p>\u00c2ngulo de feixe de 45\u00b0, opcional 25\u00b0, \u00e9 um produto nascido profissionalmente para a ilumina\u00e7\u00e3o arquitet\u00f3nica exterior.<\/p>","protected":false},"featured_media":13966,"comment_status":"open","ping_status":"closed","template":"","meta":{"_acf_changed":true,"_seopress_robots_primary_cat":"none","_seopress_titles_title":"","_seopress_titles_desc":"","_seopress_robots_index":""},"product_brand":[],"product_cat":[35,403],"product_tag":[164,165,167,166],"class_list":{"0":"post-1557","1":"product","2":"type-product","3":"status-publish","4":"has-post-thumbnail","6":"product_cat-led-par-light","7":"product_cat-product","8":"product_tag-44x12w-rgbw-led-wash","9":"product_tag-architectural-lighting","10":"product_tag-rgbw-led-wash-stage-light","11":"product_tag-super-brightness-led-washer","13":"first","14":"instock","15":"shipping-taxable","16":"product-type-simple"},"acf":[],"_links":{"self":[{"href":"https:\/\/aolait.com\/pt\/wp-json\/wp\/v2\/product\/1557","targetHints":{"allow":["GET"]}}],"collection":[{"href":"https:\/\/aolait.com\/pt\/wp-json\/wp\/v2\/product"}],"about":[{"href":"https:\/\/aolait.com\/pt\/wp-json\/wp\/v2\/types\/product"}],"replies":[{"embeddable":true,"href":"https:\/\/aolait.com\/pt\/wp-json\/wp\/v2\/comments?post=1557"}],"wp:featuredmedia":[{"embeddable":true,"href":"https:\/\/aolait.com\/pt\/wp-json\/wp\/v2\/media\/13966"}],"wp:attachment":[{"href":"https:\/\/aolait.com\/pt\/wp-json\/wp\/v2\/media?parent=1557"}],"wp:term":[{"taxonomy":"product_brand","embeddable":true,"href":"https:\/\/aolait.com\/pt\/wp-json\/wp\/v2\/product_brand?post=1557"},{"taxonomy":"product_cat","embeddable":true,"href":"https:\/\/aolait.com\/pt\/wp-json\/wp\/v2\/product_cat?post=1557"},{"taxonomy":"product_tag","embeddable":true,"href":"https:\/\/aolait.com\/pt\/wp-json\/wp\/v2\/product_tag?post=1557"}],"curies":[{"name":"wp","href":"https:\/\/api.w.org\/{rel}","templated":true}]}}