{"id":1580,"date":"2020-11-09T10:12:16","date_gmt":"2020-11-09T02:12:16","guid":{"rendered":"https:\/\/aolait.com\/?post_type=product&#038;p=1580"},"modified":"2025-10-23T17:56:08","modified_gmt":"2025-10-23T09:56:08","slug":"60x10w-rgbw-4in1-led-wash-waterproof-light","status":"publish","type":"product","link":"https:\/\/aolait.com\/pt\/produto\/60x10w-rgbw-4in1-led-luz-de-lavagem-a-prova-de-agua\/","title":{"rendered":"Luz LED de lavagem 60x10W RGBW 4IN1 \u00e0 prova de \u00e1gua"},"content":{"rendered":"<p>Tens\u00e3o: AC100-240V 50\/60Hz<\/p>\n<p>Pot\u00eancia: 600W<\/p>\n<p>Fonte de luz: 60PCS 10W RGBW 4 em 1 LED<\/p>\n<p>Vida \u00fatil: 50000H<\/p>\n<p>81500 LUX @ 1M, 12400 LUX @ 3M, 5020 LUX @ 5M<\/p>\n<p>\u00c2ngulo de feixe: 35\u00b0.<\/p>\n<p>Estrobosc\u00f3pio: 1-20 vezes\/segundo<\/p>\n<p>Modo de controlo: Padr\u00e3o DMX 512\/master-salve\/auto<\/p>\n<p>Canal DMX: 6\/8\/10 canais<\/p>\n<p>Sistema de arrefecimento por ar for\u00e7ado<\/p>\n<p>Corpo em alum\u00ednio fundido<\/p>\n<p>Entrada\/sa\u00edda do conetor XLR 3PIN \u00e0 prova de \u00e1gua<\/p>\n<p>Grau IP: IP65<\/p>\n<p>Tamanho: 560*130*330 mm<\/p>\n<p>Peso l\u00edquido: 15,5 KG<\/p>\n<p><iframe src=\"https:\/\/www.youtube.com\/embed\/wYwpqHHKS8U\" width=\"560\" height=\"315\" frameborder=\"0\" allowfullscreen=\"allowfullscreen\"><\/iframe><\/p>","protected":false},"excerpt":{"rendered":"<p>AL6610PW Led wash light, com 60*10W pe\u00e7as de LEDs.<\/p>\n<p>Mistura de cores RGBW.<\/p>\n<p>IP65 \u00e0 prova de \u00e1gua, perfeito para espect\u00e1culos interiores ou exteriores e ilumina\u00e7\u00e3o arquitet\u00f3nica.<\/p>","protected":false},"featured_media":13445,"comment_status":"open","ping_status":"closed","template":"","meta":{"_acf_changed":false,"_seopress_robots_primary_cat":"none","_seopress_titles_title":"","_seopress_titles_desc":"","_seopress_robots_index":""},"product_brand":[],"product_cat":[35,403],"product_tag":[168,165,167,166],"class_list":{"0":"post-1580","1":"product","2":"type-product","3":"status-publish","4":"has-post-thumbnail","6":"product_cat-led-par-light","7":"product_cat-product","8":"product_tag-60x12w-rgbw-led-wash","9":"product_tag-architectural-lighting","10":"product_tag-rgbw-led-wash-stage-light","11":"product_tag-super-brightness-led-washer","13":"first","14":"instock","15":"shipping-taxable","16":"product-type-simple"},"acf":[],"_links":{"self":[{"href":"https:\/\/aolait.com\/pt\/wp-json\/wp\/v2\/product\/1580","targetHints":{"allow":["GET"]}}],"collection":[{"href":"https:\/\/aolait.com\/pt\/wp-json\/wp\/v2\/product"}],"about":[{"href":"https:\/\/aolait.com\/pt\/wp-json\/wp\/v2\/types\/product"}],"replies":[{"embeddable":true,"href":"https:\/\/aolait.com\/pt\/wp-json\/wp\/v2\/comments?post=1580"}],"wp:featuredmedia":[{"embeddable":true,"href":"https:\/\/aolait.com\/pt\/wp-json\/wp\/v2\/media\/13445"}],"wp:attachment":[{"href":"https:\/\/aolait.com\/pt\/wp-json\/wp\/v2\/media?parent=1580"}],"wp:term":[{"taxonomy":"product_brand","embeddable":true,"href":"https:\/\/aolait.com\/pt\/wp-json\/wp\/v2\/product_brand?post=1580"},{"taxonomy":"product_cat","embeddable":true,"href":"https:\/\/aolait.com\/pt\/wp-json\/wp\/v2\/product_cat?post=1580"},{"taxonomy":"product_tag","embeddable":true,"href":"https:\/\/aolait.com\/pt\/wp-json\/wp\/v2\/product_tag?post=1580"}],"curies":[{"name":"wp","href":"https:\/\/api.w.org\/{rel}","templated":true}]}}