{"id":1587,"date":"2020-11-10T11:34:07","date_gmt":"2020-11-10T03:34:07","guid":{"rendered":"https:\/\/aolait.com\/?post_type=product&#038;p=1587"},"modified":"2025-10-21T19:03:58","modified_gmt":"2025-10-21T11:03:58","slug":"led-wall-washer-indoor","status":"publish","type":"product","link":"https:\/\/aolait.com\/pt\/produto\/lava-paredes-led-interior\/","title":{"rendered":"Projetor de parede LED 18x15W Pixel IP20 para interior"},"content":{"rendered":"<h3 data-start=\"1208\" data-end=\"1237\">Perfeito para cen\u00e1rios de palco, ilumina\u00e7\u00e3o arquitet\u00f3nica, decora\u00e7\u00e3o de eventos e mapeamento de pix\u00e9is. Projetor de parede LED para interior de alta pot\u00eancia com controlo de p\u00edxeis e precis\u00e3o DMX.<\/h3>\n<ul data-start=\"1239\" data-end=\"2137\">\n<li class=\"\" data-start=\"2034\" data-end=\"2137\">\n<h2 class=\"\" data-start=\"128\" data-end=\"159\">\ud83d\udee0\ufe0f Especifica\u00e7\u00f5es t\u00e9cnicas<\/h2>\n<div class=\"_tableContainer_16hzy_1\">\n<div class=\"_tableWrapper_16hzy_14 group flex w-fit flex-col-reverse\" tabindex=\"-1\">\n<table class=\"w-fit min-w-(--thread-content-width)\" data-start=\"161\" data-end=\"1500\">\n<thead data-start=\"161\" data-end=\"239\">\n<tr data-start=\"161\" data-end=\"239\">\n<th data-start=\"161\" data-end=\"186\" data-col-size=\"sm\"><strong data-start=\"163\" data-end=\"180\">Especifica\u00e7\u00e3o<\/strong><\/th>\n<th data-start=\"186\" data-end=\"239\" data-col-size=\"sm\"><strong data-start=\"188\" data-end=\"197\">Valor<\/strong><\/th>\n<\/tr>\n<\/thead>\n<tbody data-start=\"319\" data-end=\"1500\">\n<tr data-start=\"319\" data-end=\"397\">\n<td data-start=\"319\" data-end=\"344\" data-col-size=\"sm\"><strong data-start=\"321\" data-end=\"336\">Pot\u00eancia nominal<\/strong><\/td>\n<td data-col-size=\"sm\" data-start=\"344\" data-end=\"397\">300W<\/td>\n<\/tr>\n<tr data-start=\"398\" data-end=\"476\">\n<td data-start=\"398\" data-end=\"423\" data-col-size=\"sm\"><strong data-start=\"400\" data-end=\"411\">Tens\u00e3o<\/strong><\/td>\n<td data-col-size=\"sm\" data-start=\"423\" data-end=\"476\">AC100-240V, 50\/60Hz<\/td>\n<\/tr>\n<tr data-start=\"477\" data-end=\"555\">\n<td data-start=\"477\" data-end=\"502\" data-col-size=\"sm\"><strong data-start=\"479\" data-end=\"491\">Tipo de LED<\/strong><\/td>\n<td data-col-size=\"sm\" data-start=\"502\" data-end=\"555\">18x 15W 4 em 1 RGBW LEDs de alto brilho<\/td>\n<\/tr>\n<tr data-start=\"556\" data-end=\"634\">\n<td data-start=\"556\" data-end=\"581\" data-col-size=\"sm\"><strong data-start=\"558\" data-end=\"572\">\u00c2ngulo do feixe<\/strong><\/td>\n<td data-col-size=\"sm\" data-start=\"581\" data-end=\"634\">Opcional 25\u00b0 \/ 40\u00b0<\/td>\n<\/tr>\n<tr data-start=\"635\" data-end=\"712\">\n<td data-start=\"635\" data-end=\"660\" data-col-size=\"sm\"><strong data-start=\"637\" data-end=\"648\">Escurecimento<\/strong><\/td>\n<td data-col-size=\"sm\" data-start=\"660\" data-end=\"712\">0-100% Regula\u00e7\u00e3o suave da intensidade luminosa (PWM a 1KHz)<\/td>\n<\/tr>\n<tr data-start=\"713\" data-end=\"791\">\n<td data-start=\"713\" data-end=\"738\" data-col-size=\"sm\"><strong data-start=\"715\" data-end=\"736\">Protocolos de controlo<\/strong><\/td>\n<td data-col-size=\"sm\" data-start=\"738\" data-end=\"791\">DMX512 \/ Mestre-Escravo<\/td>\n<\/tr>\n<tr data-start=\"792\" data-end=\"870\">\n<td data-start=\"792\" data-end=\"817\" data-col-size=\"sm\"><strong data-start=\"794\" data-end=\"811\">Modos de canal<\/strong><\/td>\n<td data-col-size=\"sm\" data-start=\"817\" data-end=\"870\">CH6, CH9, CH29, CH77<\/td>\n<\/tr>\n<tr data-start=\"871\" data-end=\"948\">\n<td data-start=\"871\" data-end=\"896\" data-col-size=\"sm\"><strong data-start=\"873\" data-end=\"890\">Controlo de pixels<\/strong><\/td>\n<td data-col-size=\"sm\" data-start=\"896\" data-end=\"948\">Ponto \u00fanico, controlo de LED \u00fanico<\/td>\n<\/tr>\n<tr data-start=\"949\" data-end=\"1027\">\n<td data-start=\"949\" data-end=\"974\" data-col-size=\"sm\"><strong data-start=\"951\" data-end=\"972\">For\u00e7a el\u00e9ctrica<\/strong><\/td>\n<td data-col-size=\"sm\" data-start=\"974\" data-end=\"1027\">1,5KV<\/td>\n<\/tr>\n<tr data-start=\"1028\" data-end=\"1106\">\n<td data-start=\"1028\" data-end=\"1053\" data-col-size=\"sm\"><strong data-start=\"1030\" data-end=\"1053\">Temperatura de funcionamento<\/strong><\/td>\n<td data-start=\"1053\" data-end=\"1106\" data-col-size=\"sm\">-20\u00b0C a 40\u00b0C<\/td>\n<\/tr>\n<tr data-start=\"1107\" data-end=\"1185\">\n<td data-start=\"1107\" data-end=\"1132\" data-col-size=\"sm\"><strong data-start=\"1109\" data-end=\"1130\">\u00cdndice de prote\u00e7\u00e3o<\/strong><\/td>\n<td data-col-size=\"sm\" data-start=\"1132\" data-end=\"1185\">IP20 (apenas para utiliza\u00e7\u00e3o no interior)<\/td>\n<\/tr>\n<tr data-start=\"1186\" data-end=\"1263\">\n<td data-start=\"1186\" data-end=\"1211\" data-col-size=\"sm\"><strong data-start=\"1188\" data-end=\"1208\">Material da caixa<\/strong><\/td>\n<td data-col-size=\"sm\" data-start=\"1211\" data-end=\"1263\">Liga de alum\u00ednio com revestimento a p\u00f3 preto<\/td>\n<\/tr>\n<tr data-start=\"1264\" data-end=\"1342\">\n<td data-start=\"1264\" data-end=\"1289\" data-col-size=\"sm\"><strong data-start=\"1266\" data-end=\"1280\">Dimens\u00f5es<\/strong><\/td>\n<td data-col-size=\"sm\" data-start=\"1289\" data-end=\"1342\">1000 \u00d7 88 \u00d7 170 mm<\/td>\n<\/tr>\n<tr data-start=\"1343\" data-end=\"1421\">\n<td data-start=\"1343\" data-end=\"1368\" data-col-size=\"sm\"><strong data-start=\"1345\" data-end=\"1359\">Peso l\u00edquido<\/strong><\/td>\n<td data-col-size=\"sm\" data-start=\"1368\" data-end=\"1421\">5,5 kg<\/td>\n<\/tr>\n<tr data-start=\"1422\" data-end=\"1500\">\n<td data-start=\"1422\" data-end=\"1447\" data-col-size=\"sm\"><strong data-start=\"1424\" data-end=\"1447\">Tamanho da caixa de cart\u00e3o (4 unidades)<\/strong><\/td>\n<td data-col-size=\"sm\" data-start=\"1447\" data-end=\"1500\">106 \u00d7 28 \u00d7 41 cm - Peso bruto 24 kg<\/td>\n<\/tr>\n<\/tbody>\n<\/table>\n<\/div>\n<\/div>\n<\/li>\n<\/ul>\n<h2 class=\"\" data-start=\"1208\" data-end=\"1237\"><strong data-start=\"1214\" data-end=\"1237\">\ud83d\udca1 Destaques da fun\u00e7\u00e3o<\/strong><\/h2>\n<ul data-start=\"1239\" data-end=\"2137\">\n<li class=\"\" data-start=\"1239\" data-end=\"1391\">\n<p class=\"\" data-start=\"1241\" data-end=\"1391\"><strong data-start=\"1241\" data-end=\"1274\">Sa\u00edda RGBW de alto desempenho:<\/strong><br data-start=\"1274\" data-end=\"1277\" \/>Equipado com <strong data-start=\"1293\" data-end=\"1323\">18PCS 15W 4 em 1 LEDs RGBW<\/strong>Com uma luminosidade impressionante e uma mistura de cores suave, esta lumin\u00e1ria proporciona um brilho impressionante.<\/p>\n<\/li>\n<li class=\"\" data-start=\"1393\" data-end=\"1540\">\n<p class=\"\" data-start=\"1395\" data-end=\"1540\"><strong data-start=\"1395\" data-end=\"1422\">Controlo pixel a pixel:<\/strong><br data-start=\"1422\" data-end=\"1425\" \/>Cada LED \u00e9 <strong data-start=\"1439\" data-end=\"1468\">individualmente control\u00e1vel<\/strong>permitindo o mapeamento avan\u00e7ado de p\u00edxeis, persegui\u00e7\u00f5es din\u00e2micas e efeitos de gradiente.<\/p>\n<\/li>\n<li class=\"\" data-start=\"1542\" data-end=\"1639\">\n<p class=\"\" data-start=\"1544\" data-end=\"1639\"><strong data-start=\"1544\" data-end=\"1569\">V\u00e1rios \u00e2ngulos de feixe:<\/strong><br data-start=\"1569\" data-end=\"1572\" \/>Opcional <strong data-start=\"1583\" data-end=\"1609\">\u00c2ngulos de feixe de 25\u00b0 ou 40\u00b0<\/strong> para uma cobertura focalizada ou alargada.<\/p>\n<\/li>\n<li class=\"\" data-start=\"1641\" data-end=\"1787\">\n<p class=\"\" data-start=\"1643\" data-end=\"1787\"><strong data-start=\"1643\" data-end=\"1674\">Compatibilidade DMX avan\u00e7ada:<\/strong><br data-start=\"1674\" data-end=\"1677\" \/>Escolha entre <strong data-start=\"1691\" data-end=\"1717\">6\/9\/29\/77 Canais DMX<\/strong>compat\u00edvel com o protocolo DMX512 padr\u00e3o e opera\u00e7\u00e3o mestre-escravo.<\/p>\n<\/li>\n<li class=\"\" data-start=\"1789\" data-end=\"1913\">\n<p class=\"\" data-start=\"1791\" data-end=\"1913\"><strong data-start=\"1791\" data-end=\"1816\">Escurecimento profissional:<\/strong><br data-start=\"1816\" data-end=\"1819\" \/>Suave <strong data-start=\"1828\" data-end=\"1858\">Frequ\u00eancia de regula\u00e7\u00e3o da intensidade luminosa PWM de 1KHz<\/strong>perfeito para aplica\u00e7\u00f5es de c\u00e2mara e funcionamento silencioso.<\/p>\n<\/li>\n<li class=\"\" data-start=\"1915\" data-end=\"2032\">\n<p class=\"\" data-start=\"1917\" data-end=\"2032\"><strong data-start=\"1917\" data-end=\"1940\">Robusto e compacto:<\/strong><br data-start=\"1940\" data-end=\"1943\" \/>Classifica\u00e7\u00e3o interior <strong data-start=\"1958\" data-end=\"1980\">Corpo de alum\u00ednio IP20<\/strong>optimizado para instala\u00e7\u00f5es permanentes ou configura\u00e7\u00f5es m\u00f3veis.<\/p>\n<\/li>\n<li class=\"\" data-start=\"2034\" data-end=\"2137\">\n<p class=\"\" data-start=\"2036\" data-end=\"2137\"><strong data-start=\"2036\" data-end=\"2062\">Resistente \u00e0 temperatura:<\/strong><br data-start=\"2062\" data-end=\"2065\" \/>Desempenho fi\u00e1vel em <strong data-start=\"2095\" data-end=\"2110\">-20\u2103 a 40\u2103<\/strong> intervalo de temperatura ambiente.<\/p>\n<\/li>\n<\/ul>\n<h2 class=\"\" data-start=\"3542\" data-end=\"3573\">\ud83c\udfaf <strong data-start=\"3548\" data-end=\"3573\">Cen\u00e1rios de aplica\u00e7\u00e3o<\/strong><\/h2>\n<ul data-start=\"3575\" data-end=\"4059\">\n<li class=\"\" data-start=\"3575\" data-end=\"3667\">\n<p class=\"\" data-start=\"3577\" data-end=\"3667\"><strong data-start=\"3577\" data-end=\"3601\">Ilumina\u00e7\u00e3o de palco:<\/strong><br data-start=\"3601\" data-end=\"3604\" \/>Crie atmosferas de palco envolventes com efeitos de pixel.<\/p>\n<\/li>\n<li class=\"\" data-start=\"3669\" data-end=\"3767\">\n<p class=\"\" data-start=\"3671\" data-end=\"3767\"><strong data-start=\"3671\" data-end=\"3702\">Cen\u00e1rios de teatro e est\u00fadio:<\/strong><br data-start=\"3702\" data-end=\"3705\" \/>Lavagem de cor consistente e suave para paredes de palco e cortinas.<\/p>\n<\/li>\n<li class=\"\" data-start=\"3769\" data-end=\"3870\">\n<p class=\"\" data-start=\"3771\" data-end=\"3870\"><strong data-start=\"3771\" data-end=\"3797\">Decora\u00e7\u00e3o de eventos e casamentos:<\/strong><br data-start=\"3797\" data-end=\"3800\" \/>Revestir paredes e treli\u00e7as para uma lavagem ambiente ou um fluxo de cor sincronizado com o ritmo.<\/p>\n<\/li>\n<li class=\"\" data-start=\"3872\" data-end=\"3965\">\n<p class=\"\" data-start=\"3874\" data-end=\"3965\"><strong data-start=\"3874\" data-end=\"3896\">Discotecas e bares:<\/strong><br data-start=\"3896\" data-end=\"3899\" \/>Adicione efeitos lineares din\u00e2micos em paredes, cabinas de DJ ou pistas de dan\u00e7a.<\/p>\n<\/li>\n<li class=\"\" data-start=\"3967\" data-end=\"4059\">\n<p class=\"\" data-start=\"3969\" data-end=\"4059\"><strong data-start=\"3969\" data-end=\"3994\">Sotaque arquitet\u00f3nico:<\/strong><br data-start=\"3994\" data-end=\"3997\" \/>Destacar superf\u00edcies verticais, corredores ou estruturas interiores.<\/p>\n<\/li>\n<\/ul>\n<h2 class=\"\" data-start=\"3290\" data-end=\"3317\">\ud83d\udce6 <strong data-start=\"3296\" data-end=\"3317\">Op\u00e7\u00f5es de embalagem<\/strong><\/h2>\n<ul data-start=\"3319\" data-end=\"3535\">\n<li class=\"\" data-start=\"3319\" data-end=\"3427\">\n<p class=\"\" data-start=\"3321\" data-end=\"3427\"><strong data-start=\"3321\" data-end=\"3342\">Pacote padr\u00e3o:<\/strong><br data-start=\"3342\" data-end=\"3345\" \/>4 unidades por caixa<br data-start=\"3365\" data-end=\"3368\" \/>Tamanho da caixa: <strong data-start=\"3383\" data-end=\"3399\">106\u00d728\u00d741 cm<\/strong><br data-start=\"3399\" data-end=\"3402\" \/>Peso bruto: <strong data-start=\"3418\" data-end=\"3427\">24 kg<\/strong><\/p>\n<\/li>\n<\/ul>\n<p><iframe src=\"https:\/\/www.youtube.com\/embed\/GBLlm7Np-Ng\" width=\"560\" height=\"315\" frameborder=\"0\" allowfullscreen=\"allowfullscreen\"><\/iframe><\/p>\n\n\n<p><\/p>","protected":false},"excerpt":{"rendered":"<p>Projetor de parede LED para interior de 1 metro com LEDs RGBW 4 em 1 de 18x15W de alto brilho, controlo individual de p\u00edxeis e \u00e2ngulos de feixe opcionais de 25\u00b0\/40\u00b0. Suporta DMX512 e modo mestre-escravo. Ideal para concertos, teatros e instala\u00e7\u00f5es em discotecas.<\/p>","protected":false},"featured_media":13279,"comment_status":"open","ping_status":"closed","template":"","meta":{"_acf_changed":false,"_seopress_robots_primary_cat":"none","_seopress_titles_title":"18x15W LED Wall Washer Pixel \u2013 IP20 Indoor Linear Fixture","_seopress_titles_desc":"","_seopress_robots_index":""},"product_brand":[],"product_cat":[266,403],"product_tag":[171,173,172,166],"class_list":{"0":"post-1587","1":"product","2":"type-product","3":"status-publish","4":"has-post-thumbnail","6":"product_cat-led-bar-light","7":"product_cat-product","8":"product_tag-18x15w-rgbw-wall-washer","9":"product_tag-led-wall-beam-wash","10":"product_tag-led-wall-wash-bar-light","11":"product_tag-super-brightness-led-washer","13":"first","14":"instock","15":"shipping-taxable","16":"product-type-simple"},"acf":[],"_links":{"self":[{"href":"https:\/\/aolait.com\/pt\/wp-json\/wp\/v2\/product\/1587","targetHints":{"allow":["GET"]}}],"collection":[{"href":"https:\/\/aolait.com\/pt\/wp-json\/wp\/v2\/product"}],"about":[{"href":"https:\/\/aolait.com\/pt\/wp-json\/wp\/v2\/types\/product"}],"replies":[{"embeddable":true,"href":"https:\/\/aolait.com\/pt\/wp-json\/wp\/v2\/comments?post=1587"}],"wp:featuredmedia":[{"embeddable":true,"href":"https:\/\/aolait.com\/pt\/wp-json\/wp\/v2\/media\/13279"}],"wp:attachment":[{"href":"https:\/\/aolait.com\/pt\/wp-json\/wp\/v2\/media?parent=1587"}],"wp:term":[{"taxonomy":"product_brand","embeddable":true,"href":"https:\/\/aolait.com\/pt\/wp-json\/wp\/v2\/product_brand?post=1587"},{"taxonomy":"product_cat","embeddable":true,"href":"https:\/\/aolait.com\/pt\/wp-json\/wp\/v2\/product_cat?post=1587"},{"taxonomy":"product_tag","embeddable":true,"href":"https:\/\/aolait.com\/pt\/wp-json\/wp\/v2\/product_tag?post=1587"}],"curies":[{"name":"wp","href":"https:\/\/api.w.org\/{rel}","templated":true}]}}