{"id":1594,"date":"2020-11-09T11:22:42","date_gmt":"2020-11-09T03:22:42","guid":{"rendered":"https:\/\/aolait.com\/?post_type=product&#038;p=1594"},"modified":"2025-10-21T19:03:59","modified_gmt":"2025-10-21T11:03:59","slug":"led-stripe-bar-40","status":"publish","type":"product","link":"https:\/\/aolait.com\/pt\/produto\/barra-de-faixas-de-led-40\/","title":{"rendered":"Barra de faixas de leds 40"},"content":{"rendered":"<p>Tens\u00e3o: 24V DC<\/p>\n<p>Pot\u00eancia: 13w<\/p>\n<p>Fonte de luz: 40 contas de l\u00e2mpada SMD5050 de brilho ultra-elevado<\/p>\n<p>\u00c2ngulo de visualiza\u00e7\u00e3o: 120\u00b0.<\/p>\n<p>Luminosidade: um metro 20LUX<\/p>\n<p>Cor: RGB<\/p>\n<p>Matriz de pixels: 40*1<\/p>\n<p>Programa de controlo: DMX, Art-Net<\/p>\n<p>Canal Art-Net: 120<\/p>\n<p>Tamanho: 1000*35*100mm<\/p>\n<p>N.W: 1.6kgs<\/p>\n<p><iframe src=\"https:\/\/www.youtube.com\/embed\/c5DWaJZo8bE\" width=\"560\" height=\"315\" frameborder=\"0\" allowfullscreen=\"allowfullscreen\"><\/iframe><\/p>","protected":false},"excerpt":{"rendered":"<p>AL4000LB uma das mais recentes luzes de barra de led da Aolait.<\/p>\n<p>Equipado com protocolo duplo DMX-Art-net de padr\u00e3o internacional. Cada caixa de controlo pode controlar 16 barras de luz LED. Controlo de matriz 40\u00d71, controlo de pix\u00e9is.<\/p>\n<p>Sa\u00edda\/entrada de porta de rede CAT-5, inv\u00f3lucro de tipo de jun\u00e7\u00e3o.<\/p>","protected":false},"featured_media":12025,"comment_status":"open","ping_status":"closed","template":"","meta":{"_acf_changed":false,"_seopress_robots_primary_cat":"none","_seopress_titles_title":"","_seopress_titles_desc":"","_seopress_robots_index":""},"product_brand":[],"product_cat":[266,403],"product_tag":[178,174,177,79],"class_list":{"0":"post-1594","1":"product","2":"type-product","3":"status-publish","4":"has-post-thumbnail","6":"product_cat-led-bar-light","7":"product_cat-product","8":"product_tag-art-net-led-bar-light","9":"product_tag-led-bar-light","10":"product_tag-led-bar-light-pixel-controlled","11":"product_tag-stage-lighting","13":"first","14":"instock","15":"shipping-taxable","16":"product-type-simple"},"acf":[],"_links":{"self":[{"href":"https:\/\/aolait.com\/pt\/wp-json\/wp\/v2\/product\/1594","targetHints":{"allow":["GET"]}}],"collection":[{"href":"https:\/\/aolait.com\/pt\/wp-json\/wp\/v2\/product"}],"about":[{"href":"https:\/\/aolait.com\/pt\/wp-json\/wp\/v2\/types\/product"}],"replies":[{"embeddable":true,"href":"https:\/\/aolait.com\/pt\/wp-json\/wp\/v2\/comments?post=1594"}],"wp:featuredmedia":[{"embeddable":true,"href":"https:\/\/aolait.com\/pt\/wp-json\/wp\/v2\/media\/12025"}],"wp:attachment":[{"href":"https:\/\/aolait.com\/pt\/wp-json\/wp\/v2\/media?parent=1594"}],"wp:term":[{"taxonomy":"product_brand","embeddable":true,"href":"https:\/\/aolait.com\/pt\/wp-json\/wp\/v2\/product_brand?post=1594"},{"taxonomy":"product_cat","embeddable":true,"href":"https:\/\/aolait.com\/pt\/wp-json\/wp\/v2\/product_cat?post=1594"},{"taxonomy":"product_tag","embeddable":true,"href":"https:\/\/aolait.com\/pt\/wp-json\/wp\/v2\/product_tag?post=1594"}],"curies":[{"name":"wp","href":"https:\/\/api.w.org\/{rel}","templated":true}]}}