{"id":1638,"date":"2020-11-10T11:27:43","date_gmt":"2020-11-10T03:27:43","guid":{"rendered":"https:\/\/aolait.com\/?post_type=product&#038;p=1638"},"modified":"2025-10-21T19:03:58","modified_gmt":"2025-10-21T11:03:58","slug":"100w-led-fresnel","status":"publish","type":"product","link":"https:\/\/aolait.com\/pt\/produto\/100w-led-fresnel\/","title":{"rendered":"Fresnel LED de 100W"},"content":{"rendered":"<p>Tens\u00e3o: AC100-240V 50\/60HZ<\/p>\n<p>Pot\u00eancia: 130W<\/p>\n<p>Fonte de luz: \u00danica WW ou CW (100W), 100W (2em1,4em1) opcional<\/p>\n<p>Vida \u00fatil: 50000 horas<\/p>\n<p>\u00cdndice de restitui\u00e7\u00e3o de cor (CRI): Ra\u226590<\/p>\n<p>\u00c2ngulo de feixe: 15\u00b0-50\u00b0<\/p>\n<p>Regulador de intensidade: 0-100% regula\u00e7\u00e3o linear<\/p>\n<p>Modo de controlo: Padr\u00e3o DMX 512\/master-slave\/som\/auto<\/p>\n<p>Canal DMX: 1\/2CH (cor \u00fanica), 2\/5CH(2em1) , 4\/8CH(4em1)<\/p>\n<p>Barreira luminosa: Quatro folhas (fornecimento a pedido)<\/p>\n<p>Temperatura de trabalho: -20\u2103~40\u2103<\/p>\n<p>Grau IP: IP20<\/p>\n<p>Tamanho: 365*320*320 mm<\/p>\n<p>Peso l\u00edquido: 5,39 KG<\/p>","protected":false},"excerpt":{"rendered":"<p>AL100LF \u00e9 um fresnel de LED com zoom manual. \u00c2ngulo: 15\u00b0-50\u00b0<\/p>\n<p>Fonte de LED opcional simples branco quente ou branco frio ou 2 em 1 branco quente e frio ou RGBW.<\/p>","protected":false},"featured_media":11888,"comment_status":"open","ping_status":"closed","template":"","meta":{"_acf_changed":false,"_seopress_robots_primary_cat":"none","_seopress_titles_title":"","_seopress_titles_desc":"","_seopress_robots_index":""},"product_brand":[],"product_cat":[41,403],"product_tag":[183,44,185,184],"class_list":{"0":"post-1638","1":"product","2":"type-product","3":"status-publish","4":"has-post-thumbnail","6":"product_cat-led-studio-light","7":"product_cat-product","8":"product_tag-2in1-led-fresnel","9":"product_tag-led-fresnel","10":"product_tag-led-fresnel-with-zoom","11":"product_tag-rgbw-led-fresnel","13":"first","14":"instock","15":"shipping-taxable","16":"product-type-simple"},"acf":[],"_links":{"self":[{"href":"https:\/\/aolait.com\/pt\/wp-json\/wp\/v2\/product\/1638","targetHints":{"allow":["GET"]}}],"collection":[{"href":"https:\/\/aolait.com\/pt\/wp-json\/wp\/v2\/product"}],"about":[{"href":"https:\/\/aolait.com\/pt\/wp-json\/wp\/v2\/types\/product"}],"replies":[{"embeddable":true,"href":"https:\/\/aolait.com\/pt\/wp-json\/wp\/v2\/comments?post=1638"}],"wp:featuredmedia":[{"embeddable":true,"href":"https:\/\/aolait.com\/pt\/wp-json\/wp\/v2\/media\/11888"}],"wp:attachment":[{"href":"https:\/\/aolait.com\/pt\/wp-json\/wp\/v2\/media?parent=1638"}],"wp:term":[{"taxonomy":"product_brand","embeddable":true,"href":"https:\/\/aolait.com\/pt\/wp-json\/wp\/v2\/product_brand?post=1638"},{"taxonomy":"product_cat","embeddable":true,"href":"https:\/\/aolait.com\/pt\/wp-json\/wp\/v2\/product_cat?post=1638"},{"taxonomy":"product_tag","embeddable":true,"href":"https:\/\/aolait.com\/pt\/wp-json\/wp\/v2\/product_tag?post=1638"}],"curies":[{"name":"wp","href":"https:\/\/api.w.org\/{rel}","templated":true}]}}