{"id":1641,"date":"2020-11-09T15:56:05","date_gmt":"2020-11-09T07:56:05","guid":{"rendered":"https:\/\/aolait.com\/?post_type=product&#038;p=1641"},"modified":"2025-10-21T19:03:59","modified_gmt":"2025-10-21T11:03:59","slug":"200w-led-fresnel-manual-zoom-2","status":"publish","type":"product","link":"https:\/\/aolait.com\/pt\/produto\/200w-led-fresnel-manual-zoom-2\/","title":{"rendered":"Fresnel LED 200W Zoom manual"},"content":{"rendered":"<p>Tens\u00e3o: AC100-240V 50\/60Hz<\/p>\n<p>Pot\u00eancia: 200W<\/p>\n<p>Fonte de luz: Citizen 200w COB LED<\/p>\n<p>Vida \u00fatil: 50000 horas<\/p>\n<p>Lente \u00f3tica\uff1aLente \u00f3tica Fresnel de 150 mm<\/p>\n<p>Temperatura de cor: 3200K \/ 5600K<\/p>\n<p>Desvio da temperatura de cor: \u00b15%<\/p>\n<p>\u00cdndice de restitui\u00e7\u00e3o de cor (CRI): Ra=90<\/p>\n<p>\u00c2ngulo de feixe: 12\u00b0-55\u00b0<\/p>\n<p>Dimmer: 0-100% Regulador de intensidade manual<\/p>\n<p>Modelos de controlo: Padr\u00e3o DMX 512<\/p>\n<p>Frequ\u00eancia m\u00e1xima: 72m\/Hz<\/p>\n<p>Frequ\u00eancia de escurecimento: 8k\/Hz<\/p>\n<p>Canal DMX: 1\/2\/3 Canal<\/p>\n<p>Barreira de luz\uff1aQuatro folhas (fornecimento para exig\u00eancia)<\/p>\n<p>Temperatura de trabalho: -20\u2103~40\u2103<\/p>\n<p>Grau IP: IP23<\/p>\n<p>Tamanho: 360*270*427 mm<\/p>\n<p>Peso l\u00edquido: 5 KG<\/p>","protected":false},"excerpt":{"rendered":"<p>AL200LF, Fresnel Led 200W Zoom manual. com um Led Cob de 200W de alta pot\u00eancia<\/p>\n<p>A temperatura da cor \u00e9 de 3200K ou 5600K opcional. \u00c2ngulo de feixe: 12\u00b0-55\u00b0<\/p>\n<p>Pode ser personalizado com zoom DMX512.<\/p>","protected":false},"featured_media":11889,"comment_status":"open","ping_status":"closed","template":"","meta":{"_acf_changed":false,"_seopress_robots_primary_cat":"none","_seopress_titles_title":"","_seopress_titles_desc":"","_seopress_robots_index":""},"product_brand":[],"product_cat":[41,403],"product_tag":[188,187,185,186],"class_list":{"0":"post-1641","1":"product","2":"type-product","3":"status-publish","4":"has-post-thumbnail","6":"product_cat-led-studio-light","7":"product_cat-product","8":"product_tag-200w-led-fresnel","9":"product_tag-cold-white-led-fresnel","10":"product_tag-led-fresnel-with-zoom","11":"product_tag-warm-white-led-fresnel","13":"first","14":"instock","15":"shipping-taxable","16":"product-type-simple"},"acf":[],"_links":{"self":[{"href":"https:\/\/aolait.com\/pt\/wp-json\/wp\/v2\/product\/1641","targetHints":{"allow":["GET"]}}],"collection":[{"href":"https:\/\/aolait.com\/pt\/wp-json\/wp\/v2\/product"}],"about":[{"href":"https:\/\/aolait.com\/pt\/wp-json\/wp\/v2\/types\/product"}],"replies":[{"embeddable":true,"href":"https:\/\/aolait.com\/pt\/wp-json\/wp\/v2\/comments?post=1641"}],"wp:featuredmedia":[{"embeddable":true,"href":"https:\/\/aolait.com\/pt\/wp-json\/wp\/v2\/media\/11889"}],"wp:attachment":[{"href":"https:\/\/aolait.com\/pt\/wp-json\/wp\/v2\/media?parent=1641"}],"wp:term":[{"taxonomy":"product_brand","embeddable":true,"href":"https:\/\/aolait.com\/pt\/wp-json\/wp\/v2\/product_brand?post=1641"},{"taxonomy":"product_cat","embeddable":true,"href":"https:\/\/aolait.com\/pt\/wp-json\/wp\/v2\/product_cat?post=1641"},{"taxonomy":"product_tag","embeddable":true,"href":"https:\/\/aolait.com\/pt\/wp-json\/wp\/v2\/product_tag?post=1641"}],"curies":[{"name":"wp","href":"https:\/\/api.w.org\/{rel}","templated":true}]}}